{"id":9786,"date":"2024-12-16T10:38:52","date_gmt":"2024-12-16T08:38:52","guid":{"rendered":"https:\/\/riikkapontynen.com\/Fengshuisisustuskurssi\/?post_type=product&#038;p=9786"},"modified":"2026-04-02T12:06:55","modified_gmt":"2026-04-02T10:06:55","slug":"hyvanmielen-logokassi","status":"publish","type":"product","link":"https:\/\/riikkapontynen.com\/Fengshuisisustuskurssi\/tuote\/hyvanmielen-logokassi\/","title":{"rendered":"Hyv\u00e4nmielen logokassi"},"content":{"rendered":"<h5>Kassin mitat:<\/h5>\n<ul>\n<li>korkeus ilman kantohihnoja 42 cm<\/li>\n<li>kantohihnojen kokonaispituus 67 cm<\/li>\n<li>leveys 40 cm<\/li>\n<\/ul>\n<h5>Hyv\u00e4nmielen logokassin ostaminen on my\u00f6s tapa auttaa!<\/h5>\n<p><strong>Jokaisesta myydyst\u00e4 kassista lahjoitetaan 5 \u20ac hyv\u00e4ntekev\u00e4isyyteen yhdistykselle, joka tekee arvokasta ty\u00f6t\u00e4 Kuopion ja Pohjois-Savon alueella sek\u00e4 valtakunnallisesti.<\/strong><\/p>\n<p>Tilaamalla Hyv\u00e4nmielen logokassin tuet vauva- ja lapsiperheit\u00e4, joiden el\u00e4m\u00e4ntilanne on haastava esimerkiksi jaksamiseen, mielenterveyteen, eroihin, p\u00e4ihteisiin tai v\u00e4kivaltaan liittyvien syiden vuoksi. Lahjoituksesi auttaa n\u00e4it\u00e4 perheit\u00e4 siell\u00e4, miss\u00e4 apua tarvitaan eniten \u2013 olitpa sitten Kuopiosta tai muualta Suomesta.<\/p>\n<p><strong>Tilaa nyt ja kanna hyv\u00e4\u00e4 mukanasi!<\/strong><\/p>\n<p>Valitse Hyv\u00e4nmielen logokassi, kun haluat ekologisen ja tyylikk\u00e4\u00e4n kassin, joka kertoo my\u00f6s arvomaailmastasi. Kassia k\u00e4ytt\u00e4m\u00e4ll\u00e4 olet osa v\u00e4litt\u00e4v\u00e4\u00e4 yhteis\u00f6\u00e4mme. \u2764\ufe0f<\/p>\n<p><strong>Tee tilaus jo t\u00e4n\u00e4\u00e4n ja tue t\u00e4rke\u00e4\u00e4 ty\u00f6t\u00e4!<\/strong><\/p>\n<p>&nbsp;<\/p>\n","protected":false},"excerpt":{"rendered":"<p><strong>Etsitk\u00f6 kaunista ja ekologista kantokassia, jolla voit tehd\u00e4 hyv\u00e4\u00e4? <\/strong><\/p>\n<p>Fengshui Akatemian Hyv\u00e4nmielen logokassi yhdist\u00e4\u00e4 tyylin, vastuullisuuden ja auttamisen ilon. T\u00e4m\u00e4n k\u00e4yt\u00e4nn\u00f6llisen kassin ostamalla autat tuen tarpeessa olevia vauva- ja lapsiperheit\u00e4, joiden el\u00e4m\u00e4ntilanne on haastava esimerkiksi jaksamiseen, mielenterveyteen, eroihin, p\u00e4ihteisiin tai v\u00e4kivaltaan liittyvien syiden vuoksi.<\/p>\n<h5>Kassin ominaisuudet:<\/h5>\n<ul>\n<li><strong>Laadukas ja kest\u00e4v\u00e4:<\/strong> Valmistettu paksusta, ekologisesta puuvillakanvaasista, joka kest\u00e4\u00e4 k\u00e4ytt\u00f6\u00e4 ja toistuvaa pesua.<\/li>\n<li><strong>Tyylik\u00e4s:<\/strong> Ajaton valkoinen v\u00e4ri, joka sopii monenlaiseen tyyliin ja tilanteeseen.<\/li>\n<li><strong>Paikallisesti tuotettu:<\/strong> Logopainatus tehty ylpeydell\u00e4 Kuopiossa tukemaan suomalaista ty\u00f6t\u00e4.<\/li>\n<\/ul>\n<p>T\u00e4m\u00e4 monik\u00e4ytt\u00f6inen kassi on sopii loistavasti esimerkiksi seuraaviin tarkoituksiin:<br \/>\njoogakassiksi, jumppakassiksi, kirjastokassiksi, kauppakassiksi, rantakassiksi, ev\u00e4sretkikassiksi, ty\u00f6p\u00e4iv\u00e4n lis\u00e4tarvikekassiksi, k\u00e4sity\u00f6tarvikkeiden s\u00e4ilytykseen, lahjakassiksi yst\u00e4v\u00e4lle, matkalaukun lis\u00e4tarvikkeeksi, viikonloppureissulle, lasten harrastustarvikkeiden kuljetukseen, kierr\u00e4tystavaroiden viemiseen, pyykkikassiksi, ostoskassien korvikkeeksi muovipusseille \u2013 tai vaikka tyylikk\u00e4\u00e4ksi p\u00e4ivitt\u00e4iseksi olkalaukuksi.<\/p>\n<p>&nbsp;<\/p>\n","protected":false},"featured_media":9788,"comment_status":"open","ping_status":"closed","template":"","meta":{"nf_dc_page":""},"product_brand":[],"product_cat":[88],"product_tag":[99,100],"class_list":{"0":"post-9786","1":"product","2":"type-product","3":"status-publish","4":"has-post-thumbnail","6":"product_cat-hyvanmielen-ja-logotuotteet","7":"product_tag-logotuotteet","8":"product_tag-puuvillakassi","10":"first","11":"instock","12":"taxable","13":"shipping-taxable","14":"purchasable","15":"product-type-simple"},"jetpack_sharing_enabled":true,"_links":{"self":[{"href":"https:\/\/riikkapontynen.com\/Fengshuisisustuskurssi\/wp-json\/wp\/v2\/product\/9786","targetHints":{"allow":["GET"]}}],"collection":[{"href":"https:\/\/riikkapontynen.com\/Fengshuisisustuskurssi\/wp-json\/wp\/v2\/product"}],"about":[{"href":"https:\/\/riikkapontynen.com\/Fengshuisisustuskurssi\/wp-json\/wp\/v2\/types\/product"}],"replies":[{"embeddable":true,"href":"https:\/\/riikkapontynen.com\/Fengshuisisustuskurssi\/wp-json\/wp\/v2\/comments?post=9786"}],"version-history":[{"count":7,"href":"https:\/\/riikkapontynen.com\/Fengshuisisustuskurssi\/wp-json\/wp\/v2\/product\/9786\/revisions"}],"predecessor-version":[{"id":10435,"href":"https:\/\/riikkapontynen.com\/Fengshuisisustuskurssi\/wp-json\/wp\/v2\/product\/9786\/revisions\/10435"}],"wp:featuredmedia":[{"embeddable":true,"href":"https:\/\/riikkapontynen.com\/Fengshuisisustuskurssi\/wp-json\/wp\/v2\/media\/9788"}],"wp:attachment":[{"href":"https:\/\/riikkapontynen.com\/Fengshuisisustuskurssi\/wp-json\/wp\/v2\/media?parent=9786"}],"wp:term":[{"taxonomy":"product_brand","embeddable":true,"href":"https:\/\/riikkapontynen.com\/Fengshuisisustuskurssi\/wp-json\/wp\/v2\/product_brand?post=9786"},{"taxonomy":"product_cat","embeddable":true,"href":"https:\/\/riikkapontynen.com\/Fengshuisisustuskurssi\/wp-json\/wp\/v2\/product_cat?post=9786"},{"taxonomy":"product_tag","embeddable":true,"href":"https:\/\/riikkapontynen.com\/Fengshuisisustuskurssi\/wp-json\/wp\/v2\/product_tag?post=9786"}],"curies":[{"name":"wp","href":"https:\/\/api.w.org\/{rel}","templated":true}]}}