{"id":9654,"date":"2024-11-18T13:11:35","date_gmt":"2024-11-18T11:11:35","guid":{"rendered":"https:\/\/riikkapontynen.com\/Fengshuisisustuskurssi\/?post_type=product&#038;p=9654"},"modified":"2024-11-18T13:18:10","modified_gmt":"2024-11-18T11:18:10","slug":"ystavat-auttajat-video-oppitunti","status":"publish","type":"product","link":"https:\/\/riikkapontynen.com\/Fengshuisisustuskurssi\/tuote\/ystavat-auttajat-video-oppitunti\/","title":{"rendered":"Yst\u00e4v\u00e4t, auttajat video-oppitunti"},"content":{"rendered":"<h4>Fengshui video-oppitunnit sopivat sinulle, joka<\/h4>\n<ul>\n<li>olet kiinnostunut oppimaan itse tapoja lis\u00e4t\u00e4 hyvinvointiasi kotisi v\u00e4lityksell\u00e4<\/li>\n<li>haluat opiskella omassa rauhassasi kotoasi, m\u00f6kilt\u00e4si tai muualta k\u00e4sin<\/li>\n<li>kaipaat kertausta tai syv\u00e4llisemp\u00e4\u00e4 opetusta vain tiettyyn fengshuin osa-alueeseen liittyen<\/li>\n<li>toivot k\u00e4yt\u00e4nn\u00f6nl\u00e4heist\u00e4 ja selkokielist\u00e4 opetusta, jonka avulla haastavammatkin aiheet on helpompi omaksua<\/li>\n<li>haluat oppia fengshuita aihe ja teema kerrallaan ja edet\u00e4 t\u00e4ysin omassa tahdissasi, ilman kiireen tuntua<\/li>\n<li>et kiireisen el\u00e4m\u00e4ntilanteen tai muun syyn vuoksi halua sitoutua pitk\u00e4kestoisiin verkkokursseihin.<\/li>\n<\/ul>\n<h4>Mit\u00e4 oppitunti sis\u00e4lt\u00e4\u00e4<\/h4>\n<ul>\n<li>Videotaltioinnin aiheeseen liittyv\u00e4st\u00e4 oppitunnista \/ ty\u00f6pajasta verkossa, kesto noin 1-2 h<\/li>\n<li>Kirjallisen opetusmateriaalin eli videolla n\u00e4ht\u00e4v\u00e4t diat ladattavana ja tulostettavana pdf-tiedostona<\/li>\n<li>Rajattoman p\u00e4\u00e4syn video-oppitunnille, eli materiaali on k\u00e4yt\u00f6ss\u00e4si niin pitk\u00e4\u00e4n kuin vain tarvitset<\/li>\n<li>Opettajana fengshui-konsultti, visualisti ja Fengshui Akatemian perustaja Riikka P\u00f6ntynen, jolla on yli yhdeks\u00e4n vuoden kokemus ty\u00f6st\u00e4 fengshui-konsulttina.<\/li>\n<\/ul>\n<h6>Video-oppitunnin linkki l\u00e4hetet\u00e4\u00e4n automaattisesti s\u00e4hk\u00f6postiisi tilauksesi yhteydess\u00e4. Opetusmateriaalin p\u00e4\u00e4set lataamaan s\u00e4hk\u00f6postiin saapuvasta latauslinkist\u00e4.\u00a0Tallenna tiedosto ja linkki itsellesi my\u00f6hemp\u00e4\u00e4 k\u00e4ytt\u00f6\u00e4 varten.<\/h6>\n","protected":false},"excerpt":{"rendered":"<p>Tule mukaan oppimaan, kuinka sisustat ja aktivoit alueen numero kuusi kotonasi fengshuin avulla!<\/p>\n<ul>\n<li><span>Opit paikallistamaan yst\u00e4vien ja auttajien alueen sijainnin kodissasi.<\/span><\/li>\n<li><span>Ymm\u00e4rr\u00e4t, kuinka t\u00e4m\u00e4 alue resonoi tietyille elementeille, el\u00e4inmerkeille, perheenj\u00e4senille, kehonosille ja elimille.<\/span><\/li>\n<li><span>P\u00e4\u00e4set syventym\u00e4\u00e4n fengshui-elementteihin ja niiden k\u00e4ytt\u00f6\u00f6n niin, ett\u00e4 voit konkreettisesti aktivoida avun saamiseen ja yst\u00e4vyyteen liittyv\u00e4t energiat kodissasi.<\/span><\/li>\n<li><span>Opit k\u00e4ytt\u00e4m\u00e4\u00e4n tehosteita, jotka aktivoivat alueen energiat ja tuovat el\u00e4m\u00e4\u00e4si tukea ja uusia mahdollisuuksia.<\/span><\/li>\n<li><span>Lis\u00e4ksi n\u00e4et aitoja ennen ja j\u00e4lkeen -esimerkkej\u00e4 siit\u00e4, millaisia muutoksia itse olen tehnyt kotimme baguan alueella 6, voidaksesi oppia itse tulkitsemaan kotisi muutostarpeita ja suunnittelemaan tarvittavia parannuksia.<\/span><\/li>\n<\/ul>\n<p>Yst\u00e4v\u00e4t, auttajat video-oppitunti sis\u00e4lt\u00e4\u00e4 1 h 19 min mittaisen videon, sek\u00e4 videolla n\u00e4ht\u00e4v\u00e4n kirjallisen opetusmateriaalin (38 sivua) PDF-muodossa. Lis\u00e4ksi saat kodin elementtien tasapainottamista varten laaditun <span>elementtien tarkistuslistan ja toimintasuunnitelma-pohjan muutosten k\u00e4yt\u00e4nt\u00f6\u00f6n viemiseksi (yht. 5 sivua).\u00a0<\/span><\/p>\n<p>Linkki video-oppitunnille sek\u00e4 opetusmateriaalin latauslinkit l\u00e4hetet\u00e4\u00e4n s\u00e4hk\u00f6postiisi automaattisesti muutaman minuutin kuluessa ostostasi. Jos et l\u00f6yd\u00e4 s\u00e4hk\u00f6postia, niin tarkastathan my\u00f6s muut mahdolliset kansiot (kuten roskaposti), johon s\u00e4hk\u00f6postiohjelmasi voi ohjata viestej\u00e4.<\/p>\n","protected":false},"featured_media":9650,"comment_status":"closed","ping_status":"closed","template":"","meta":{"nf_dc_page":""},"product_brand":[],"product_cat":[27],"product_tag":[85,56,52,87,84,53,62,82,83,97,61],"class_list":{"0":"post-9654","1":"product","2":"type-product","3":"status-publish","4":"has-post-thumbnail","6":"product_cat-verkkokurssit-ja-koulutukset","7":"product_tag-fengshui-bagua","8":"product_tag-fengshui-elementit","9":"product_tag-fengshui-kurssi","10":"product_tag-fengshui-sisustaminen","11":"product_tag-fengshui-sisustus","12":"product_tag-fengshui-verkkokurssi","13":"product_tag-fengshui-tehosteet","14":"product_tag-hyva-fengshui","15":"product_tag-kodin-fengshui","16":"product_tag-raha","17":"product_tag-viisi-elementtia","19":"first","20":"instock","21":"downloadable","22":"virtual","23":"taxable","24":"purchasable","25":"product-type-simple"},"jetpack_sharing_enabled":true,"_links":{"self":[{"href":"https:\/\/riikkapontynen.com\/Fengshuisisustuskurssi\/wp-json\/wp\/v2\/product\/9654","targetHints":{"allow":["GET"]}}],"collection":[{"href":"https:\/\/riikkapontynen.com\/Fengshuisisustuskurssi\/wp-json\/wp\/v2\/product"}],"about":[{"href":"https:\/\/riikkapontynen.com\/Fengshuisisustuskurssi\/wp-json\/wp\/v2\/types\/product"}],"replies":[{"embeddable":true,"href":"https:\/\/riikkapontynen.com\/Fengshuisisustuskurssi\/wp-json\/wp\/v2\/comments?post=9654"}],"version-history":[{"count":1,"href":"https:\/\/riikkapontynen.com\/Fengshuisisustuskurssi\/wp-json\/wp\/v2\/product\/9654\/revisions"}],"predecessor-version":[{"id":9655,"href":"https:\/\/riikkapontynen.com\/Fengshuisisustuskurssi\/wp-json\/wp\/v2\/product\/9654\/revisions\/9655"}],"wp:featuredmedia":[{"embeddable":true,"href":"https:\/\/riikkapontynen.com\/Fengshuisisustuskurssi\/wp-json\/wp\/v2\/media\/9650"}],"wp:attachment":[{"href":"https:\/\/riikkapontynen.com\/Fengshuisisustuskurssi\/wp-json\/wp\/v2\/media?parent=9654"}],"wp:term":[{"taxonomy":"product_brand","embeddable":true,"href":"https:\/\/riikkapontynen.com\/Fengshuisisustuskurssi\/wp-json\/wp\/v2\/product_brand?post=9654"},{"taxonomy":"product_cat","embeddable":true,"href":"https:\/\/riikkapontynen.com\/Fengshuisisustuskurssi\/wp-json\/wp\/v2\/product_cat?post=9654"},{"taxonomy":"product_tag","embeddable":true,"href":"https:\/\/riikkapontynen.com\/Fengshuisisustuskurssi\/wp-json\/wp\/v2\/product_tag?post=9654"}],"curies":[{"name":"wp","href":"https:\/\/api.w.org\/{rel}","templated":true}]}}