{"id":7910,"date":"2024-06-23T10:12:07","date_gmt":"2024-06-23T08:12:07","guid":{"rendered":"https:\/\/riikkapontynen.com\/Fengshuisisustuskurssi\/?post_type=product&#038;p=7910"},"modified":"2025-01-31T08:30:15","modified_gmt":"2025-01-31T06:30:15","slug":"baguan-lisaosat-ja-niiden-vaikutukset","status":"publish","type":"product","link":"https:\/\/riikkapontynen.com\/Fengshuisisustuskurssi\/tuote\/baguan-lisaosat-ja-niiden-vaikutukset\/","title":{"rendered":"Baguan lis\u00e4osat ja niiden vaikutukset"},"content":{"rendered":"<h4>Nyt voit hankkia Tunne kotisi! Fengshui sisustuskurssiin sis\u00e4ltyvi\u00e4 kirjallisia opetusmateriaaleja erikseen, ilman osallistumista kurssille!<\/h4>\n<p>&nbsp;<\/p>\n<h5>T\u00e4m\u00e4 tuote sis\u00e4lt\u00e4\u00e4 listan fengshui baguan lis\u00e4osien vaikutuksista asukkaisiin.<\/h5>\n<h6><span style=\"color: #e00000;\"><a href=\"http:\/\/riikkapontynen.com\/Fengshuisisustuskurssi\/tuote\/tunne-kotisi-fengshui-materiaalipaketti\/\" style=\"color: #e00000;\">Voit my\u00f6s tilata koko Tunne kotisi! Fengshui Materiaalipaketin kerralla (s\u00e4\u00e4st\u00f6 5,50 \u20ac) t\u00e4st\u00e4!<\/a><\/span><\/h6>\n<p>&nbsp;<\/p>\n<p><strong>Maksamisen j\u00e4lkeen sinut ohjataan sivulle, josta p\u00e4\u00e4set lataamaan tiedoston omalle koneellesi. Latauslinkki l\u00e4hetet\u00e4\u00e4n my\u00f6s s\u00e4hk\u00f6postiisi muutaman minuutin kuluessa tilauksestasi. <\/strong><strong>Latauslinkki toimii viisi (5) kertaa. Avaa tiedosto laitteella, jonne voit tallentaa tiedoston heti avaamisen j\u00e4lkeen. Voit my\u00f6s halutessasi tulostaa ne omia muistiinpanojasi varten.\u00a0<\/strong><\/p>\n<p>&nbsp;<\/p>\n<hr \/>\n<p><span style=\"font-weight: 400;\">Tiedostot on tarkoitettu yksityiseen k\u00e4ytt\u00f6\u00f6n yksityishenkil\u00f6ille. Tiedostojen sis\u00e4ll\u00f6n tai sis\u00e4ll\u00f6n osan saattaminen yleis\u00f6n saataviin levitt\u00e4m\u00e4ll\u00e4, esitt\u00e4m\u00e4ll\u00e4 tai n\u00e4ytt\u00e4m\u00e4ll\u00e4 julkisesti tai kappaleiden valmistaminen sis\u00e4ll\u00f6st\u00e4 tai sen osasta ilman tekij\u00e4noikeuden haltijan (Riikka P\u00f6ntynen ja Fengshui Akatemia) etuk\u00e4teen antamaa kirjallista suostumusta on kielletty. <\/span><span style=\"font-weight: 400;\">Tilaajalla ei ole oikeutta oppaan tai sen osan julkaisemiseen tai edelleen luovuttamiseen. Tilaajalla ei ole oikeutta hy\u00f6dynt\u00e4\u00e4 palvelua tai sen osia kaupalliseen k\u00e4ytt\u00f6\u00f6n tai kilpailevaan toimintaan.<\/span><\/p>\n<p>&nbsp;<\/p>\n","protected":false},"excerpt":{"rendered":"<p>Nyt voit tilata Tunne kotisi! Fengshui sisustuskurssin sis\u00e4lt\u00e4mi\u00e4 laadukkaita ja oppimista helpottavia materiaaleja erikseen, ilman verkkokurssille liittymist\u00e4!<\/p>\n<p>T\u00e4m\u00e4 tuote sis\u00e4lt\u00e4\u00e4 listan lis\u00e4osista ja niiden vaikutuksista kodin baguassa. <span>T\u00e4m\u00e4n tiedon avulla voit tehd\u00e4 tarvittavat korjaukset ja parannukset, jotta el\u00e4m\u00e4st\u00e4si sen kaikilla osa-alueilla voi tulla entist\u00e4 menestyksekk\u00e4\u00e4mp\u00e4\u00e4. <\/span>Tiedosto on PDF-muodossa ja siin\u00e4 on nelj\u00e4 sivua.<\/p>\n<p>Kassan j\u00e4lkeen sinut ohjataan sivulle, josta p\u00e4\u00e4set lataamaan tiedoston omalle koneellesi. Latauslinkki l\u00e4hetet\u00e4\u00e4n my\u00f6s s\u00e4hk\u00f6postiisi muutaman minuutin kuluessa tilauksestasi. Jos et l\u00f6yd\u00e4 s\u00e4hk\u00f6postia, niin tarkastathan my\u00f6s muut mahdolliset kansiot (kuten roskaposti), jonne s\u00e4hk\u00f6postiohjelmasi voi ohjata viestej\u00e4.<\/p>\n<p><strong>Latauslinkki toimii viisi (5) kertaa. Avaa tiedosto laitteella, jonne voit tallentaa sen heti avaamisen j\u00e4lkeen.<\/strong><\/p>\n","protected":false},"featured_media":7886,"comment_status":"closed","ping_status":"closed","template":"","meta":{"nf_dc_page":""},"product_brand":[],"product_cat":[54],"product_tag":[56,52,55,53,57,77],"class_list":{"0":"post-7910","1":"product","2":"type-product","3":"status-publish","4":"has-post-thumbnail","6":"product_cat-kirjat-ja-oppaat","7":"product_tag-fengshui-elementit","8":"product_tag-fengshui-kurssi","9":"product_tag-fengshui-opas","10":"product_tag-fengshui-verkkokurssi","11":"product_tag-opetusmateriaalit","12":"product_tag-yin-ja-yang","14":"first","15":"instock","16":"downloadable","17":"virtual","18":"taxable","19":"purchasable","20":"product-type-simple"},"jetpack_sharing_enabled":true,"_links":{"self":[{"href":"https:\/\/riikkapontynen.com\/Fengshuisisustuskurssi\/wp-json\/wp\/v2\/product\/7910","targetHints":{"allow":["GET"]}}],"collection":[{"href":"https:\/\/riikkapontynen.com\/Fengshuisisustuskurssi\/wp-json\/wp\/v2\/product"}],"about":[{"href":"https:\/\/riikkapontynen.com\/Fengshuisisustuskurssi\/wp-json\/wp\/v2\/types\/product"}],"replies":[{"embeddable":true,"href":"https:\/\/riikkapontynen.com\/Fengshuisisustuskurssi\/wp-json\/wp\/v2\/comments?post=7910"}],"version-history":[{"count":1,"href":"https:\/\/riikkapontynen.com\/Fengshuisisustuskurssi\/wp-json\/wp\/v2\/product\/7910\/revisions"}],"predecessor-version":[{"id":7911,"href":"https:\/\/riikkapontynen.com\/Fengshuisisustuskurssi\/wp-json\/wp\/v2\/product\/7910\/revisions\/7911"}],"wp:featuredmedia":[{"embeddable":true,"href":"https:\/\/riikkapontynen.com\/Fengshuisisustuskurssi\/wp-json\/wp\/v2\/media\/7886"}],"wp:attachment":[{"href":"https:\/\/riikkapontynen.com\/Fengshuisisustuskurssi\/wp-json\/wp\/v2\/media?parent=7910"}],"wp:term":[{"taxonomy":"product_brand","embeddable":true,"href":"https:\/\/riikkapontynen.com\/Fengshuisisustuskurssi\/wp-json\/wp\/v2\/product_brand?post=7910"},{"taxonomy":"product_cat","embeddable":true,"href":"https:\/\/riikkapontynen.com\/Fengshuisisustuskurssi\/wp-json\/wp\/v2\/product_cat?post=7910"},{"taxonomy":"product_tag","embeddable":true,"href":"https:\/\/riikkapontynen.com\/Fengshuisisustuskurssi\/wp-json\/wp\/v2\/product_tag?post=7910"}],"curies":[{"name":"wp","href":"https:\/\/api.w.org\/{rel}","templated":true}]}}