{"id":7480,"date":"2024-03-19T20:23:28","date_gmt":"2024-03-19T18:23:28","guid":{"rendered":"https:\/\/riikkapontynen.com\/Fengshuisisustuskurssi\/?post_type=product&#038;p=7480"},"modified":"2025-01-01T10:37:20","modified_gmt":"2025-01-01T08:37:20","slug":"ihmissuhteet-rakkaus-ja-parisuhde-tyopajan-opetusmateriaali","status":"publish","type":"product","link":"https:\/\/riikkapontynen.com\/Fengshuisisustuskurssi\/tuote\/ihmissuhteet-rakkaus-ja-parisuhde-tyopajan-opetusmateriaali\/","title":{"rendered":"Ihmissuhteet, rakkaus ja parisuhde -ty\u00f6pajan opetusmateriaali"},"content":{"rendered":"<h4><span>Ihmissuhteet, rakkaus ja parisuhde -ty\u00f6pajassa ja video-oppitunnilla p\u00e4\u00e4set sukeltamaan syv\u00e4lle sis\u00e4\u00e4n fengshuin maailmaan, joka on t\u00e4ynn\u00e4 mahdollisuuksia!\u00a0<\/span><\/h4>\n<h6><span><span style=\"color: #e00000;\">T\u00e4m\u00e4 opetusmateriaali sis\u00e4lt\u00e4\u00e4 ty\u00f6pajassa ja video-oppitunnilla esitetyt diat ladattavana PDF-tiedostona, jossa on 24 sivua. Opetusmateriaalin tarkoituksena on tukea aiheen sis\u00e4ist\u00e4mist\u00e4 ja muistamista, joten se toimii parhaiten yhdess\u00e4 videotallenteen kanssa.<\/span>\u00a0<\/span><\/h6>\n<h6>Opetusmateriaalissa k\u00e4sitell\u00e4\u00e4n seuraavia aiheita:<\/h6>\n<ul>\n<li><span style=\"font-weight: 400;\">Alueen sijainti ja vastaavuudet el\u00e4m\u00e4nalueisiin, elementteihin, el\u00e4inmerkkeihin, perheenj\u00e4seniin, kehonosiin ja elimiin\u00a0<\/span><\/li>\n<li><span style=\"font-weight: 400;\">Fengshui elementit ja kuinka niit\u00e4 k\u00e4ytet\u00e4\u00e4n<\/span><\/li>\n<li><span style=\"font-weight: 400;\">Lis\u00e4- ja puuttuvat osat alueella<\/span><\/li>\n<li><span style=\"font-weight: 400;\">Alueella k\u00e4ytett\u00e4v\u00e4t tehosteet<\/span><\/li>\n<li><span style=\"font-weight: 400;\">10 askelta parempaan fengshuihin\u00a0<\/span><\/li>\n<li><span style=\"font-weight: 400;\">5 asiaa mist\u00e4 muut ovat saaneet apua<\/span><\/li>\n<\/ul>\n<p>Jos olet aiemmin osallistunut Ihmissuhteet, rakkaus ja parisuhde -ty\u00f6pajaan, tai kiinnostunut tilaamaan <strong>vain opetusmateriaalin<\/strong> ilman video-oppituntia, niin valitse silloin t\u00e4m\u00e4 tuote.<\/p>\n<p>Jos olet jo tilannut, tai suunnittelet tilaavasi Ihmissuhteet, rakkaus ja parisuhde video-oppitunnin, sis\u00e4ltyy t\u00e4m\u00e4 kirjallinen opetusmateriaali video-oppituntiin eik\u00e4 sinun tarvitse tilata t\u00e4t\u00e4 tuotetta erikseen.<a href=\"http:\/\/riikkapontynen.com\/Fengshuisisustuskurssi\/tuote\/fengshui-lentavat-tahdet-2022\/\"><strong><\/strong><\/a><\/p>\n<h6>Kassan j\u00e4lkeen sinut ohjataan sivulle, josta p\u00e4\u00e4set lataamaan tiedoston omalle koneellesi. Latauslinkki l\u00e4hetet\u00e4\u00e4n my\u00f6s kuitin mukana s\u00e4hk\u00f6postiisi. Latauslinkki toimii kolme (3) kertaa. Avaa latauslinkki laitteella, jonne voit tallentaa tiedoston heti sen avattuasi.<\/h6>\n<p>&nbsp;<\/p>\n","protected":false},"excerpt":{"rendered":"<p>Tilaa t\u00e4st\u00e4 19.3.24 pidetyn Ihmissuhteet, rakkaus ja parisuhde -ty\u00f6pajan kirjallinen opetusmateriaali, eli ty\u00f6pajassa ja siit\u00e4 tehdyll\u00e4 videotallenteella n\u00e4ytetyt diat ladattavana pdf-tiedostona. Tiedostossa on yhteens\u00e4 24 sivua. Voit halutessasi tulostaa tiedoston ja tehd\u00e4 siihen omia muistiinpanojasi.<\/p>\n<p>Kassan j\u00e4lkeen sinut ohjataan sivulle, josta p\u00e4\u00e4set lataamaan tiedoston omalle koneellesi. Latauslinkki l\u00e4hetet\u00e4\u00e4n my\u00f6s kuitin mukana s\u00e4hk\u00f6postiisi. Latauslinkki toimii kolme (3) kertaa. Avaa latauslinkki laitteella, jonne voit tallentaa tiedoston heti sen avattuasi.<\/p>\n","protected":false},"featured_media":7483,"comment_status":"closed","ping_status":"closed","template":"","meta":{"nf_dc_page":""},"product_brand":[],"product_cat":[54],"product_tag":[56,55,62,59,95,61],"class_list":{"0":"post-7480","1":"product","2":"type-product","3":"status-publish","4":"has-post-thumbnail","6":"product_cat-kirjat-ja-oppaat","7":"product_tag-fengshui-elementit","8":"product_tag-fengshui-opas","9":"product_tag-fengshui-tehosteet","10":"product_tag-kodin-energiat","11":"product_tag-rakkaus-ja-parisuhde","12":"product_tag-viisi-elementtia","14":"first","15":"instock","16":"downloadable","17":"virtual","18":"taxable","19":"purchasable","20":"product-type-simple"},"jetpack_sharing_enabled":true,"_links":{"self":[{"href":"https:\/\/riikkapontynen.com\/Fengshuisisustuskurssi\/wp-json\/wp\/v2\/product\/7480","targetHints":{"allow":["GET"]}}],"collection":[{"href":"https:\/\/riikkapontynen.com\/Fengshuisisustuskurssi\/wp-json\/wp\/v2\/product"}],"about":[{"href":"https:\/\/riikkapontynen.com\/Fengshuisisustuskurssi\/wp-json\/wp\/v2\/types\/product"}],"replies":[{"embeddable":true,"href":"https:\/\/riikkapontynen.com\/Fengshuisisustuskurssi\/wp-json\/wp\/v2\/comments?post=7480"}],"version-history":[{"count":1,"href":"https:\/\/riikkapontynen.com\/Fengshuisisustuskurssi\/wp-json\/wp\/v2\/product\/7480\/revisions"}],"predecessor-version":[{"id":7482,"href":"https:\/\/riikkapontynen.com\/Fengshuisisustuskurssi\/wp-json\/wp\/v2\/product\/7480\/revisions\/7482"}],"wp:featuredmedia":[{"embeddable":true,"href":"https:\/\/riikkapontynen.com\/Fengshuisisustuskurssi\/wp-json\/wp\/v2\/media\/7483"}],"wp:attachment":[{"href":"https:\/\/riikkapontynen.com\/Fengshuisisustuskurssi\/wp-json\/wp\/v2\/media?parent=7480"}],"wp:term":[{"taxonomy":"product_brand","embeddable":true,"href":"https:\/\/riikkapontynen.com\/Fengshuisisustuskurssi\/wp-json\/wp\/v2\/product_brand?post=7480"},{"taxonomy":"product_cat","embeddable":true,"href":"https:\/\/riikkapontynen.com\/Fengshuisisustuskurssi\/wp-json\/wp\/v2\/product_cat?post=7480"},{"taxonomy":"product_tag","embeddable":true,"href":"https:\/\/riikkapontynen.com\/Fengshuisisustuskurssi\/wp-json\/wp\/v2\/product_tag?post=7480"}],"curies":[{"name":"wp","href":"https:\/\/api.w.org\/{rel}","templated":true}]}}