{"id":6933,"date":"2023-04-20T21:27:35","date_gmt":"2023-04-20T19:27:35","guid":{"rendered":"https:\/\/riikkapontynen.com\/Fengshuisisustuskurssi\/?post_type=product&#038;p=6933"},"modified":"2025-02-07T06:25:03","modified_gmt":"2025-02-07T04:25:03","slug":"fengshui-ja-vuodenajat-opetusmateriaali","status":"publish","type":"product","link":"https:\/\/riikkapontynen.com\/Fengshuisisustuskurssi\/tuote\/fengshui-ja-vuodenajat-opetusmateriaali\/","title":{"rendered":"Fengshui ja vuodenajat -ty\u00f6pajan opetusmateriaali"},"content":{"rendered":"<h4><span>Fengshui ja vuodenajat -ty\u00f6pajassa ja video-oppitunnilla p\u00e4\u00e4set sukeltamaan syv\u00e4lle sis\u00e4\u00e4n fengshuin n\u00e4kym\u00e4tt\u00f6mien energioiden maailmaan!\u00a0<\/span><\/h4>\n<p>&nbsp;<\/p>\n<p><span>T\u00e4m\u00e4 opetusmateriaali sis\u00e4lt\u00e4\u00e4 ty\u00f6pajassa ja video-oppitunnilla esitetyt diat ladattavana pdf-tiedostona, jossa on 37 sivua. Opetusmateriaalin tarkoituksena on tukea aiheen sis\u00e4ist\u00e4mist\u00e4 ja muistamista, joten se toimii parhaiten yhdess\u00e4 videotallenteen kanssa.\u00a0<\/span><\/p>\n<p><span><\/span><strong>Fengshui ja vuodenajat -opetusmateriaalissa ja videolla k\u00e4sitelt\u00e4vi\u00e4 aiheita ovat mm.: <\/strong><\/p>\n<ul>\n<li><span style=\"font-weight: 400;\">Kodin ja ymp\u00e4rist\u00f6n energiat eri vuodenaikoina<\/span><\/li>\n<li><span style=\"font-weight: 400;\"><\/span><span style=\"font-weight: 400;\">Kuinka vuodenajat vaikuttavat sisustamiseen<\/span><\/li>\n<li><span style=\"font-weight: 400;\"><\/span><span style=\"font-weight: 400;\">Harmonian ja tasapainon lis\u00e4\u00e4minen eri vuodenaikoina<\/span><\/li>\n<li><span style=\"font-weight: 400;\"><\/span><span style=\"font-weight: 400;\">El\u00e4minen luonnon sykliss\u00e4 ja tiiviiss\u00e4 yhteydess\u00e4 maahan sek\u00e4<\/span><\/li>\n<li><span style=\"font-weight: 400;\"><\/span><span style=\"font-weight: 400;\">Maadoittumisen perusteet ja keinoja siihen.<\/span><\/li>\n<\/ul>\n<p>&nbsp;<\/p>\n<p>Jos olet aiemmin osallistunut Fengshui ja vuodenajat -ty\u00f6pajaan, tai kiinnostunut tilaamaan <strong>vain opetusmateriaalin<\/strong> ilman video-oppituntia, niin valitse t\u00e4m\u00e4 tuote.<\/p>\n<p>Jos olet jo tilannut, tai suunnittelet tilaavasi video-oppitunnin Fengshui ja vuodenajat, sis\u00e4ltyy t\u00e4m\u00e4 kirjallinen opetusmateriaali video-oppituntiin eik\u00e4 sinun tarvitse tilata t\u00e4t\u00e4 tuotetta erikseen.<a href=\"http:\/\/riikkapontynen.com\/Fengshuisisustuskurssi\/tuote\/fengshui-lentavat-tahdet-2022\/\"><strong><\/strong><\/a><\/p>\n<p><strong>Kassan j\u00e4lkeen sinut ohjataan sivulle, josta p\u00e4\u00e4set lataamaan tiedoston omalle koneellesi. Latauslinkki l\u00e4hetet\u00e4\u00e4n my\u00f6s kuitin mukana s\u00e4hk\u00f6postiisi. Latauslinkki toimii kolme (3) kertaa. Avaa latauslinkki tietokoneella, jonne voit tallentaa tiedoston heti sen avattuasi.<\/strong><\/p>\n<p>&nbsp;<\/p>\n","protected":false},"excerpt":{"rendered":"<p>Tilaa t\u00e4st\u00e4 20.4.23 pidetyn Fengshui ja vuodenajat -ty\u00f6pajan kirjallinen opetusmateriaali, eli ty\u00f6pajassa ja siit\u00e4 tehdyll\u00e4 videotallenteella n\u00e4ytetyt diat ladattavana pdf-tiedostona. Tiedostossa on yhteens\u00e4 37 sivua. Voit halutessasi tulostaa tiedoston ja tehd\u00e4 siihen omia muistiinpanojasi.<\/p>\n<p>Kassan j\u00e4lkeen sinut ohjataan sivulle, josta p\u00e4\u00e4set lataamaan tiedoston omalle koneellesi. Latauslinkki l\u00e4hetet\u00e4\u00e4n my\u00f6s kuitin mukana s\u00e4hk\u00f6postiisi. Latauslinkki toimii kolme (3) kertaa. Avaa latauslinkki tietokoneella, jonne voit tallentaa tiedoston heti sen avattuasi.<\/p>\n","protected":false},"featured_media":6934,"comment_status":"open","ping_status":"closed","template":"","meta":{"nf_dc_page":""},"product_brand":[],"product_cat":[54],"product_tag":[56,59,94,91],"class_list":{"0":"post-6933","1":"product","2":"type-product","3":"status-publish","4":"has-post-thumbnail","6":"product_cat-kirjat-ja-oppaat","7":"product_tag-fengshui-elementit","8":"product_tag-kodin-energiat","9":"product_tag-luonnon-hyvinvointivaikutukset","10":"product_tag-maadoittuminen","12":"first","13":"instock","14":"downloadable","15":"virtual","16":"taxable","17":"purchasable","18":"product-type-simple"},"jetpack_sharing_enabled":true,"_links":{"self":[{"href":"https:\/\/riikkapontynen.com\/Fengshuisisustuskurssi\/wp-json\/wp\/v2\/product\/6933","targetHints":{"allow":["GET"]}}],"collection":[{"href":"https:\/\/riikkapontynen.com\/Fengshuisisustuskurssi\/wp-json\/wp\/v2\/product"}],"about":[{"href":"https:\/\/riikkapontynen.com\/Fengshuisisustuskurssi\/wp-json\/wp\/v2\/types\/product"}],"replies":[{"embeddable":true,"href":"https:\/\/riikkapontynen.com\/Fengshuisisustuskurssi\/wp-json\/wp\/v2\/comments?post=6933"}],"version-history":[{"count":1,"href":"https:\/\/riikkapontynen.com\/Fengshuisisustuskurssi\/wp-json\/wp\/v2\/product\/6933\/revisions"}],"predecessor-version":[{"id":10273,"href":"https:\/\/riikkapontynen.com\/Fengshuisisustuskurssi\/wp-json\/wp\/v2\/product\/6933\/revisions\/10273"}],"wp:featuredmedia":[{"embeddable":true,"href":"https:\/\/riikkapontynen.com\/Fengshuisisustuskurssi\/wp-json\/wp\/v2\/media\/6934"}],"wp:attachment":[{"href":"https:\/\/riikkapontynen.com\/Fengshuisisustuskurssi\/wp-json\/wp\/v2\/media?parent=6933"}],"wp:term":[{"taxonomy":"product_brand","embeddable":true,"href":"https:\/\/riikkapontynen.com\/Fengshuisisustuskurssi\/wp-json\/wp\/v2\/product_brand?post=6933"},{"taxonomy":"product_cat","embeddable":true,"href":"https:\/\/riikkapontynen.com\/Fengshuisisustuskurssi\/wp-json\/wp\/v2\/product_cat?post=6933"},{"taxonomy":"product_tag","embeddable":true,"href":"https:\/\/riikkapontynen.com\/Fengshuisisustuskurssi\/wp-json\/wp\/v2\/product_tag?post=6933"}],"curies":[{"name":"wp","href":"https:\/\/api.w.org\/{rel}","templated":true}]}}