{"id":6819,"date":"2023-03-17T08:22:48","date_gmt":"2023-03-17T06:22:48","guid":{"rendered":"https:\/\/riikkapontynen.com\/Fengshuisisustuskurssi\/?post_type=product&#038;p=6819"},"modified":"2025-02-07T06:25:16","modified_gmt":"2025-02-07T04:25:16","slug":"kodin-ongelmapaikat-tyopajan-opetusmateriaali","status":"publish","type":"product","link":"https:\/\/riikkapontynen.com\/Fengshuisisustuskurssi\/tuote\/kodin-ongelmapaikat-tyopajan-opetusmateriaali\/","title":{"rendered":"Kodin yleisimm\u00e4t ongelmapaikat -ty\u00f6pajan opetusmateriaali"},"content":{"rendered":"<h4><span>Kodin yleisimm\u00e4t ongelmapaikat -ty\u00f6pajassa ja video-oppitunnilla p\u00e4\u00e4set sukeltamaan syv\u00e4lle sis\u00e4\u00e4n fengshuin n\u00e4kym\u00e4tt\u00f6mien energioiden maailmaan!\u00a0<\/span><\/h4>\n<p>&nbsp;<\/p>\n<p><span>T\u00e4m\u00e4 opetusmateriaali sis\u00e4lt\u00e4\u00e4 ty\u00f6pajassa ja video-oppitunnilla esitetyt diat ladattavana pdf-tiedostona, jossa on 44 sivua. Opetusmateriaalin tarkoituksena on tukea aiheen sis\u00e4ist\u00e4mist\u00e4 ja muistamista, joten se toimii parhaiten yhdess\u00e4 videotallenteen kanssa.\u00a0<\/span><\/p>\n<p><span><\/span><strong>Kodin yleisimm\u00e4t ongelmapaikat -opetusmateriaalissa ja videolla k\u00e4sitelt\u00e4vi\u00e4 aiheita ovat mm.: <\/strong><\/p>\n<ul>\n<li>k\u00e4yt\u00e4vien ja portaiden<\/li>\n<li>kodinhoitohuoneen ym. huoltotilojen<\/li>\n<li>kellarin ja vintin<\/li>\n<li>varastojen ja komeroiden<\/li>\n<li>autotallin ja muiden piharakennusten sek\u00e4<\/li>\n<li>terassien ja parvekkeiden<\/li>\n<\/ul>\n<p>fengshuihin ja k\u00e4ytt\u00f6\u00f6n liittyv\u00e4t yleisimm\u00e4t haasteet, ja kuinka voit ratkaista niit\u00e4 sisustamalla ne oikein.<\/p>\n<p>Lis\u00e4ksi opetusmateriaalissa ja videolla kerrotaan mm. s\u00e4ilytyskalusteiden valinnasta, baguan k\u00e4ytt\u00e4misest\u00e4 sis\u00e4- ja ulkotilojen sisustamisen apuna, sek\u00e4 luovista tilank\u00e4yt\u00f6n ratkaisuista.<\/p>\n<p>Jos olet aiemmin osallistunut Kodin yleisimm\u00e4t ongelmapaikat -ty\u00f6pajaan, tai kiinnostunut tilaamaan <strong>vain opetusmateriaalin<\/strong> ilman video-oppituntia, niin valitse t\u00e4m\u00e4 tuote.<\/p>\n<p>Jos olet jo tilannut, tai suunnittelet tilaavasi video-oppitunnin Kodin yleisimmist\u00e4 ongelmapaikoista, sis\u00e4ltyy t\u00e4m\u00e4 kirjallinen opetusmateriaali video-oppituntiin eik\u00e4 sinun tarvitse tilata t\u00e4t\u00e4 tuotetta erikseen.<a href=\"http:\/\/riikkapontynen.com\/Fengshuisisustuskurssi\/tuote\/fengshui-lentavat-tahdet-2022\/\"><strong><\/strong><\/a><\/p>\n<p><strong>Kassan j\u00e4lkeen sinut ohjataan sivulle, josta p\u00e4\u00e4set lataamaan tiedoston omalle koneellesi. Latauslinkki l\u00e4hetet\u00e4\u00e4n my\u00f6s kuitin mukana s\u00e4hk\u00f6postiisi. Latauslinkki toimii kolme (3) kertaa. Avaa latauslinkki tietokoneella, jonne voit tallentaa tiedoston heti sen avattuasi.<\/strong><\/p>\n<p>&nbsp;<\/p>\n","protected":false},"excerpt":{"rendered":"<p>Tilaa t\u00e4st\u00e4 15.3.23 pidetyn Kodin yleisimm\u00e4t ongelmapaikat -ty\u00f6pajan kirjallinen opetusmateriaali, eli ty\u00f6pajassa ja siit\u00e4 tehdyll\u00e4 videotallenteella n\u00e4ytetyt diat ladattavana pdf-tiedostona. Tiedostossa on yhteens\u00e4 44 sivua. Voit halutessasi tulostaa tiedoston ja tehd\u00e4 siihen omia muistiinpanojasi.<\/p>\n<p>Kassan j\u00e4lkeen sinut ohjataan sivulle, josta p\u00e4\u00e4set lataamaan tiedoston omalle koneellesi. Latauslinkki l\u00e4hetet\u00e4\u00e4n my\u00f6s kuitin mukana s\u00e4hk\u00f6postiisi. Latauslinkki toimii kolme (3) kertaa. Avaa latauslinkki tietokoneella, jonne voit tallentaa tiedoston heti sen avattuasi.<\/p>\n","protected":false},"featured_media":6820,"comment_status":"closed","ping_status":"closed","template":"","meta":{"nf_dc_page":""},"product_brand":[],"product_cat":[54],"product_tag":[56,55,62,59,61],"class_list":{"0":"post-6819","1":"product","2":"type-product","3":"status-publish","4":"has-post-thumbnail","6":"product_cat-kirjat-ja-oppaat","7":"product_tag-fengshui-elementit","8":"product_tag-fengshui-opas","9":"product_tag-fengshui-tehosteet","10":"product_tag-kodin-energiat","11":"product_tag-viisi-elementtia","13":"first","14":"instock","15":"downloadable","16":"virtual","17":"taxable","18":"purchasable","19":"product-type-simple"},"jetpack_sharing_enabled":true,"_links":{"self":[{"href":"https:\/\/riikkapontynen.com\/Fengshuisisustuskurssi\/wp-json\/wp\/v2\/product\/6819","targetHints":{"allow":["GET"]}}],"collection":[{"href":"https:\/\/riikkapontynen.com\/Fengshuisisustuskurssi\/wp-json\/wp\/v2\/product"}],"about":[{"href":"https:\/\/riikkapontynen.com\/Fengshuisisustuskurssi\/wp-json\/wp\/v2\/types\/product"}],"replies":[{"embeddable":true,"href":"https:\/\/riikkapontynen.com\/Fengshuisisustuskurssi\/wp-json\/wp\/v2\/comments?post=6819"}],"version-history":[{"count":1,"href":"https:\/\/riikkapontynen.com\/Fengshuisisustuskurssi\/wp-json\/wp\/v2\/product\/6819\/revisions"}],"predecessor-version":[{"id":10274,"href":"https:\/\/riikkapontynen.com\/Fengshuisisustuskurssi\/wp-json\/wp\/v2\/product\/6819\/revisions\/10274"}],"wp:featuredmedia":[{"embeddable":true,"href":"https:\/\/riikkapontynen.com\/Fengshuisisustuskurssi\/wp-json\/wp\/v2\/media\/6820"}],"wp:attachment":[{"href":"https:\/\/riikkapontynen.com\/Fengshuisisustuskurssi\/wp-json\/wp\/v2\/media?parent=6819"}],"wp:term":[{"taxonomy":"product_brand","embeddable":true,"href":"https:\/\/riikkapontynen.com\/Fengshuisisustuskurssi\/wp-json\/wp\/v2\/product_brand?post=6819"},{"taxonomy":"product_cat","embeddable":true,"href":"https:\/\/riikkapontynen.com\/Fengshuisisustuskurssi\/wp-json\/wp\/v2\/product_cat?post=6819"},{"taxonomy":"product_tag","embeddable":true,"href":"https:\/\/riikkapontynen.com\/Fengshuisisustuskurssi\/wp-json\/wp\/v2\/product_tag?post=6819"}],"curies":[{"name":"wp","href":"https:\/\/api.w.org\/{rel}","templated":true}]}}