{"id":6349,"date":"2022-11-24T08:06:36","date_gmt":"2022-11-24T06:06:36","guid":{"rendered":"https:\/\/riikkapontynen.com\/Fengshuisisustuskurssi\/?post_type=product&#038;p=6349"},"modified":"2025-02-07T06:25:44","modified_gmt":"2025-02-07T04:25:44","slug":"fengshui-bagua-tyopajan-opetusmateriaali","status":"publish","type":"product","link":"https:\/\/riikkapontynen.com\/Fengshuisisustuskurssi\/tuote\/fengshui-bagua-tyopajan-opetusmateriaali\/","title":{"rendered":"Fengshui Bagua -ty\u00f6pajan opetusmateriaali"},"content":{"rendered":"<h4><span>Fengshui Bagua -ty\u00f6pajassa ja Fengshui Bagua -video-oppitunnilla p\u00e4\u00e4set sukeltamaan syv\u00e4lle sis\u00e4\u00e4n fengshuin n\u00e4kym\u00e4tt\u00f6mien energioiden maailmaan!\u00a0<\/span><\/h4>\n<p>&nbsp;<\/p>\n<p><span>T\u00e4m\u00e4 opetusmateriaali sis\u00e4lt\u00e4\u00e4 ty\u00f6pajassa ja video-oppitunnilla esitetyt diat ladattavana pdf-tiedostona, jossa on 44 sivua. Opetusmateriaalin tarkoituksena on tukea aiheen sis\u00e4ist\u00e4mist\u00e4 ja muistamista, joten se toimii parhaiten yhdess\u00e4 videotallenteen kanssa.\u00a0<\/span><\/p>\n<p><span><\/span><strong>Fengshui Bagua -opetusmateriaalissa ja videolla k\u00e4sitelt\u00e4vi\u00e4 aiheita ovat mm.: <\/strong><\/p>\n<ul>\n<li><span>Mik\u00e4 on bagua <\/span><\/li>\n<li><span>Baguan piirt\u00e4misen ty\u00f6vaiheet <\/span><\/li>\n<li><span>Miten suunnistuskompassia k\u00e4ytet\u00e4\u00e4n <\/span><\/li>\n<li><span>Mit\u00e4 ovat lis\u00e4- ja puuttuvat osat ja kuinka niiden haitallisia vaikutuksia harmonisoidaan sek\u00e4<\/span><\/li>\n<li><span>Mit\u00e4 bagua kertoo kodistasi.<\/span><\/li>\n<\/ul>\n<p>&nbsp;<\/p>\n<p>Jos olet aiemmin osallistunut Fengshui Bagua -ty\u00f6pajaan, tai kiinnostunut tilaamaan <strong>vain opetusmateriaalin<\/strong> ilman video-oppituntia, niin valitse t\u00e4m\u00e4 tuote.<\/p>\n<p>Jos olet jo tilannut, tai suunnittelet tilaavasi video-oppitunnin fengshui baguan k\u00e4yt\u00f6st\u00e4, sis\u00e4ltyy t\u00e4m\u00e4 kirjallinen opetusmateriaali video-oppituntiin eik\u00e4 sinun tarvitse tilata t\u00e4t\u00e4 tuotetta erikseen.<\/p>\n<p><strong>Kassan j\u00e4lkeen sinut ohjataan sivulle, josta p\u00e4\u00e4set lataamaan tiedoston omalle koneellesi. Latauslinkki l\u00e4hetet\u00e4\u00e4n my\u00f6s kuitin mukana s\u00e4hk\u00f6postiisi. Latauslinkki toimii kolme (3) kertaa. Avaa latauslinkki tietokoneella, jonne voit tallentaa tiedoston heti sen avattuasi.<\/strong><\/p>\n<p>&nbsp;<\/p>\n","protected":false},"excerpt":{"rendered":"<p>Tilaa t\u00e4st\u00e4 23.11.22 pidetyn Fengshui Bagua -ty\u00f6pajan kirjallinen opetusmateriaali eli ty\u00f6pajassa ja siit\u00e4 tehdyll\u00e4 videotallenteella n\u00e4ytetyt diat ladattavana pdf-tiedostona. Tiedostossa on yhteens\u00e4 44 sivua. Voit halutessasi tulostaa tiedoston ja tehd\u00e4 siihen omia muistiinpanojasi.<\/p>\n<p>Kassan j\u00e4lkeen sinut ohjataan sivulle, josta p\u00e4\u00e4set lataamaan tiedoston omalle koneellesi. Latauslinkki l\u00e4hetet\u00e4\u00e4n my\u00f6s kuitin mukana s\u00e4hk\u00f6postiisi. Latauslinkki toimii kolme (3) kertaa. Avaa latauslinkki tietokoneella, jonne voit tallentaa tiedoston heti sen avattuasi.<\/p>\n","protected":false},"featured_media":6350,"comment_status":"closed","ping_status":"closed","template":"","meta":{"nf_dc_page":""},"product_brand":[],"product_cat":[54],"product_tag":[85,56,69,52,55,87,84,62,59,83,81,68],"class_list":{"0":"post-6349","1":"product","2":"type-product","3":"status-publish","4":"has-post-thumbnail","6":"product_cat-kirjat-ja-oppaat","7":"product_tag-fengshui-bagua","8":"product_tag-fengshui-elementit","9":"product_tag-fengshui-kompassi","10":"product_tag-fengshui-kurssi","11":"product_tag-fengshui-opas","12":"product_tag-fengshui-sisustaminen","13":"product_tag-fengshui-sisustus","14":"product_tag-fengshui-tehosteet","15":"product_tag-kodin-energiat","16":"product_tag-kodin-fengshui","17":"product_tag-kodin-sisustaminen","18":"product_tag-kompassin-kaytto","20":"first","21":"instock","22":"downloadable","23":"virtual","24":"taxable","25":"purchasable","26":"product-type-simple"},"jetpack_sharing_enabled":true,"_links":{"self":[{"href":"https:\/\/riikkapontynen.com\/Fengshuisisustuskurssi\/wp-json\/wp\/v2\/product\/6349","targetHints":{"allow":["GET"]}}],"collection":[{"href":"https:\/\/riikkapontynen.com\/Fengshuisisustuskurssi\/wp-json\/wp\/v2\/product"}],"about":[{"href":"https:\/\/riikkapontynen.com\/Fengshuisisustuskurssi\/wp-json\/wp\/v2\/types\/product"}],"replies":[{"embeddable":true,"href":"https:\/\/riikkapontynen.com\/Fengshuisisustuskurssi\/wp-json\/wp\/v2\/comments?post=6349"}],"version-history":[{"count":1,"href":"https:\/\/riikkapontynen.com\/Fengshuisisustuskurssi\/wp-json\/wp\/v2\/product\/6349\/revisions"}],"predecessor-version":[{"id":9953,"href":"https:\/\/riikkapontynen.com\/Fengshuisisustuskurssi\/wp-json\/wp\/v2\/product\/6349\/revisions\/9953"}],"wp:featuredmedia":[{"embeddable":true,"href":"https:\/\/riikkapontynen.com\/Fengshuisisustuskurssi\/wp-json\/wp\/v2\/media\/6350"}],"wp:attachment":[{"href":"https:\/\/riikkapontynen.com\/Fengshuisisustuskurssi\/wp-json\/wp\/v2\/media?parent=6349"}],"wp:term":[{"taxonomy":"product_brand","embeddable":true,"href":"https:\/\/riikkapontynen.com\/Fengshuisisustuskurssi\/wp-json\/wp\/v2\/product_brand?post=6349"},{"taxonomy":"product_cat","embeddable":true,"href":"https:\/\/riikkapontynen.com\/Fengshuisisustuskurssi\/wp-json\/wp\/v2\/product_cat?post=6349"},{"taxonomy":"product_tag","embeddable":true,"href":"https:\/\/riikkapontynen.com\/Fengshuisisustuskurssi\/wp-json\/wp\/v2\/product_tag?post=6349"}],"curies":[{"name":"wp","href":"https:\/\/api.w.org\/{rel}","templated":true}]}}