{"id":6258,"date":"2022-11-02T15:21:16","date_gmt":"2022-11-02T13:21:16","guid":{"rendered":"https:\/\/riikkapontynen.com\/Fengshuisisustuskurssi\/?post_type=product&#038;p=6258"},"modified":"2025-01-31T08:31:51","modified_gmt":"2025-01-31T06:31:51","slug":"hyvan-fengshuin-tarkastuslista","status":"publish","type":"product","link":"https:\/\/riikkapontynen.com\/Fengshuisisustuskurssi\/tuote\/hyvan-fengshuin-tarkastuslista\/","title":{"rendered":"Hyv\u00e4n fengshuin tarkastuslista"},"content":{"rendered":"<h4>Oleko miettinyt miksi jotkut ovat energisempi\u00e4, pysyv\u00e4t terveen\u00e4, solmivat yst\u00e4vyyssuhteita ja vaurastuvat helpommin?<\/h4>\n<p>&nbsp;<\/p>\n<p><strong>Kiinalaisen filosofian mukaan ymp\u00e4rist\u00f6tekij\u00e4t ovat hyvinvoinnin ja menestyksen ytimess\u00e4.\u00a0<\/strong><\/p>\n<p>Sinun tulee vain ottaa selv\u00e4\u00e4 siit\u00e4, mitk\u00e4 asiat omassa ymp\u00e4rist\u00f6ss\u00e4 ovat jo kunnossa, ja mitk\u00e4 puolestaan vaativat korjaamista,<\/p>\n<p>Ja siin\u00e4 p\u00e4\u00e4set alkuun t\u00e4m\u00e4n tarkastuslistan ja sen mukana tulevan kodin fengshuin korjaussuunnitelman avulla!<\/p>\n<p>&nbsp;<\/p>\n<p><strong>Maksamisen j\u00e4lkeen sinut ohjataan sivulle, josta p\u00e4\u00e4set lataamaan tiedoston omalle koneellesi. Latauslinkki l\u00e4hetet\u00e4\u00e4n my\u00f6s s\u00e4hk\u00f6postiisi muutaman minuutin kuluessa tilauksestasi. <\/strong><strong>Latauslinkki toimii viisi (5) kertaa. Avaa tiedosto laitteella, jonne voit tallentaa tiedoston heti avaamisen j\u00e4lkeen. Voit my\u00f6s halutessasi tulostaa ne omia muistiinpanojasi varten.\u00a0<\/strong><\/p>\n<p>&nbsp;<\/p>\n<hr \/>\n<p><span style=\"font-weight: 400;\">Tiedostot on tarkoitettu yksityiseen k\u00e4ytt\u00f6\u00f6n yksityishenkil\u00f6ille. Tiedostojen sis\u00e4ll\u00f6n tai sis\u00e4ll\u00f6n osan saattaminen yleis\u00f6n saataviin levitt\u00e4m\u00e4ll\u00e4, esitt\u00e4m\u00e4ll\u00e4 tai n\u00e4ytt\u00e4m\u00e4ll\u00e4 julkisesti tai kappaleiden valmistaminen sis\u00e4ll\u00f6st\u00e4 tai sen osasta ilman tekij\u00e4noikeuden haltijan (Riikka P\u00f6ntynen ja Fengshui Akatemia) etuk\u00e4teen antamaa kirjallista suostumusta on kielletty. <\/span><span style=\"font-weight: 400;\">Tilaajalla ei ole oikeutta oppaan tai sen osan julkaisemiseen tai edelleen luovuttamiseen. Tilaajalla ei ole oikeutta hy\u00f6dynt\u00e4\u00e4 palvelua tai sen osia kaupalliseen k\u00e4ytt\u00f6\u00f6n tai kilpailevaan toimintaan.<\/span><\/p>\n<p>&nbsp;<\/p>\n","protected":false},"excerpt":{"rendered":"<p>Hyv\u00e4n fengshuin tarkastuslistan avulla opit havaitsemaan muutostarpeita omassa ymp\u00e4rist\u00f6ss\u00e4si, sek\u00e4 laatimaan tehokkaan suunnitelman niiden kuntoon laittamiseksi.<\/p>\n<p>Hyv\u00e4n fengshuin tarkastuslistaan on listattu 48 tekij\u00e4\u00e4, jotka yksin ja yhdess\u00e4 vaikuttavat kodin tunnelmaan ja fengshuihin. Lista perustuu<span> sek\u00e4 tuhansien vuosien aikana ker\u00e4ttyyn tietoon ihmisten subjektiivisista kokemuksista, ett\u00e4 tutkittuun tietoon siit\u00e4, kuinka ihmiset kokevat ymp\u00e4rist\u00f6n, ja millaisia vaikutuksia ymp\u00e4rist\u00f6ll\u00e4 on havaittu olevan esimerkiksi mieleen ja kehon fysiologisiin toimintoihin.\u00a0<\/span><\/p>\n<p>Tarkastuslistan avulla voit tarkastella mink\u00e4 tahansa tilan fengshuita. Laita jokaisella rivill\u00e4 rasti kohtaan &#8220;Kunnossa&#8221; tai &#8220;Korjattavaa&#8221;. Listan t\u00e4ytetty\u00e4si n\u00e4et kotisi fengshuin korjaustarpeet yhdell\u00e4 silm\u00e4yksell\u00e4.<\/p>\n<p>Tiedosto on pdf-muodossa ja siin\u00e4 on kaksi sivua. Toiselle sivulle voit laatia kunnostussuunnitelman havaitsemiesi puutteiden korjaamiseksi.<\/p>\n<p><span style=\"color: #e00000;\">Tarjoushinta voimassa 31.7. saakka.<\/span><\/p>\n","protected":false},"featured_media":7868,"comment_status":"closed","ping_status":"closed","template":"","meta":{"nf_dc_page":""},"product_brand":[],"product_cat":[54],"product_tag":[56,55,80,59,81,57],"class_list":{"0":"post-6258","1":"product","2":"type-product","3":"status-publish","4":"has-post-thumbnail","6":"product_cat-kirjat-ja-oppaat","7":"product_tag-fengshui-elementit","8":"product_tag-fengshui-opas","9":"product_tag-ilmansuunnat","10":"product_tag-kodin-energiat","11":"product_tag-kodin-sisustaminen","12":"product_tag-opetusmateriaalit","14":"first","15":"instock","16":"downloadable","17":"virtual","18":"taxable","19":"purchasable","20":"product-type-simple"},"jetpack_sharing_enabled":true,"_links":{"self":[{"href":"https:\/\/riikkapontynen.com\/Fengshuisisustuskurssi\/wp-json\/wp\/v2\/product\/6258","targetHints":{"allow":["GET"]}}],"collection":[{"href":"https:\/\/riikkapontynen.com\/Fengshuisisustuskurssi\/wp-json\/wp\/v2\/product"}],"about":[{"href":"https:\/\/riikkapontynen.com\/Fengshuisisustuskurssi\/wp-json\/wp\/v2\/types\/product"}],"replies":[{"embeddable":true,"href":"https:\/\/riikkapontynen.com\/Fengshuisisustuskurssi\/wp-json\/wp\/v2\/comments?post=6258"}],"version-history":[{"count":1,"href":"https:\/\/riikkapontynen.com\/Fengshuisisustuskurssi\/wp-json\/wp\/v2\/product\/6258\/revisions"}],"predecessor-version":[{"id":7870,"href":"https:\/\/riikkapontynen.com\/Fengshuisisustuskurssi\/wp-json\/wp\/v2\/product\/6258\/revisions\/7870"}],"wp:featuredmedia":[{"embeddable":true,"href":"https:\/\/riikkapontynen.com\/Fengshuisisustuskurssi\/wp-json\/wp\/v2\/media\/7868"}],"wp:attachment":[{"href":"https:\/\/riikkapontynen.com\/Fengshuisisustuskurssi\/wp-json\/wp\/v2\/media?parent=6258"}],"wp:term":[{"taxonomy":"product_brand","embeddable":true,"href":"https:\/\/riikkapontynen.com\/Fengshuisisustuskurssi\/wp-json\/wp\/v2\/product_brand?post=6258"},{"taxonomy":"product_cat","embeddable":true,"href":"https:\/\/riikkapontynen.com\/Fengshuisisustuskurssi\/wp-json\/wp\/v2\/product_cat?post=6258"},{"taxonomy":"product_tag","embeddable":true,"href":"https:\/\/riikkapontynen.com\/Fengshuisisustuskurssi\/wp-json\/wp\/v2\/product_tag?post=6258"}],"curies":[{"name":"wp","href":"https:\/\/api.w.org\/{rel}","templated":true}]}}