{"id":6095,"date":"2022-10-14T16:45:47","date_gmt":"2022-10-14T14:45:47","guid":{"rendered":"https:\/\/riikkapontynen.com\/Fengshuisisustuskurssi\/?post_type=product&#038;p=6095"},"modified":"2025-02-07T06:27:42","modified_gmt":"2025-02-07T04:27:42","slug":"fengshui-eri-huoneissa-video-oppitunti","status":"publish","type":"product","link":"https:\/\/riikkapontynen.com\/Fengshuisisustuskurssi\/tuote\/fengshui-eri-huoneissa-video-oppitunti\/","title":{"rendered":"Fengshui eri huoneissa video-oppitunti"},"content":{"rendered":"<h4>Fengshui video-oppitunnit sopivat sinulle, joka<\/h4>\n<ul>\n<li>olet kiinnostunut oppimaan itse tapoja lis\u00e4t\u00e4 hyvinvointiasi kotisi v\u00e4lityksell\u00e4<\/li>\n<li>haluat opiskella omassa rauhassasi kotoasi, m\u00f6kilt\u00e4si tai muualta k\u00e4sin<\/li>\n<li>kaipaat kertausta tai syv\u00e4llisemp\u00e4\u00e4 opetusta vain tiettyyn fengshuin osa-alueeseen liittyen<\/li>\n<li>toivot k\u00e4yt\u00e4nn\u00f6nl\u00e4heist\u00e4 ja selkokielist\u00e4 opetusta, jonka avulla haastavammatkin aiheet on helpompi omaksua<\/li>\n<li>haluat oppia fengshuita aihe ja teema kerrallaan ja edet\u00e4 t\u00e4ysin omassa tahdissasi, ilman kiireen tuntua<\/li>\n<li>et kiireisen el\u00e4m\u00e4ntilanteen tai muun syyn vuoksi halua sitoutua pitk\u00e4kestoisiin verkkokursseihin.<\/li>\n<\/ul>\n<h4>Mit\u00e4 oppitunti sis\u00e4lt\u00e4\u00e4<\/h4>\n<ul>\n<li>Videotaltioinnin aiheeseen liittyv\u00e4st\u00e4 oppitunnista \/ ty\u00f6pajasta verkossa, kesto noin 1 -1,5 h<\/li>\n<li>Kirjallisen opetusmateriaalin eli videolla n\u00e4ht\u00e4v\u00e4t diat ladattavana ja tulostettavana pdf-tiedostona<\/li>\n<li>Rajattoman p\u00e4\u00e4syn video-oppitunnille, eli materiaali on k\u00e4yt\u00f6ss\u00e4si niin pitk\u00e4\u00e4n kuin vain tarvitset<\/li>\n<li>Opettajana fengshui-konsultti, visualisti ja Fengshui Akatemian perustaja Riikka P\u00f6ntynen, jolla on yli kuuden vuoden kokemus ty\u00f6st\u00e4 fengshui-konsulttina.<\/li>\n<\/ul>\n<p><strong>Video-oppitunnin linkki l\u00e4hetet\u00e4\u00e4n automaattisesti s\u00e4hk\u00f6postiisi tilauksesi yhteydess\u00e4. Opetusmateriaalin p\u00e4\u00e4set lataamaan s\u00e4hk\u00f6postiin saapuvasta latauslinkist\u00e4.\u00a0<\/strong><strong>Tallenna tiedosto ja linkki itsellesi my\u00f6hemp\u00e4\u00e4 k\u00e4ytt\u00f6\u00e4 varten.<\/strong><\/p>\n","protected":false},"excerpt":{"rendered":"<p>T\u00e4ll\u00e4 Fengshui eri huoneissa -video-oppitunnilla opit mm.:<\/p>\n<ul>\n<li>Mit\u00e4 huomioida eteisen, keitti\u00f6n, olohuoneen, makuuhuoneen ja lastenhuoneiden sisustamisessa<\/li>\n<li>Mit\u00e4 asioita ja esineit\u00e4 sinun ei tulisi pit\u00e4\u00e4 esill\u00e4 kotonasi ja miksi<\/li>\n<li>Millaisia vaikutuksia wc:ll\u00e4 ja kylpyhuoneella on fengshui-opissa<\/li>\n<li>Yleisi\u00e4 fengshui-myyttej\u00e4 ja mitk\u00e4 niist\u00e4 ovat totta (ja mitk\u00e4 eiv\u00e4t) sek\u00e4<\/li>\n<li>Kuinka harmonisoit kotisi rakenteellisia ratkaisuja, joihin et voi itse vaikuttaa.<\/li>\n<\/ul>\n<p>Fengshui eri huoneissa video-oppitunti sis\u00e4lt\u00e4\u00e4 1 h 40 min mittaisen videon, sek\u00e4 videolla n\u00e4ht\u00e4v\u00e4n 48-sivuisen kirjallisen opetusmateriaalin pdf-muodossa.<\/p>\n<p><strong>Linkki video-oppitunnille sek\u00e4 opetusmateriaalin latauslinkki l\u00e4hetet\u00e4\u00e4n s\u00e4hk\u00f6postiisi automaattisesti muutaman minuutin kuluessa ostostasi. Jos et l\u00f6yd\u00e4 s\u00e4hk\u00f6postia, niin tarkastathan my\u00f6s muut mahdolliset kansiot (kuten roskaposti), johon s\u00e4hk\u00f6postiohjelmasi voi ohjata viestej\u00e4.\u00a0<\/strong><\/p>\n","protected":false},"featured_media":5754,"comment_status":"closed","ping_status":"closed","template":"","meta":{"nf_dc_page":""},"product_brand":[],"product_cat":[27],"product_tag":[56,69,52,53,68,61],"class_list":{"0":"post-6095","1":"product","2":"type-product","3":"status-publish","4":"has-post-thumbnail","6":"product_cat-verkkokurssit-ja-koulutukset","7":"product_tag-fengshui-elementit","8":"product_tag-fengshui-kompassi","9":"product_tag-fengshui-kurssi","10":"product_tag-fengshui-verkkokurssi","11":"product_tag-kompassin-kaytto","12":"product_tag-viisi-elementtia","14":"first","15":"instock","16":"downloadable","17":"virtual","18":"taxable","19":"purchasable","20":"product-type-simple"},"jetpack_sharing_enabled":true,"_links":{"self":[{"href":"https:\/\/riikkapontynen.com\/Fengshuisisustuskurssi\/wp-json\/wp\/v2\/product\/6095","targetHints":{"allow":["GET"]}}],"collection":[{"href":"https:\/\/riikkapontynen.com\/Fengshuisisustuskurssi\/wp-json\/wp\/v2\/product"}],"about":[{"href":"https:\/\/riikkapontynen.com\/Fengshuisisustuskurssi\/wp-json\/wp\/v2\/types\/product"}],"replies":[{"embeddable":true,"href":"https:\/\/riikkapontynen.com\/Fengshuisisustuskurssi\/wp-json\/wp\/v2\/comments?post=6095"}],"version-history":[{"count":1,"href":"https:\/\/riikkapontynen.com\/Fengshuisisustuskurssi\/wp-json\/wp\/v2\/product\/6095\/revisions"}],"predecessor-version":[{"id":10277,"href":"https:\/\/riikkapontynen.com\/Fengshuisisustuskurssi\/wp-json\/wp\/v2\/product\/6095\/revisions\/10277"}],"wp:featuredmedia":[{"embeddable":true,"href":"https:\/\/riikkapontynen.com\/Fengshuisisustuskurssi\/wp-json\/wp\/v2\/media\/5754"}],"wp:attachment":[{"href":"https:\/\/riikkapontynen.com\/Fengshuisisustuskurssi\/wp-json\/wp\/v2\/media?parent=6095"}],"wp:term":[{"taxonomy":"product_brand","embeddable":true,"href":"https:\/\/riikkapontynen.com\/Fengshuisisustuskurssi\/wp-json\/wp\/v2\/product_brand?post=6095"},{"taxonomy":"product_cat","embeddable":true,"href":"https:\/\/riikkapontynen.com\/Fengshuisisustuskurssi\/wp-json\/wp\/v2\/product_cat?post=6095"},{"taxonomy":"product_tag","embeddable":true,"href":"https:\/\/riikkapontynen.com\/Fengshuisisustuskurssi\/wp-json\/wp\/v2\/product_tag?post=6095"}],"curies":[{"name":"wp","href":"https:\/\/api.w.org\/{rel}","templated":true}]}}