{"id":5681,"date":"2022-05-06T08:25:26","date_gmt":"2022-05-06T06:25:26","guid":{"rendered":"http:\/\/riikkapontynen.com\/Fengshuisisustuskurssi\/?post_type=product&#038;p=5681"},"modified":"2025-09-09T12:28:23","modified_gmt":"2025-09-09T10:28:23","slug":"ming-gua-onnennumeron-laskeminen","status":"publish","type":"product","link":"https:\/\/riikkapontynen.com\/Fengshuisisustuskurssi\/tuote\/ming-gua-onnennumeron-laskeminen\/","title":{"rendered":"Ming Gua ja suotuisat ilmansuunnat"},"content":{"rendered":"<h4>Oleko miettinyt miksi jotkut ovat energisempi\u00e4, pysyv\u00e4t terveen\u00e4, solmivat yst\u00e4vyyssuhteita ja vaurastuvat helpommin?<\/h4>\n<p>&nbsp;<\/p>\n<p><strong>Kiinalaisen filosofian mukaan ymp\u00e4rist\u00f6tekij\u00e4t ovat hyvinvoinnin ja menestyksen ytimess\u00e4.\u00a0<\/strong><\/p>\n<p>Sinun tulee vain ottaa selv\u00e4\u00e4 siit\u00e4, mitk\u00e4 asiat ovat <strong>juuri sinulle<\/strong> hyvi\u00e4 tai haitallisia&#8230;<\/p>\n<p>Ja siin\u00e4 p\u00e4\u00e4set alkuun <strong>selvitt\u00e4m\u00e4ll\u00e4 oman kohtalon trigrammisi eli onnenlukusi<\/strong>.<\/p>\n<p>Ming Gua kohtalon trigrammin eli onnenluvun avulla saat tiedon siit\u00e4, kuinka sijoittelet kalusteesi oikein ja mitk\u00e4 ilmansuunnista ovat sinulle suotuisia.<\/p>\n<p>L\u00f6yd\u00e4t ohjeita Ming Gua -luvun laskemiseen my\u00f6s netist\u00e4 ja kirjoista. Ne eiv\u00e4t kuitenkaan kerro koko totuutta, koska:<\/p>\n<ul>\n<li>Syntym\u00e4vuosi m\u00e4\u00e4ritet\u00e4\u00e4n kiinalaisen kalenterin, eik\u00e4 suomalaisen kalenterin mukaan.<\/li>\n<li>Useimmissa l\u00e4hteiss\u00e4 sinulle annetaan tulokseksi Ming Gua -luku ja vain yksi siihen yhdistett\u00e4v\u00e4 yksi ilmansuunta kaikkien nelj\u00e4n sijaan.<\/li>\n<\/ul>\n<p>Saadaksesi parhaita tuloksia sek\u00e4 vaurastumisen, terveyden ett\u00e4 ihmissuhteiden saralla, on sinun tiedett\u00e4v\u00e4 <strong>kaikelle niihin liittyv\u00e4lle tekemisellesi<\/strong> parhaat ilmansuunnat, jonne suuntaat silloin kasvosi.<\/p>\n<p>&nbsp;<\/p>\n<h4>T\u00e4st\u00e4 kolmiosaisesta tiedostosta saat kaiken tarvittavan tiedon Ming Gua -lukusi laskemiseen ja sinulle suotuisien ilmansuuntien selvitt\u00e4miseen.<\/h4>\n<p>&nbsp;<\/p>\n<p><strong>Maksamisen j\u00e4lkeen sinut ohjataan sivulle, josta p\u00e4\u00e4set lataamaan tiedoston omalle koneellesi. Latauslinkki l\u00e4hetet\u00e4\u00e4n my\u00f6s s\u00e4hk\u00f6postiisi muutaman minuutin kuluessa tilauksestasi. <\/strong><strong>Latauslinkki toimii viisi (5) kertaa. Avaa tiedosto laitteella, jonne voit tallentaa tiedoston heti avaamisen j\u00e4lkeen. Voit my\u00f6s halutessasi tulostaa ne omia muistiinpanojasi varten.\u00a0<\/strong><\/p>\n<p>&nbsp;<\/p>\n<hr \/>\n<p><span style=\"font-weight: 400;\">Tiedostot on tarkoitettu yksityiseen k\u00e4ytt\u00f6\u00f6n yksityishenkil\u00f6ille. Tiedostojen sis\u00e4ll\u00f6n tai sis\u00e4ll\u00f6n osan saattaminen yleis\u00f6n saataviin levitt\u00e4m\u00e4ll\u00e4, esitt\u00e4m\u00e4ll\u00e4 tai n\u00e4ytt\u00e4m\u00e4ll\u00e4 julkisesti tai kappaleiden valmistaminen sis\u00e4ll\u00f6st\u00e4 tai sen osasta ilman tekij\u00e4noikeuden haltijan (Riikka P\u00f6ntynen ja Fengshui Akatemia) etuk\u00e4teen antamaa kirjallista suostumusta on kielletty. <\/span><span style=\"font-weight: 400;\">Tilaajalla ei ole oikeutta oppaan tai sen osan julkaisemiseen tai edelleen luovuttamiseen. Tilaajalla ei ole oikeutta hy\u00f6dynt\u00e4\u00e4 palvelua tai sen osia kaupalliseen k\u00e4ytt\u00f6\u00f6n tai kilpailevaan toimintaan.<\/span><\/p>\n<p>&nbsp;<\/p>\n","protected":false},"excerpt":{"rendered":"<p>Opi tunnistamaan omat suotuisat ilmansuuntasi, sek\u00e4 kuinka hy\u00f6dynn\u00e4t niit\u00e4 eri askareissasi ja sisustamisessa!<\/p>\n<p>T\u00e4m\u00e4n ladattavan tiedoston avulla opit selvitt\u00e4m\u00e4\u00e4n sek\u00e4 oman, ett\u00e4 perheenj\u00e4sentesi Ming Gua -onnenluvut eli kohtalon trigrammit.<\/p>\n<p>Ming Gua -luku kertoo, mitk\u00e4 ilmansuunnista ovat parhaita vaurastumiselle, terveydelle ja ihmissuhteille. Tiedon perusteella voit valita parhaaat paikat ja suunnat kun nukut, ruokailet, ty\u00f6skentelet sek\u00e4 olet sosiaalisessa kanssak\u00e4ymisess\u00e4 muiden ihmisten tai yst\u00e4viesi kanssa.<\/p>\n<p>Tiedosto on PDF-muodossa ja siin\u00e4 on kolme sivua. Helpon laskukaavan lis\u00e4ksi l\u00f6yd\u00e4t siit\u00e4 taulukon kiinalaisen kalenterin vuoden ensimm\u00e4isist\u00e4 p\u00e4ivist\u00e4 vuosina 1950-2009, sek\u00e4 ilmansuuntaryhm\u00e4t ja suotuisat ilmansuunnat kaikille Ming Gua -luvuille.<\/p>\n<p>Kassan j\u00e4lkeen sinut ohjataan sivulle, josta p\u00e4\u00e4set lataamaan tiedoston omalle koneellesi. Latauslinkki l\u00e4hetet\u00e4\u00e4n my\u00f6s s\u00e4hk\u00f6postiisi muutaman minuutin kuluessa tilauksestasi. Jos et l\u00f6yd\u00e4 s\u00e4hk\u00f6postia, niin tarkastathan my\u00f6s muut mahdolliset kansiot (kuten roskaposti), jonne s\u00e4hk\u00f6postiohjelmasi voi ohjata viestej\u00e4. Latauslinkki toimii viisi (5) kertaa. Avaa tiedosto laitteella, jonne voit tallentaa sen heti avaamisen j\u00e4lkeen.<\/p>\n","protected":false},"featured_media":7861,"comment_status":"closed","ping_status":"closed","template":"","meta":{"nf_dc_page":""},"product_brand":[],"product_cat":[54],"product_tag":[74,56,55,80,59,81,78,79,57],"class_list":{"0":"post-5681","1":"product","2":"type-product","3":"status-publish","4":"has-post-thumbnail","6":"product_cat-kirjat-ja-oppaat","7":"product_tag-astrologia","8":"product_tag-fengshui-elementit","9":"product_tag-fengshui-opas","10":"product_tag-ilmansuunnat","11":"product_tag-kodin-energiat","12":"product_tag-kodin-sisustaminen","13":"product_tag-ming-gua","14":"product_tag-onnennumero","15":"product_tag-opetusmateriaalit","17":"first","18":"instock","19":"downloadable","20":"virtual","21":"taxable","22":"purchasable","23":"product-type-simple"},"jetpack_sharing_enabled":true,"_links":{"self":[{"href":"https:\/\/riikkapontynen.com\/Fengshuisisustuskurssi\/wp-json\/wp\/v2\/product\/5681","targetHints":{"allow":["GET"]}}],"collection":[{"href":"https:\/\/riikkapontynen.com\/Fengshuisisustuskurssi\/wp-json\/wp\/v2\/product"}],"about":[{"href":"https:\/\/riikkapontynen.com\/Fengshuisisustuskurssi\/wp-json\/wp\/v2\/types\/product"}],"replies":[{"embeddable":true,"href":"https:\/\/riikkapontynen.com\/Fengshuisisustuskurssi\/wp-json\/wp\/v2\/comments?post=5681"}],"version-history":[{"count":3,"href":"https:\/\/riikkapontynen.com\/Fengshuisisustuskurssi\/wp-json\/wp\/v2\/product\/5681\/revisions"}],"predecessor-version":[{"id":10833,"href":"https:\/\/riikkapontynen.com\/Fengshuisisustuskurssi\/wp-json\/wp\/v2\/product\/5681\/revisions\/10833"}],"wp:featuredmedia":[{"embeddable":true,"href":"https:\/\/riikkapontynen.com\/Fengshuisisustuskurssi\/wp-json\/wp\/v2\/media\/7861"}],"wp:attachment":[{"href":"https:\/\/riikkapontynen.com\/Fengshuisisustuskurssi\/wp-json\/wp\/v2\/media?parent=5681"}],"wp:term":[{"taxonomy":"product_brand","embeddable":true,"href":"https:\/\/riikkapontynen.com\/Fengshuisisustuskurssi\/wp-json\/wp\/v2\/product_brand?post=5681"},{"taxonomy":"product_cat","embeddable":true,"href":"https:\/\/riikkapontynen.com\/Fengshuisisustuskurssi\/wp-json\/wp\/v2\/product_cat?post=5681"},{"taxonomy":"product_tag","embeddable":true,"href":"https:\/\/riikkapontynen.com\/Fengshuisisustuskurssi\/wp-json\/wp\/v2\/product_tag?post=5681"}],"curies":[{"name":"wp","href":"https:\/\/api.w.org\/{rel}","templated":true}]}}