{"id":5676,"date":"2022-05-06T07:22:49","date_gmt":"2022-05-06T05:22:49","guid":{"rendered":"http:\/\/riikkapontynen.com\/Fengshuisisustuskurssi\/?post_type=product&#038;p=5676"},"modified":"2025-02-07T06:28:00","modified_gmt":"2025-02-07T04:28:00","slug":"kodin-koordinaatit-tyopajan-opetusmateriaali","status":"publish","type":"product","link":"https:\/\/riikkapontynen.com\/Fengshuisisustuskurssi\/tuote\/kodin-koordinaatit-tyopajan-opetusmateriaali\/","title":{"rendered":"Kodin koordinaatit -ty\u00f6pajan opetusmateriaali"},"content":{"rendered":"<h4><span>Kodin koordinaatit -ty\u00f6pajassa ja Kodin koordinaatit -video-oppitunnilla p\u00e4\u00e4set sukeltamaan syv\u00e4lle sis\u00e4\u00e4n fengshuin n\u00e4kym\u00e4tt\u00f6mien energioiden maailmaan!\u00a0<\/span><\/h4>\n<p>&nbsp;<\/p>\n<p><span>T\u00e4m\u00e4 opetusmateriaali sis\u00e4lt\u00e4\u00e4 ty\u00f6pajassa ja video-oppitunnilla esitetyt diat ladattavana pdf-tiedostona, jossa on 30 sivua. Opetusmateriaalin tarkoituksena on tukea aiheen sis\u00e4ist\u00e4mist\u00e4 ja muistamista, joten se toimii parhaiten yhdess\u00e4 videotallenteen kanssa.\u00a0<\/span><\/p>\n<p><span><\/span><strong>Kodin koordinaatit -opetusmateriaalissa ja videolla k\u00e4sitelt\u00e4vi\u00e4 aiheita ovat mm.: <\/strong><\/p>\n<ul>\n<li><span>Maaston muotojen ja viiden el\u00e4imen vaikutukset <\/span><\/li>\n<li><span>Kompassin k\u00e4ytt\u00f6 kodin koordinaattien selvitt\u00e4misess\u00e4 <\/span><\/li>\n<li><span>Mit\u00e4 ovat rakennuksen istuma ja katsoma, ja miksi ne on t\u00e4rke\u00e4\u00e4 tunnistaa<\/span><\/li>\n<li><span>Kotisi ja pihasi energeettisesti parhaiden (ja heikoimpien) alueiden kartoittaminen sek\u00e4 <\/span><\/li>\n<li><span>Uudet tavat ja menetelm\u00e4t kodin ja asukkaiden yhteensopivuuden selvitt\u00e4miseen.<\/span><\/li>\n<\/ul>\n<p>Jos olet aiemmin osallistunut Kodin koordinaatit -ty\u00f6pajaan, tai kiinnostunut tilaamaan <strong>vain opetusmateriaalin<\/strong> ilman video-oppituntia, niin valitse t\u00e4m\u00e4 tuote.<\/p>\n<p>Jos olet jo tilannut, tai suunnittelet tilaavasi video-oppitunnin kodin koordinaateista, sis\u00e4ltyy t\u00e4m\u00e4 kirjallinen opetusmateriaali video-oppituntiin eik\u00e4 sinun tarvitse tilata t\u00e4t\u00e4 tuotetta erikseen.<\/p>\n<p><strong>Kassan j\u00e4lkeen sinut ohjataan sivulle, josta p\u00e4\u00e4set lataamaan tiedoston omalle koneellesi. Latauslinkki l\u00e4hetet\u00e4\u00e4n my\u00f6s kuitin mukana s\u00e4hk\u00f6postiisi. Latauslinkki toimii kolme (3) kertaa. Avaa latauslinkki tietokoneella, jonne voit tallentaa tiedoston heti sen avattuasi.<\/strong><\/p>\n<p>&nbsp;<\/p>\n","protected":false},"excerpt":{"rendered":"<p>Tilaa t\u00e4st\u00e4 5.5.22 pidetyn Kodin koordinaatit -ty\u00f6pajan kirjallinen opetusmateriaali eli ty\u00f6pajassa ja siit\u00e4 tehdyll\u00e4 videotallenteella n\u00e4ytetyt diat ladattavana pdf-tiedostona. Tiedostossa on yhteens\u00e4 30 sivua. Voit halutessasi tulostaa tiedoston ja tehd\u00e4 siihen omia muistiinpanojasi.<\/p>\n<p>Kassan j\u00e4lkeen sinut ohjataan sivulle, josta p\u00e4\u00e4set lataamaan tiedoston omalle koneellesi. Latauslinkki l\u00e4hetet\u00e4\u00e4n my\u00f6s kuitin mukana s\u00e4hk\u00f6postiisi. Latauslinkki toimii kolme (3) kertaa. Avaa latauslinkki tietokoneella, jonne voit tallentaa tiedoston heti sen avattuasi.<\/p>\n","protected":false},"featured_media":5678,"comment_status":"closed","ping_status":"closed","template":"","meta":{"nf_dc_page":""},"product_brand":[],"product_cat":[54],"product_tag":[56,52,55,75,76,59,73,70,77],"class_list":{"0":"post-5676","1":"product","2":"type-product","3":"status-publish","4":"has-post-thumbnail","6":"product_cat-kirjat-ja-oppaat","7":"product_tag-fengshui-elementit","8":"product_tag-fengshui-kurssi","9":"product_tag-fengshui-opas","10":"product_tag-istuma","11":"product_tag-katsoma","12":"product_tag-kodin-energiat","13":"product_tag-oma-elementti","14":"product_tag-viisi-elainta","15":"product_tag-yin-ja-yang","17":"first","18":"instock","19":"downloadable","20":"virtual","21":"taxable","22":"purchasable","23":"product-type-simple"},"jetpack_sharing_enabled":true,"_links":{"self":[{"href":"https:\/\/riikkapontynen.com\/Fengshuisisustuskurssi\/wp-json\/wp\/v2\/product\/5676","targetHints":{"allow":["GET"]}}],"collection":[{"href":"https:\/\/riikkapontynen.com\/Fengshuisisustuskurssi\/wp-json\/wp\/v2\/product"}],"about":[{"href":"https:\/\/riikkapontynen.com\/Fengshuisisustuskurssi\/wp-json\/wp\/v2\/types\/product"}],"replies":[{"embeddable":true,"href":"https:\/\/riikkapontynen.com\/Fengshuisisustuskurssi\/wp-json\/wp\/v2\/comments?post=5676"}],"version-history":[{"count":2,"href":"https:\/\/riikkapontynen.com\/Fengshuisisustuskurssi\/wp-json\/wp\/v2\/product\/5676\/revisions"}],"predecessor-version":[{"id":9955,"href":"https:\/\/riikkapontynen.com\/Fengshuisisustuskurssi\/wp-json\/wp\/v2\/product\/5676\/revisions\/9955"}],"wp:featuredmedia":[{"embeddable":true,"href":"https:\/\/riikkapontynen.com\/Fengshuisisustuskurssi\/wp-json\/wp\/v2\/media\/5678"}],"wp:attachment":[{"href":"https:\/\/riikkapontynen.com\/Fengshuisisustuskurssi\/wp-json\/wp\/v2\/media?parent=5676"}],"wp:term":[{"taxonomy":"product_brand","embeddable":true,"href":"https:\/\/riikkapontynen.com\/Fengshuisisustuskurssi\/wp-json\/wp\/v2\/product_brand?post=5676"},{"taxonomy":"product_cat","embeddable":true,"href":"https:\/\/riikkapontynen.com\/Fengshuisisustuskurssi\/wp-json\/wp\/v2\/product_cat?post=5676"},{"taxonomy":"product_tag","embeddable":true,"href":"https:\/\/riikkapontynen.com\/Fengshuisisustuskurssi\/wp-json\/wp\/v2\/product_tag?post=5676"}],"curies":[{"name":"wp","href":"https:\/\/api.w.org\/{rel}","templated":true}]}}