{"id":5193,"date":"2022-02-18T12:05:44","date_gmt":"2022-02-18T10:05:44","guid":{"rendered":"http:\/\/riikkapontynen.com\/Fengshuisisustuskurssi\/?post_type=product&#038;p=5193"},"modified":"2025-02-07T06:30:02","modified_gmt":"2025-02-07T04:30:02","slug":"energiapuhdistus-tyopajan-opetusmateriaali","status":"publish","type":"product","link":"https:\/\/riikkapontynen.com\/Fengshuisisustuskurssi\/tuote\/energiapuhdistus-tyopajan-opetusmateriaali\/","title":{"rendered":"Energiapuhdistus -ty\u00f6pajan opetusmateriaali"},"content":{"rendered":"<h4><span>Fengshui Energiapuhdistus -ty\u00f6pajassa ja Energiapuhdistus -video-oppitunnilla p\u00e4\u00e4set sukeltamaan syv\u00e4lle sis\u00e4\u00e4n fengshuin n\u00e4kym\u00e4tt\u00f6mien energioiden maailmaan!\u00a0<\/span><\/h4>\n<p>&nbsp;<\/p>\n<p><span>T\u00e4m\u00e4 opetusmateriaali sis\u00e4lt\u00e4\u00e4 ty\u00f6pajassa ja video-oppitunnilla esitetyt diat ladattavana pdf-tiedostona, jossa on 35 sivua. Opetusmateriaalin tarkoituksena on tukea aiheen sis\u00e4ist\u00e4mist\u00e4 ja muistamista, joten se toimii parhaiten yhdess\u00e4 videotallenteen kanssa.\u00a0<\/span><\/p>\n<p><span><\/span><strong>Energiapuhdistus -opetusmateriaalissa ja videolla k\u00e4sitelt\u00e4vi\u00e4 aiheita ovat mm.: <\/strong><\/p>\n<ul>\n<li><span>Mitk\u00e4 ovat yleisimpi\u00e4 n\u00e4kym\u00e4tt\u00f6mi\u00e4 haittatekij\u00f6it\u00e4 kotona<\/span><\/li>\n<li>Miksi energiapuhdistusta tehd\u00e4\u00e4n<\/li>\n<li>Milloin tehd\u00e4 energiapuhdistus<\/li>\n<li>Kuinka selvit\u00e4t mahdolliset haitalliset energiat sek\u00e4<\/li>\n<li>Miten energiapuhdistus tehd\u00e4\u00e4n.<\/li>\n<\/ul>\n<p>Lis\u00e4ksi opetusmateriaalissa ja videolla kerrotaan lyhyesti energiapuhdistuksen historiasta ja erilaisten puhdistusmenetelmien eroista.<\/p>\n<p>Jos olet aiemmin osallistunut Energiapuhdistus -ty\u00f6pajaan, tai kiinnostunut tilaamaan <strong>vain opetusmateriaalin<\/strong> ilman video-oppituntia, niin valitse t\u00e4m\u00e4 tuote.<\/p>\n<p>Jos olet jo tilannut, tai suunnittelet tilaavasi video-oppitunnin energiapuhdistuksen tekemisest\u00e4, sis\u00e4ltyy t\u00e4m\u00e4 kirjallinen opetusmateriaali video-oppituntiin eik\u00e4 sinun tarvitse tilata t\u00e4t\u00e4 tuotetta erikseen.<\/p>\n<p><strong>Kassan j\u00e4lkeen sinut ohjataan sivulle, josta p\u00e4\u00e4set lataamaan tiedoston omalle koneellesi. Latauslinkki l\u00e4hetet\u00e4\u00e4n my\u00f6s kuitin mukana s\u00e4hk\u00f6postiisi. Latauslinkki toimii kolme (3) kertaa. Avaa latauslinkki tietokoneella, jonne voit tallentaa tiedoston heti sen avattuasi.<\/strong><\/p>\n<p>&nbsp;<\/p>\n","protected":false},"excerpt":{"rendered":"<p>Tilaa t\u00e4st\u00e4 17.2.22 pidetyn Energiapuhdistus -ty\u00f6pajan kirjallinen opetusmateriaali eli ty\u00f6pajassa ja siit\u00e4 tehdyll\u00e4 videotallenteella n\u00e4ytetyt diat ladattavana pdf-tiedostona. Tiedostossa on yhteens\u00e4 35 sivua. Voit halutessasi tulostaa tiedoston ja tehd\u00e4 siihen omia muistiinpanojasi.<\/p>\n<p>Kassan j\u00e4lkeen sinut ohjataan sivulle, josta p\u00e4\u00e4set lataamaan tiedoston omalle koneellesi. Latauslinkki l\u00e4hetet\u00e4\u00e4n my\u00f6s kuitin mukana s\u00e4hk\u00f6postiisi. Latauslinkki toimii kolme (3) kertaa. Avaa latauslinkki tietokoneella, jonne voit tallentaa tiedoston heti sen avattuasi.<\/p>\n","protected":false},"featured_media":5201,"comment_status":"closed","ping_status":"closed","template":"","meta":{"nf_dc_page":""},"product_brand":[],"product_cat":[54],"product_tag":[58,55,59],"class_list":{"0":"post-5193","1":"product","2":"type-product","3":"status-publish","4":"has-post-thumbnail","6":"product_cat-kirjat-ja-oppaat","7":"product_tag-energiapuhdistus","8":"product_tag-fengshui-opas","9":"product_tag-kodin-energiat","11":"first","12":"instock","13":"downloadable","14":"virtual","15":"taxable","16":"purchasable","17":"product-type-simple"},"jetpack_sharing_enabled":true,"_links":{"self":[{"href":"https:\/\/riikkapontynen.com\/Fengshuisisustuskurssi\/wp-json\/wp\/v2\/product\/5193","targetHints":{"allow":["GET"]}}],"collection":[{"href":"https:\/\/riikkapontynen.com\/Fengshuisisustuskurssi\/wp-json\/wp\/v2\/product"}],"about":[{"href":"https:\/\/riikkapontynen.com\/Fengshuisisustuskurssi\/wp-json\/wp\/v2\/types\/product"}],"replies":[{"embeddable":true,"href":"https:\/\/riikkapontynen.com\/Fengshuisisustuskurssi\/wp-json\/wp\/v2\/comments?post=5193"}],"version-history":[{"count":2,"href":"https:\/\/riikkapontynen.com\/Fengshuisisustuskurssi\/wp-json\/wp\/v2\/product\/5193\/revisions"}],"predecessor-version":[{"id":9960,"href":"https:\/\/riikkapontynen.com\/Fengshuisisustuskurssi\/wp-json\/wp\/v2\/product\/5193\/revisions\/9960"}],"wp:featuredmedia":[{"embeddable":true,"href":"https:\/\/riikkapontynen.com\/Fengshuisisustuskurssi\/wp-json\/wp\/v2\/media\/5201"}],"wp:attachment":[{"href":"https:\/\/riikkapontynen.com\/Fengshuisisustuskurssi\/wp-json\/wp\/v2\/media?parent=5193"}],"wp:term":[{"taxonomy":"product_brand","embeddable":true,"href":"https:\/\/riikkapontynen.com\/Fengshuisisustuskurssi\/wp-json\/wp\/v2\/product_brand?post=5193"},{"taxonomy":"product_cat","embeddable":true,"href":"https:\/\/riikkapontynen.com\/Fengshuisisustuskurssi\/wp-json\/wp\/v2\/product_cat?post=5193"},{"taxonomy":"product_tag","embeddable":true,"href":"https:\/\/riikkapontynen.com\/Fengshuisisustuskurssi\/wp-json\/wp\/v2\/product_tag?post=5193"}],"curies":[{"name":"wp","href":"https:\/\/api.w.org\/{rel}","templated":true}]}}