{"id":5147,"date":"2022-02-14T13:00:02","date_gmt":"2022-02-14T11:00:02","guid":{"rendered":"http:\/\/riikkapontynen.com\/Fengshuisisustuskurssi\/?post_type=product&#038;p=5147"},"modified":"2025-01-31T08:33:00","modified_gmt":"2025-01-31T06:33:00","slug":"elementtien-luokittelu-ja-kayttaminen-sisustuksessa","status":"publish","type":"product","link":"https:\/\/riikkapontynen.com\/Fengshuisisustuskurssi\/tuote\/elementtien-luokittelu-ja-kayttaminen-sisustuksessa\/","title":{"rendered":"Elementtien luokittelu ja k\u00e4ytt\u00e4minen sisustuksessa"},"content":{"rendered":"<h4>Nyt voit hankkia Tunne kotisi! Fengshui sisustuskurssiin sis\u00e4ltyvi\u00e4 kirjallisia opetusmateriaaleja erikseen, ilman osallistumista kurssille!<\/h4>\n<p>&nbsp;<\/p>\n<h5>T\u00e4m\u00e4 tuote sis\u00e4lt\u00e4\u00e4 taulukon fengshuin viiden elementin mukaisesta luokittelusta ja tavoista k\u00e4ytt\u00e4\u00e4 elementtej\u00e4 sisustuksessa.<\/h5>\n<h6><span style=\"color: #e00000;\"><a href=\"http:\/\/riikkapontynen.com\/Fengshuisisustuskurssi\/tuote\/tunne-kotisi-fengshui-materiaalipaketti\/\" style=\"color: #e00000;\">Voit my\u00f6s tilata koko Tunne kotisi! Fengshui Materiaalipaketin kerralla (s\u00e4\u00e4st\u00f6 5,50 \u20ac) t\u00e4st\u00e4!<\/a><\/span><\/h6>\n<p>&nbsp;<\/p>\n<p><strong>Maksamisen j\u00e4lkeen sinut ohjataan sivulle, josta p\u00e4\u00e4set lataamaan tiedoston omalle koneellesi. Latauslinkki l\u00e4hetet\u00e4\u00e4n my\u00f6s s\u00e4hk\u00f6postiisi muutaman minuutin kuluessa tilauksestasi. <\/strong><strong>Latauslinkki toimii viisi (5) kertaa. Avaa tiedosto laitteella, jonne voit tallentaa tiedoston heti avaamisen j\u00e4lkeen. Voit my\u00f6s halutessasi tulostaa ne omia muistiinpanojasi varten.\u00a0<\/strong><\/p>\n<p>&nbsp;<\/p>\n<hr \/>\n<p><span style=\"font-weight: 400;\">Tiedostot on tarkoitettu yksityiseen k\u00e4ytt\u00f6\u00f6n yksityishenkil\u00f6ille. Tiedostojen sis\u00e4ll\u00f6n tai sis\u00e4ll\u00f6n osan saattaminen yleis\u00f6n saataviin levitt\u00e4m\u00e4ll\u00e4, esitt\u00e4m\u00e4ll\u00e4 tai n\u00e4ytt\u00e4m\u00e4ll\u00e4 julkisesti tai kappaleiden valmistaminen sis\u00e4ll\u00f6st\u00e4 tai sen osasta ilman tekij\u00e4noikeuden haltijan (Riikka P\u00f6ntynen ja Fengshui Akatemia) etuk\u00e4teen antamaa kirjallista suostumusta on kielletty. <\/span><span style=\"font-weight: 400;\">Tilaajalla ei ole oikeutta oppaan tai sen osan julkaisemiseen tai edelleen luovuttamiseen. Tilaajalla ei ole oikeutta hy\u00f6dynt\u00e4\u00e4 palvelua tai sen osia kaupalliseen k\u00e4ytt\u00f6\u00f6n tai kilpailevaan toimintaan.<\/span><\/p>\n<p>&nbsp;<\/p>\n","protected":false},"excerpt":{"rendered":"<p>Nyt voit tilata Tunne kotisi! Fengshui sisustuskurssin sis\u00e4lt\u00e4mi\u00e4 laadukkaita ja oppimista helpottavia materiaaleja erikseen, ilman verkkokurssille liittymist\u00e4!<\/p>\n<p>T\u00e4m\u00e4 tuote sis\u00e4lt\u00e4\u00e4 taulukon fengshuin viiden elementin mukaisesta luokittelusta ja tavoista k\u00e4ytt\u00e4\u00e4 elementtej\u00e4 sisustuksessa. Sen avulla voit<span>\u00a0luokitella kaikki kotisi esineet, kuten s\u00e4ngyt, p\u00f6yd\u00e4t, taulut ja koriste-esineet kuuluviksi tiettyihin fengshuin elementteihin.<\/span> Tiedosto on PDF-muodossa ja siin\u00e4 on yksi sivu.<\/p>\n<p>Kassan j\u00e4lkeen sinut ohjataan sivulle, josta p\u00e4\u00e4set lataamaan tiedoston omalle koneellesi. Latauslinkki l\u00e4hetet\u00e4\u00e4n my\u00f6s s\u00e4hk\u00f6postiisi muutaman minuutin kuluessa tilauksestasi. Jos et l\u00f6yd\u00e4 s\u00e4hk\u00f6postia, niin tarkastathan my\u00f6s muut mahdolliset kansiot (kuten roskaposti), jonne s\u00e4hk\u00f6postiohjelmasi voi ohjata viestej\u00e4.<\/p>\n<p><strong>Latauslinkki toimii viisi (5) kertaa. Avaa tiedosto laitteella, jonne voit tallentaa sen heti avaamisen j\u00e4lkeen.<\/strong><\/p>\n","protected":false},"featured_media":7877,"comment_status":"closed","ping_status":"closed","template":"","meta":{"nf_dc_page":""},"product_brand":[],"product_cat":[54],"product_tag":[56,52,55,53,57],"class_list":{"0":"post-5147","1":"product","2":"type-product","3":"status-publish","4":"has-post-thumbnail","6":"product_cat-kirjat-ja-oppaat","7":"product_tag-fengshui-elementit","8":"product_tag-fengshui-kurssi","9":"product_tag-fengshui-opas","10":"product_tag-fengshui-verkkokurssi","11":"product_tag-opetusmateriaalit","13":"first","14":"instock","15":"downloadable","16":"virtual","17":"taxable","18":"purchasable","19":"product-type-simple"},"jetpack_sharing_enabled":true,"_links":{"self":[{"href":"https:\/\/riikkapontynen.com\/Fengshuisisustuskurssi\/wp-json\/wp\/v2\/product\/5147","targetHints":{"allow":["GET"]}}],"collection":[{"href":"https:\/\/riikkapontynen.com\/Fengshuisisustuskurssi\/wp-json\/wp\/v2\/product"}],"about":[{"href":"https:\/\/riikkapontynen.com\/Fengshuisisustuskurssi\/wp-json\/wp\/v2\/types\/product"}],"replies":[{"embeddable":true,"href":"https:\/\/riikkapontynen.com\/Fengshuisisustuskurssi\/wp-json\/wp\/v2\/comments?post=5147"}],"version-history":[{"count":3,"href":"https:\/\/riikkapontynen.com\/Fengshuisisustuskurssi\/wp-json\/wp\/v2\/product\/5147\/revisions"}],"predecessor-version":[{"id":7903,"href":"https:\/\/riikkapontynen.com\/Fengshuisisustuskurssi\/wp-json\/wp\/v2\/product\/5147\/revisions\/7903"}],"wp:featuredmedia":[{"embeddable":true,"href":"https:\/\/riikkapontynen.com\/Fengshuisisustuskurssi\/wp-json\/wp\/v2\/media\/7877"}],"wp:attachment":[{"href":"https:\/\/riikkapontynen.com\/Fengshuisisustuskurssi\/wp-json\/wp\/v2\/media?parent=5147"}],"wp:term":[{"taxonomy":"product_brand","embeddable":true,"href":"https:\/\/riikkapontynen.com\/Fengshuisisustuskurssi\/wp-json\/wp\/v2\/product_brand?post=5147"},{"taxonomy":"product_cat","embeddable":true,"href":"https:\/\/riikkapontynen.com\/Fengshuisisustuskurssi\/wp-json\/wp\/v2\/product_cat?post=5147"},{"taxonomy":"product_tag","embeddable":true,"href":"https:\/\/riikkapontynen.com\/Fengshuisisustuskurssi\/wp-json\/wp\/v2\/product_tag?post=5147"}],"curies":[{"name":"wp","href":"https:\/\/api.w.org\/{rel}","templated":true}]}}