{"id":5107,"date":"2022-02-14T11:03:35","date_gmt":"2022-02-14T09:03:35","guid":{"rendered":"http:\/\/riikkapontynen.com\/Fengshuisisustuskurssi\/?post_type=product&#038;p=5107"},"modified":"2025-01-01T10:41:49","modified_gmt":"2025-01-01T08:41:49","slug":"tunne-kotisi-fengshui-materiaalipaketti","status":"publish","type":"product","link":"https:\/\/riikkapontynen.com\/Fengshuisisustuskurssi\/tuote\/tunne-kotisi-fengshui-materiaalipaketti\/","title":{"rendered":"Tunne kotisi! Fengshui -materiaalipaketti"},"content":{"rendered":"<h4>Nyt voit hankkia Tunne kotisi! Fengshui sisustuskurssiin sis\u00e4ltyv\u00e4n materiaalipaketin my\u00f6s erikseen, ilman osallistumista verkkokurssille tai koulutuksiin!<\/h4>\n<p>&nbsp;<\/p>\n<div class=\"elementor-element elementor-element-63c0567d elementor-widget elementor-widget-heading\" data-id=\"63c0567d\" data-element_type=\"widget\" data-widget_type=\"heading.default\">\n<div class=\"elementor-widget-container\">\n<h4 class=\"elementor-heading-title elementor-size-default\">T\u00c4M\u00c4 PAKETTI ON SINULLE, JOKA HALUAT&#8230;<\/h4>\n<\/div>\n<\/div>\n<div class=\"elementor-element elementor-element-4d25ea1e elementor-align-left elementor-icon-list--layout-traditional elementor-list-item-link-full_width elementor-widget elementor-widget-icon-list\" data-id=\"4d25ea1e\" data-element_type=\"widget\" data-widget_type=\"icon-list.default\">\n<div class=\"elementor-widget-container\">\n<ul>\n<li><span class=\"elementor-icon-list-text\">olla varma tekemiesi hankintojen oikeellisuudesta ja tehd\u00e4 onnistuneita t\u00e4sm\u00e4hankintoja kotiisi.<\/span><\/li>\n<li><span class=\"elementor-icon-list-text\">tiet\u00e4\u00e4 mit\u00e4 tehd\u00e4 ja miksi, kun kyse on fengshuin viiden elementin k\u00e4yt\u00f6st\u00e4 ja huonekohtaisista muutoksista sisustuksessa.<\/span><\/li>\n<li><span class=\"elementor-icon-list-text\">ymm\u00e4rt\u00e4\u00e4 perusteet oman kotisi muutostarpeille ja korjauksille silloin, kun kodissasi on poikkeavia muotoja.<\/span><\/li>\n<li><span class=\"elementor-icon-list-text\">oppia luomaan harmonisia ja tasapainoisia tiloja, joissa sek\u00e4 sin\u00e4 ett\u00e4 perheesi voitte entist\u00e4 paremmin.<\/span><\/li>\n<li><span class=\"elementor-icon-list-text\">tapainoa kotisi energioita 80\/20 s\u00e4\u00e4nn\u00f6n avulla, luoden tiloja, joissa voit tuntea olosi energiseksi, sek\u00e4 tiloja, joissa voit rentoutua ja rauhoittua.<\/span><\/li>\n<li><span class=\"elementor-icon-list-text\">kartuttaa osaamistasi fengshuin parissa ilman osallistumista verkkokursseille tai koulutuksiin.<\/span><\/li>\n<\/ul>\n<\/div>\n<\/div>\n<p>&nbsp;<\/p>\n<p><img data-recalc-dims=\"1\" fetchpriority=\"high\" decoding=\"async\" src=\"https:\/\/i0.wp.com\/riikkapontynen.com\/Fengshuisisustuskurssi\/wp-content\/uploads\/2024\/06\/Nayttokuva-2024-06-18-182219.png?resize=750%2C338&#038;ssl=1\" alt=\"fengshui koulutus, fengshui oppaita, tunne kotisi fengshui materiaalipaketti, fengshui kurssi, kodin fengshui, hyv\u00e4 fengshui, fengshui kirjat, fengshui kurssit\" width=\"750\" height=\"338\" class=\"alignnone wp-image-7853 size-full\" srcset=\"https:\/\/i0.wp.com\/riikkapontynen.com\/Fengshuisisustuskurssi\/wp-content\/uploads\/2024\/06\/Nayttokuva-2024-06-18-182219.png?w=1567&amp;ssl=1 1567w, https:\/\/i0.wp.com\/riikkapontynen.com\/Fengshuisisustuskurssi\/wp-content\/uploads\/2024\/06\/Nayttokuva-2024-06-18-182219.png?resize=600%2C270&amp;ssl=1 600w, https:\/\/i0.wp.com\/riikkapontynen.com\/Fengshuisisustuskurssi\/wp-content\/uploads\/2024\/06\/Nayttokuva-2024-06-18-182219.png?resize=300%2C135&amp;ssl=1 300w, https:\/\/i0.wp.com\/riikkapontynen.com\/Fengshuisisustuskurssi\/wp-content\/uploads\/2024\/06\/Nayttokuva-2024-06-18-182219.png?resize=1024%2C461&amp;ssl=1 1024w, https:\/\/i0.wp.com\/riikkapontynen.com\/Fengshuisisustuskurssi\/wp-content\/uploads\/2024\/06\/Nayttokuva-2024-06-18-182219.png?resize=768%2C346&amp;ssl=1 768w, https:\/\/i0.wp.com\/riikkapontynen.com\/Fengshuisisustuskurssi\/wp-content\/uploads\/2024\/06\/Nayttokuva-2024-06-18-182219.png?resize=1536%2C692&amp;ssl=1 1536w\" sizes=\"(max-width: 750px) 100vw, 750px\" \/><\/p>\n<p>&nbsp;<\/p>\n<h4>TUNNE KOTISI! FENGSHUI MATERIAALIPAKETTI SIS\u00c4LT\u00c4\u00c4 YHTEENS\u00c4 SEITSEM\u00c4N PDF-TIEDOSTOA:<\/h4>\n<ul>\n<li>Havainnekuva viiden elementin dynamiikasta ja elementtien vaikutukset toisiinsa (2 sivua)<\/li>\n<li>Taulukko viiden elementin mukaisesta luokittelusta ja tavoista k\u00e4ytt\u00e4\u00e4 elementtej\u00e4 sisustuksessa (1 sivu)<\/li>\n<li>Huonekohtaisesti t\u00e4ytett\u00e4v\u00e4 tarkastuslista fengshuin viidest\u00e4 elementist\u00e4 sek\u00e4 ohje tarkastuslistan k\u00e4ytt\u00f6\u00f6n (2 sivua)<\/li>\n<li>Fengshuin elementit huomioiva ostoslistapohja mahdollisia tulevia kodin hankintoja varten (1 sivu)<\/li>\n<li>Baguan puuttuvien osien vaikutukset (3 sivua)<\/li>\n<li>Baguan lis\u00e4osien vaikutukset sek\u00e4 (4 sivua)<\/li>\n<li>Yin ja Yang -energioiden ilmeneminen sisustuksessa (1 sivu).<\/li>\n<\/ul>\n<h3><\/h3>\n<h4>Erikseen ostettuina tiedostojen yhteishinta on 55,50 \u20ac.<\/h4>\n<h5><span style=\"color: #e00000;\">Ostamalla nyt Tunne kotisi! Fengshui -materiaalipaketin s\u00e4\u00e4st\u00e4t 5,50 \u20ac.<\/span><\/h5>\n<p><strong>Maksamisen j\u00e4lkeen sinut ohjataan sivulle, josta p\u00e4\u00e4set lataamaan tiedostot omalle koneellesi. Tiedostojen latauslinkit l\u00e4hetet\u00e4\u00e4n s\u00e4hk\u00f6postiisi muutaman minuutin kuluessa tilauksestasi. <\/strong><strong>Jokainen seitsem\u00e4st\u00e4 latauslinkist\u00e4 toimii viisi (5) kertaa. Avaa tiedostot laitteella, jonne voit tallentaa tiedostot. Tallenna tiedostot omalle koneellesi heti avaamisen j\u00e4lkeen. Voit my\u00f6s halutessasi tulostaa ne omia muistiinpanojasi varten.\u00a0<\/strong><\/p>\n<p>&nbsp;<\/p>\n<hr \/>\n<p><span style=\"font-weight: 400;\">Tiedostot on tarkoitettu yksityiseen k\u00e4ytt\u00f6\u00f6n yksityishenkil\u00f6ille. Tiedostojen sis\u00e4ll\u00f6n tai sis\u00e4ll\u00f6n osan saattaminen yleis\u00f6n saataviin levitt\u00e4m\u00e4ll\u00e4, esitt\u00e4m\u00e4ll\u00e4 tai n\u00e4ytt\u00e4m\u00e4ll\u00e4 julkisesti tai kappaleiden valmistaminen sis\u00e4ll\u00f6st\u00e4 tai sen osasta ilman tekij\u00e4noikeuden haltijan (Riikka P\u00f6ntynen ja Fengshui Akatemia) etuk\u00e4teen antamaa kirjallista suostumusta on kielletty. <\/span><span style=\"font-weight: 400;\">Tilaajalla ei ole oikeutta oppaan tai sen osan julkaisemiseen tai edelleen luovuttamiseen. Tilaajalla ei ole oikeutta hy\u00f6dynt\u00e4\u00e4 palvelua tai sen osia kaupalliseen k\u00e4ytt\u00f6\u00f6n tai kilpailevaan toimintaan.<\/span><\/p>\n<p>&nbsp;<\/p>\n","protected":false},"excerpt":{"rendered":"<p>Kun haluat muuttaa el\u00e4m\u00e4\u00e4si, niin muuta ensin kotiasi. Kokeile n\u00e4it\u00e4 seitsem\u00e4\u00e4 ty\u00f6kaluamme, kun haluat muuttaa kotiasi omaa persoonaasi ja el\u00e4m\u00e4ntyyli\u00e4si heijastavaksi, ja luoda sinne harmoniaa.\u00a0<span>Ty\u00f6kalujen avulla p\u00e4\u00e4set helposti alkuun fengshui-matkalla, jonka p\u00e4\u00e4m\u00e4\u00e4r\u00e4n\u00e4 on lis\u00e4t\u00e4 elinvoimaa, onnellisuutta ja tasapainoa kaikille e<\/span><span>l\u00e4m\u00e4nalueillesi.<\/span><\/p>\n<p>Tunne kotisi! Fengshui -materiaalipaketti sis\u00e4lt\u00e4\u00e4 yhteens\u00e4 seitsem\u00e4n (7) kappaletta ladattavia PDF-tiedostoja:<\/p>\n<ul>\n<li>Havainnekuva <span>viiden elementin dynamiikasta ja elementtien vaikutuksista toisiinsa (2 sivua)<\/span><\/li>\n<li>Taulukko viiden elementin mukaisesta luokittelusta ja tavoista k\u00e4ytt\u00e4\u00e4 elementtej\u00e4 sisustuksessa <span>(1 sivu)<\/span><\/li>\n<li>Huonekohtaisesti t\u00e4ytett\u00e4v\u00e4 tarkastuslista fengshuin viidest\u00e4 elementist\u00e4 sek\u00e4 ohje tarkastuslistna k\u00e4ytt\u00f6\u00f6n (2 sivua)<\/li>\n<li>Fengshuin elementit huomioiva ostoslistapohja mahdollisia tulevia kodin hankintoja varten (1 sivu)<\/li>\n<li>Baguan puuttuvien osien vaikutukset (3 sivua)<\/li>\n<li>Baguan lis\u00e4osien vaikutukset (4 sivua) sek\u00e4<\/li>\n<li>Yin ja Yang -energioiden ilmeneminen sisustuksessa (1 sivu).<\/li>\n<\/ul>\n<p>Kassan j\u00e4lkeen sinut ohjataan sivulle, josta p\u00e4\u00e4set lataamaan tiedostot omalle koneellesi. Latauslinkit l\u00e4hetet\u00e4\u00e4n my\u00f6s s\u00e4hk\u00f6postiisi muutaman minuutin kuluessa tilauksestasi. Jos et l\u00f6yd\u00e4 s\u00e4hk\u00f6postia, niin tarkastathan my\u00f6s muut mahdolliset kansiot (kuten roskaposti), jonne s\u00e4hk\u00f6postiohjelmasi voi ohjata viestej\u00e4. Jokainen latauslinkki toimii viisi (5) kertaa. Avaa tiedostot laitteella, jonne voit tallentaa ne heti avaamisen j\u00e4lkeen.<\/p>\n","protected":false},"featured_media":7826,"comment_status":"closed","ping_status":"closed","template":"","meta":{"nf_dc_page":""},"product_brand":[],"product_cat":[54],"product_tag":[56,52,55,53,57],"class_list":{"0":"post-5107","1":"product","2":"type-product","3":"status-publish","4":"has-post-thumbnail","6":"product_cat-kirjat-ja-oppaat","7":"product_tag-fengshui-elementit","8":"product_tag-fengshui-kurssi","9":"product_tag-fengshui-opas","10":"product_tag-fengshui-verkkokurssi","11":"product_tag-opetusmateriaalit","13":"first","14":"instock","15":"downloadable","16":"virtual","17":"taxable","18":"purchasable","19":"product-type-simple"},"jetpack_sharing_enabled":true,"_links":{"self":[{"href":"https:\/\/riikkapontynen.com\/Fengshuisisustuskurssi\/wp-json\/wp\/v2\/product\/5107","targetHints":{"allow":["GET"]}}],"collection":[{"href":"https:\/\/riikkapontynen.com\/Fengshuisisustuskurssi\/wp-json\/wp\/v2\/product"}],"about":[{"href":"https:\/\/riikkapontynen.com\/Fengshuisisustuskurssi\/wp-json\/wp\/v2\/types\/product"}],"replies":[{"embeddable":true,"href":"https:\/\/riikkapontynen.com\/Fengshuisisustuskurssi\/wp-json\/wp\/v2\/comments?post=5107"}],"version-history":[{"count":6,"href":"https:\/\/riikkapontynen.com\/Fengshuisisustuskurssi\/wp-json\/wp\/v2\/product\/5107\/revisions"}],"predecessor-version":[{"id":7867,"href":"https:\/\/riikkapontynen.com\/Fengshuisisustuskurssi\/wp-json\/wp\/v2\/product\/5107\/revisions\/7867"}],"wp:featuredmedia":[{"embeddable":true,"href":"https:\/\/riikkapontynen.com\/Fengshuisisustuskurssi\/wp-json\/wp\/v2\/media\/7826"}],"wp:attachment":[{"href":"https:\/\/riikkapontynen.com\/Fengshuisisustuskurssi\/wp-json\/wp\/v2\/media?parent=5107"}],"wp:term":[{"taxonomy":"product_brand","embeddable":true,"href":"https:\/\/riikkapontynen.com\/Fengshuisisustuskurssi\/wp-json\/wp\/v2\/product_brand?post=5107"},{"taxonomy":"product_cat","embeddable":true,"href":"https:\/\/riikkapontynen.com\/Fengshuisisustuskurssi\/wp-json\/wp\/v2\/product_cat?post=5107"},{"taxonomy":"product_tag","embeddable":true,"href":"https:\/\/riikkapontynen.com\/Fengshuisisustuskurssi\/wp-json\/wp\/v2\/product_tag?post=5107"}],"curies":[{"name":"wp","href":"https:\/\/api.w.org\/{rel}","templated":true}]}}