{"id":11450,"date":"2026-01-01T21:59:47","date_gmt":"2026-01-01T19:59:47","guid":{"rendered":"https:\/\/riikkapontynen.com\/Fengshuisisustuskurssi\/?post_type=product&#038;p=11450"},"modified":"2026-01-02T13:45:44","modified_gmt":"2026-01-02T11:45:44","slug":"syyskuun-kuukausiluento-2026","status":"publish","type":"product","link":"https:\/\/riikkapontynen.com\/Fengshuisisustuskurssi\/tuote\/syyskuun-kuukausiluento-2026\/","title":{"rendered":"Syyskuun kuukausiluento ke 23.9. klo 18"},"content":{"rendered":"<div class=\"elementor-element elementor-element-a45f8d4 elementor-widget elementor-widget-heading\" data-id=\"a45f8d4\" data-element_type=\"widget\" data-widget_type=\"heading.default\">\n<h5>MIT\u00c4 KUUKAUSILUENNOT OVAT<\/h5>\n<p><span class=\"elementor-drop-cap\"><span class=\"elementor-drop-cap-letter\">J<\/span><\/span>okainen kuukausiluento keskittyy yhteen teemaan fengshuin n\u00e4k\u00f6kulmasta. Luentojen kesto on noin 60 minuuttia ja ne toteutetaan Zoomissa.<\/p>\n<p>Luennot tarjoavat sinulle inspiraatiota ja oivalluksia ilman suorittamisen painetta \u2013 tavoitteena\u00a0 antaa ty\u00f6kaluja, joiden avulla voit tehd\u00e4 kodistasi paremmin omaa arkeasi ja hyvinvointiasi tukevan sinulle sopivaan tahtiin, itse\u00e4si kuunnellen.<\/p>\n<h5 class=\"elementor-widget-container\">MIT\u00c4 SAAT KUUKAUSILUENNOILTA<\/h5>\n<\/div>\n<div class=\"elementor-element elementor-element-d275e25 elementor-icon-list--layout-traditional elementor-list-item-link-full_width elementor-widget elementor-widget-icon-list\" data-id=\"d275e25\" data-element_type=\"widget\" data-widget_type=\"icon-list.default\">\n<div class=\"elementor-widget-container\">\n<ul class=\"elementor-icon-list-items\">\n<li class=\"elementor-icon-list-item\"><span class=\"elementor-icon-list-text\">Uusia n\u00e4k\u00f6kulmia kotiisi<\/span><\/li>\n<li class=\"elementor-icon-list-item\"><span class=\"elementor-icon-list-text\">Selkeytt\u00e4 omaan tilanteeseesi<\/span><\/li>\n<li class=\"elementor-icon-list-item\"><span class=\"elementor-icon-list-text\">Konkreettisuutta ilman ylikuormitusta<\/span><\/li>\n<li class=\"elementor-icon-list-item\"><span class=\"elementor-icon-list-text\">Yhden tai useamman ajatuksen, jota voit soveltaa heti<\/span><\/li>\n<li class=\"elementor-icon-list-item\"><span class=\"elementor-icon-list-text\">Rauhallisen hetken kerran kuukaudessa 60 minuuttia kerrallaan pys\u00e4hty\u00e4ksesi itsesi ja oman hyvinvointisi \u00e4\u00e4relle.<\/span><\/li>\n<\/ul>\n<\/div>\n<\/div>\n<h5 class=\"elementor-widget-container\">KENELLE KUUKAUSILUENNOT SOPIVAT<\/h5>\n<p>Fengshui Akatemian kuukausiluennot sopivat sinulle, joka haluat ymm\u00e4rt\u00e4\u00e4 kotisi energiaa syvemmin ja lis\u00e4t\u00e4 hyvinvointiasi lempe\u00e4sti. Luennot on sinulle, joka:<\/p>\n<div class=\"elementor-element elementor-element-2ca8ee9 elementor-icon-list--layout-traditional elementor-list-item-link-full_width elementor-widget elementor-widget-icon-list\" data-id=\"2ca8ee9\" data-element_type=\"widget\" data-widget_type=\"icon-list.default\">\n<div class=\"elementor-widget-container\">\n<ul>\n<li><span class=\"elementor-icon-list-text\">kaipaat kotiisi lis\u00e4\u00e4 rauhaa, selkeytt\u00e4 ja toimivuutta<\/span><\/li>\n<li><span class=\"elementor-icon-list-text\">tunnet, ett\u00e4 ymp\u00e4rist\u00f6 vaikuttaa jaksamiseesi, ja haluat optimoida sen palautumistasi tukevaksi<\/span><\/li>\n<li><span class=\"elementor-icon-list-text\">haluat ymm\u00e4rt\u00e4\u00e4 fengshuita konkreettisin esimerkein, ilman monimutkaisia s\u00e4\u00e4nt\u00f6j\u00e4<\/span><\/li>\n<li><span class=\"elementor-icon-list-text\">arvostat lempe\u00e4\u00e4, maanl\u00e4heist\u00e4 l\u00e4hestymistapaa, jossa muutosten keski\u00f6ss\u00e4 olet sin\u00e4 itse.<\/span><\/li>\n<\/ul>\n<\/div>\n<\/div>\n<div class=\"elementor-element elementor-element-d275e25 elementor-icon-list--layout-traditional elementor-list-item-link-full_width elementor-widget elementor-widget-icon-list\" data-id=\"d275e25\" data-element_type=\"widget\" data-widget_type=\"icon-list.default\">\n<div class=\"elementor-widget-container\">\n<p data-start=\"1465\" data-end=\"1733\" data-is-last-node=\"\" data-is-only-node=\"\"><strong><span>Fengshui Akatemian kuukausiluennot kutsuvat sinut pys\u00e4htym\u00e4\u00e4n kotisi ja oman hyvinvointisi \u00e4\u00e4relle. <\/span><span>Jokainen luennoistamme avaa yhden asumiseen ja kokonaisvaltaiseen hyvinvointiin liittyv\u00e4n ajankohtaisen teeman \u2013 lempe\u00e4sti, k\u00e4yt\u00e4nn\u00f6llisesti ja arjen vaatimuksia ymm\u00e4rt\u00e4en.<\/span> \u2728<\/strong><\/p>\n<\/div>\n<\/div>\n<div class=\"elementor-element elementor-element-d275e25 elementor-icon-list--layout-traditional elementor-list-item-link-full_width elementor-widget elementor-widget-icon-list\" data-id=\"d275e25\" data-element_type=\"widget\" data-widget_type=\"icon-list.default\">\n<hr \/>\n<\/div>\n<h5><\/h5>\n<p>&nbsp;<\/p>\n<h5>HYV\u00c4 TIET\u00c4\u00c4 KUUKAUSILUENNOISTA<\/h5>\n<p><strong>Osallistumislinkit luennoille ovat maksukuitin liitteen\u00e4, ja kuitti l\u00e4hetet\u00e4\u00e4n heti oston j\u00e4lkeen s\u00e4hk\u00f6postiisi.<\/strong><\/p>\n<p><span><b>Mik\u00e4li ostat 5 tai 10 kuukausiluennon paketin kerralla, tulet saamaan osallistumislinkit luennoille erillisess\u00e4 s\u00e4hk\u00f6postissa ennen luentoja.\u00a0<\/b><\/span><\/p>\n<p><span>Jotkin s\u00e4hk\u00f6postiohjelmat ohjaavat t\u00e4rke\u00e4tkin viestit herk\u00e4sti roskakoriin tai muihin toissijaisiin kansioihin, tai ilmoitukset-, sosiaaliset- tai tarjoukset v\u00e4lilehdille (gmail), joista niit\u00e4 voi olla vaikeaa l\u00f6yt\u00e4\u00e4. <\/span><span>Siirr\u00e4th\u00e4n viestin sielt\u00e4 p\u00e4\u00e4kansioosi, jotta saat jatkossa jokaisen sinulle kuuluvan viestin, kuten linkit ty\u00f6pajojen tallenteille.<\/span><\/p>\n<p><span>Tarkastathan aina viimeist\u00e4\u00e4n luentoa edellisen\u00e4 p\u00e4iv\u00e4n\u00e4, ett\u00e4 olet vastaanottanut kyseisen luennon liitymislinkin ja se on sinulla tallessa.\u00a0<\/span>Ongelmatilanteissa ota yhteytt\u00e4<span>\u00a0<\/span><span>hyviss\u00e4 ajoin\u00a0<\/span><u>ennen luennon alkamista<\/u><span>\u00a0<\/span>riikka (at) riikkapontynen.com saadaksesi uuden liittymislinkin.<span>\u00a0<\/span><span>Huomioithan yst\u00e4v\u00e4llisesti, ett\u00e4 alle 30 minuuttia ennen luennon alkua tulleisiin s\u00e4hk\u00f6postiviesteihin emme v\u00e4ltt\u00e4m\u00e4tt\u00e4 ehdi vastaamaan ennen luentoa, koska olemme jo silloin studiossa valmistelemassa luentoa.<\/span><\/p>\n<p>&nbsp;<\/p>\n","protected":false},"excerpt":{"rendered":"<div class=\"elementor-element elementor-element-a45f8d4 elementor-widget elementor-widget-heading\" data-id=\"a45f8d4\" data-element_type=\"widget\" data-widget_type=\"heading.default\">\n<div class=\"elementor-widget-container\">\n<p><span>Ty\u00f6 ja arjen sujuvuus l\u00e4htev\u00e4t usein ymp\u00e4rist\u00f6st\u00e4. Kodin ty\u00f6tila \u2013 olipa se ty\u00f6huone, ty\u00f6piste tai muu paikka \u2013 voi joko tukea keskittymist\u00e4 ja tehokkuutta tai tehd\u00e4 tekemisest\u00e4 raskaampaa. Fengshuin avulla voit muokata ty\u00f6tilastasi paikan, jossa ajatukset virtaavat, motivaatio kasvaa ja arjen teht\u00e4v\u00e4t sujuvat kevyemmin ja selke\u00e4mmin.<\/span><\/p>\n<p data-start=\"947\" data-end=\"964\">Syyskuun kuukausiluento Ty\u00f6t\u00e4 tukeva tila &#8211; Lis\u00e4\u00e4 tehokkuutta ja tuloksia fengshuilla tarjoaa sinulle mm.:<\/p>\n<ul>\n<li data-start=\"511\" data-end=\"633\">Oivalluksia siit\u00e4, miten ty\u00f6tilan j\u00e4rjestys, v\u00e4rit ja kalusteiden sijoittelu voivat lis\u00e4t\u00e4 keskittymist\u00e4 ja tehokkuutta.<\/li>\n<li data-start=\"636\" data-end=\"739\">Ymm\u00e4rryst\u00e4 siit\u00e4, miten fengshuin periaatteet tukevat ty\u00f6n tehokkuutta ja tuloksia.<\/li>\n<li data-start=\"742\" data-end=\"837\">Konkreettisia vinkkej\u00e4, joilla ty\u00f6pisteesi muuttuu energialtaan tukevaksi ja toimivammaksi heti.<\/li>\n<\/ul>\n<p><span>Luennon kesto on noin 60 minuuttia ja se toteutetaan Zoomissa. Saat liittymislinkin s\u00e4hk\u00f6postiisi ilmoittautumisesi yhteydess\u00e4, ja my\u00f6hemmin uudelleen l\u00e4hemp\u00e4n\u00e4 luentoa. <\/span>Luennon pit\u00e4\u00e4 <span>Fengshui Akatemian perustaja ja p\u00e4\u00e4kouluttaja, <\/span><strong><\/strong>hyvinvointia edist\u00e4vien tilojen asiantuntija, fengshui-konsultti &amp; visualisti Riikka P\u00f6ntynen.<\/p>\n<\/div>\n<\/div>\n","protected":false},"featured_media":11341,"comment_status":"closed","ping_status":"closed","template":"","meta":{"nf_dc_page":""},"product_brand":[],"product_cat":[27,101],"product_tag":[56,52,53,62,59,81,61,77],"class_list":{"0":"post-11450","1":"product","2":"type-product","3":"status-publish","4":"has-post-thumbnail","6":"product_cat-verkkokurssit-ja-koulutukset","7":"product_cat-kuukausiluennot-2026","8":"product_tag-fengshui-elementit","9":"product_tag-fengshui-kurssi","10":"product_tag-fengshui-verkkokurssi","11":"product_tag-fengshui-tehosteet","12":"product_tag-kodin-energiat","13":"product_tag-kodin-sisustaminen","14":"product_tag-viisi-elementtia","15":"product_tag-yin-ja-yang","17":"first","18":"instock","19":"virtual","20":"taxable","21":"purchasable","22":"product-type-simple"},"jetpack_sharing_enabled":true,"_links":{"self":[{"href":"https:\/\/riikkapontynen.com\/Fengshuisisustuskurssi\/wp-json\/wp\/v2\/product\/11450","targetHints":{"allow":["GET"]}}],"collection":[{"href":"https:\/\/riikkapontynen.com\/Fengshuisisustuskurssi\/wp-json\/wp\/v2\/product"}],"about":[{"href":"https:\/\/riikkapontynen.com\/Fengshuisisustuskurssi\/wp-json\/wp\/v2\/types\/product"}],"replies":[{"embeddable":true,"href":"https:\/\/riikkapontynen.com\/Fengshuisisustuskurssi\/wp-json\/wp\/v2\/comments?post=11450"}],"version-history":[{"count":3,"href":"https:\/\/riikkapontynen.com\/Fengshuisisustuskurssi\/wp-json\/wp\/v2\/product\/11450\/revisions"}],"predecessor-version":[{"id":11518,"href":"https:\/\/riikkapontynen.com\/Fengshuisisustuskurssi\/wp-json\/wp\/v2\/product\/11450\/revisions\/11518"}],"wp:featuredmedia":[{"embeddable":true,"href":"https:\/\/riikkapontynen.com\/Fengshuisisustuskurssi\/wp-json\/wp\/v2\/media\/11341"}],"wp:attachment":[{"href":"https:\/\/riikkapontynen.com\/Fengshuisisustuskurssi\/wp-json\/wp\/v2\/media?parent=11450"}],"wp:term":[{"taxonomy":"product_brand","embeddable":true,"href":"https:\/\/riikkapontynen.com\/Fengshuisisustuskurssi\/wp-json\/wp\/v2\/product_brand?post=11450"},{"taxonomy":"product_cat","embeddable":true,"href":"https:\/\/riikkapontynen.com\/Fengshuisisustuskurssi\/wp-json\/wp\/v2\/product_cat?post=11450"},{"taxonomy":"product_tag","embeddable":true,"href":"https:\/\/riikkapontynen.com\/Fengshuisisustuskurssi\/wp-json\/wp\/v2\/product_tag?post=11450"}],"curies":[{"name":"wp","href":"https:\/\/api.w.org\/{rel}","templated":true}]}}