{"id":10336,"date":"2025-02-24T08:31:40","date_gmt":"2025-02-24T06:31:40","guid":{"rendered":"https:\/\/riikkapontynen.com\/Fengshuisisustuskurssi\/?post_type=product&#038;p=10336"},"modified":"2025-12-05T08:12:01","modified_gmt":"2025-12-05T06:12:01","slug":"tunne-kotisi-fengshui-sisustusverkkokurssi-2-0","status":"publish","type":"product","link":"https:\/\/riikkapontynen.com\/Fengshuisisustuskurssi\/tuote\/tunne-kotisi-fengshui-sisustusverkkokurssi-2-0\/","title":{"rendered":"Tunne kotisi! Fengshui sisustusverkkokurssi 2.0"},"content":{"rendered":"<div class=\"elementor-element elementor-element-a45f8d4 elementor-widget elementor-widget-heading\" data-id=\"a45f8d4\" data-element_type=\"widget\" data-widget_type=\"heading.default\">\n<div class=\"elementor-widget-container\">\n<p>Fengshui on yli 5000 vuotta vanha joukko oppeja ja menetelmi\u00e4, jota monet kuuluisat ja el\u00e4m\u00e4ss\u00e4\u00e4n menestyneet ihmiset ovat k\u00e4ytt\u00e4neet aktivoidakseen kotinsa energian ja muuttaakseen sen magneetiksi, joka houkuttelee puoleensa helppoutta, virtaavuutta, iloa, runsautta, siunauksia ja onnea!<\/p>\n<p>Fengshuin hy\u00f6dynt\u00e4minen oman hyvinvoinnin ja menestyksen tukena ei vaadi mink\u00e4\u00e4nlaista henkisyytt\u00e4 tai yliluonnollisia kykyj\u00e4 \u2013 itse asiassa sinun ei edes tarvitse \u201cuskoa\u201d fengshuihin ett\u00e4 se toimisi.\u00a0<span>Monissa Aasian maissa ymp\u00e4rist\u00f6n energioiden optimointi fengshuin avulla on yht\u00e4 yleist\u00e4 kuin kodin siivoaminen.\u00a0<\/span><\/p>\n<p>Yritykset ja henkil\u00f6br\u00e4ndit, kuten Coca Cola, Disney, Whole Foods sek\u00e4 George Clooney, Tommy Hilfiger ja Oprah Winfrey vannovat fengshuin nimeen, koska he tiet\u00e4v\u00e4t sen olevan salainen ase myynnin, tuottavuuden ja kannattavuuden lis\u00e4\u00e4miseksi. <span>Yht\u00e4 lailla meid\u00e4n kaikkien pit\u00e4isi hy\u00f6dynt\u00e4\u00e4 kotimme sis\u00e4lt\u00e4m\u00e4\u00e4 voimaa, eik\u00e4 ajatella menestyksen olevan vain harvojen ja valittujen etuoikeus.<\/span><\/p>\n<p>&nbsp;<\/p>\n<div class=\"elementor-element elementor-element-76b5ec6 elementor-widget elementor-widget-heading\" data-id=\"76b5ec6\" data-element_type=\"widget\" data-widget_type=\"heading.default\">\n<div class=\"elementor-widget-container\">\n<h4 class=\"elementor-heading-title elementor-size-default\">HALUATKO OPPIA, KUINKA VOIT VAPAUTTAA KOTISI PIILEV\u00c4T VOIMAT JA SAAVUTTAA KAIKKI UNELMASI?<\/h4>\n<\/div>\n<\/div>\n<div class=\"elementor-element elementor-element-203744f elementor-widget elementor-widget-text-editor\" data-id=\"203744f\" data-element_type=\"widget\" data-widget_type=\"text-editor.default\">\n<div class=\"elementor-widget-container\">\n<h5><span style=\"color: #e00000;\">Tule mukaan kurssille ja opi, kuinka sin\u00e4kin voit tehd\u00e4 kodistasi energian l\u00e4hteen, joka tukee sinua kaikilla el\u00e4m\u00e4n osa-alueilla!<\/span><\/h5>\n<\/div>\n<\/div>\n<\/div>\n<\/div>\n<div class=\"elementor-element elementor-element-d275e25 elementor-icon-list--layout-traditional elementor-list-item-link-full_width elementor-widget elementor-widget-icon-list\" data-id=\"d275e25\" data-element_type=\"widget\" data-widget_type=\"icon-list.default\">\n<div class=\"elementor-element elementor-element-f52de84 elementor-widget elementor-widget-spacer\" data-id=\"f52de84\" data-element_type=\"widget\" data-widget_type=\"spacer.default\">\n<div class=\"elementor-widget-container\">\n<div class=\"elementor-spacer\">\n<div class=\"elementor-spacer-inner\"><\/div>\n<\/div>\n<\/div>\n<\/div>\n<div class=\"elementor-element elementor-element-1476e9d elementor-widget elementor-widget-text-editor\" data-id=\"1476e9d\" data-element_type=\"widget\" data-widget_type=\"text-editor.default\">\n<div class=\"elementor-widget-container\">\n<p>Kun asut kodissa, joka ei ole linjassa kanssasi, teet jatkuvasti kohtuuttomasti t\u00f6it\u00e4 ja ponnistelet lis\u00e4\u00e4 ja lis\u00e4\u00e4\u2026 mutta et silti tahdo p\u00e4\u00e4st\u00e4 el\u00e4m\u00e4ss\u00e4si eteenp\u00e4in. Ehk\u00e4 tunnet ottavasi<span>\u00a0yhden askeleen eteenp\u00e4in ja kaksi taaksep\u00e4in, ja siksi unelmiesi saavuttaminen tuntuu koko ajan vain kaukaisemmalta haaveelta?\u00a0<\/span><\/p>\n<p>Fengshui tarkoittaa <b>ymp\u00e4rist\u00f6si energian muuttamista <\/b>niin, ett\u00e4 saat parempia tuloksia samalla vaivalla. Ponnistelusi alkaa oikeasti tuottaa tulosta, ja parantaa el\u00e4m\u00e4\u00e4si, liiketoimintaasi ja ihmissuhteitasi\u00a0 \u2013 kun vain ensin luot ymp\u00e4rillesi rakastavan, magneettisen vetovoimaisen energian, joka toimii kuin taikap\u00f6ly.<\/p>\n<p>Kurssin avulla saat mahdollisuuden luoda kodistasi tila, joka vastaa toiveitasi. Sill\u00e4 koskaan ei ole liian my\u00f6h\u00e4ist\u00e4 ryhty\u00e4 luomaan unelmiesi el\u00e4m\u00e4\u00e4, ja vet\u00e4\u00e4 puoleesi mit\u00e4 tahansa haluat!<\/p>\n<\/div>\n<\/div>\n<\/div>\n<p>Kurssin ydin on sen seitsem\u00e4n koulutusmoduulia. Siihen p\u00e4\u00e4lle olen lis\u00e4nnyt valtavan m\u00e4\u00e4r\u00e4n resursseja, kuten bonusmateriaaleja, ty\u00f6kirjoja sek\u00e4 tuen kurssialustalla ja Facebookissa. Kun liityt mukaan, saat t\u00e4yden tuen, ohjauksen ja kannustuksen jokaisella askeleella matkallasi!<\/p>\n<p>Kurssi alkaa maanantaina 13.10.25 ja sen kesto on 7 viikkoa.<\/p>\n<p><span>Tunne kotisi! Fengshui sisustusverkkokurssi 2.0 sis\u00e4lt\u00e4\u00e4 7 koulutusmoduulia, 7 yhteist\u00e4 tapaamista verkossa Zoomin v\u00e4lityksell\u00e4,\u00a0<\/span><span>asiantuntijoiden fengshui-tuen seitsem\u00e4n\u00e4 p\u00e4iv\u00e4n\u00e4 viikossa, <\/span><span>3 bonuskurssia (Live, laugh, love: N\u00e4in luot paremmat olosuhteet rakastumiselle, Kuinka teet kodistasi vetovoimaisen (ja ved\u00e4t puoleesi rahaa), sek\u00e4 25 fengshui-askelta, joilla teet ty\u00f6st\u00e4si tuloksekkaampaa)<\/span><span>,\u00a0<\/span><span>j\u00e4senyyden Facebook-yhteis\u00f6\u00f6mme,<\/span><span>\u00a0ja paljon muuta sek\u00e4 6 kk p\u00e4\u00e4syn kaikkiin kurssimateriaaleihin.<\/span><\/p>\n<div class=\"elementor-element elementor-element-d275e25 elementor-icon-list--layout-traditional elementor-list-item-link-full_width elementor-widget elementor-widget-icon-list\" data-id=\"d275e25\" data-element_type=\"widget\" data-widget_type=\"icon-list.default\">\n<div class=\"elementor-widget-container\">\n<h5><a href=\"https:\/\/riikkapontynen.com\/Fengshuisisustuskurssi\/tunnekotisi-verkkokurssi\/\" target=\"_blank\" rel=\"noopener\">Lue tarkempi kuvaus Tunne kotisi! Fengshui sisustusverkkokurssista t\u00e4\u00e4lt\u00e4.<\/a><\/h5>\n<p>&nbsp;<\/p>\n<\/div>\n<hr \/>\n<\/div>\n<p>Huomioithan, ett\u00e4 Tunne kotisi! Fengshui sisustusverkkokurssi on tarkoitettu vain\u00a0<b>oman\u00a0kodin sisustamiseen yksityishenkil\u00f6ille<\/b> eik\u00e4 sen materiaaleja ja ty\u00f6kaluja saa k\u00e4ytt\u00e4\u00e4 muuhun. Jos tarvitset fengshuin oppeja muuhun kuin oman kodin sisustamiseen tai haluat k\u00e4ytt\u00e4\u00e4 niit\u00e4 ammatillisessa tarkoituksessa, kuten asiakkaidesi kotien sisustamisessa, ota yhteytt\u00e4 ennen\u00a0kurssille ilmoittautumista riikka@riikkapontynen.com.\u00a0Jos asiasta ei ole sovittu ennen kurssille ilmoittautumista, veloitetaan kurssista lis\u00e4hinta.<\/p>\n<p>&nbsp;<\/p>\n","protected":false},"excerpt":{"rendered":"<div class=\"elementor-element elementor-element-a45f8d4 elementor-widget elementor-widget-heading\" data-id=\"a45f8d4\" data-element_type=\"widget\" data-widget_type=\"heading.default\">\n<div class=\"elementor-widget-container\">\n<p><span>Kotisi on onnellisuutesi, varallisuutesi ja terveytesi perusta. Sen tulee olla harmoniassa ja linjassa kanssasi, jotta se tukee sinua ja auttaa sinua saavuttamaan unelmasi. El\u00e4m\u00e4st\u00e4si voi tulla iloisempaa, onnellisempaa, rakkaudent\u00e4yteist\u00e4, runsasta, ja vaivattomasti eteenp\u00e4in virtaavaa, poistamalla energeettiset esteet tielt\u00e4si.\u00a0<\/span><\/p>\n<p>Tunne kotisi! Fengshui sisustusverkkokurssi 2.0 on<span>\u00a0<\/span><b>uudistettu, r\u00e4\u00e4t\u00e4l\u00f6ity ja m\u00e4\u00e4r\u00e4tietoinen ohjelma<\/b>, joka varmistaa ett\u00e4 sinun ja kotisi ainutlaatuisuus huomioidaan muutoksissa.\u00a0Uudistunut kurssi tarjoaa sinulle mahdollisuuden luoda koti, joka tukee sinua kaikkessa mit\u00e4 haluat saavuttaa el\u00e4m\u00e4ss\u00e4si.<\/p>\n<p>Tunne kotisi! Fengshui-sisustusverkkokurssi alkaa maanantaina 13.10.25 ja kest\u00e4\u00e4 seitsem\u00e4n viikkoa. Opettajana kurssilla toimii hyvinvointia edist\u00e4vien tilojen asiantuntija, fengshui-konsultti Riikka P\u00f6ntynen.<\/p>\n<\/div>\n<\/div>\n","protected":false},"featured_media":8041,"comment_status":"closed","ping_status":"closed","template":"","meta":{"nf_dc_page":""},"product_brand":[],"product_cat":[27],"product_tag":[56,52,53,62,59,81,68,70,61,77],"class_list":{"0":"post-10336","1":"product","2":"type-product","3":"status-publish","4":"has-post-thumbnail","6":"product_cat-verkkokurssit-ja-koulutukset","7":"product_tag-fengshui-elementit","8":"product_tag-fengshui-kurssi","9":"product_tag-fengshui-verkkokurssi","10":"product_tag-fengshui-tehosteet","11":"product_tag-kodin-energiat","12":"product_tag-kodin-sisustaminen","13":"product_tag-kompassin-kaytto","14":"product_tag-viisi-elainta","15":"product_tag-viisi-elementtia","16":"product_tag-yin-ja-yang","18":"first","19":"outofstock","20":"downloadable","21":"virtual","22":"taxable","23":"purchasable","24":"product-type-simple"},"jetpack_sharing_enabled":true,"_links":{"self":[{"href":"https:\/\/riikkapontynen.com\/Fengshuisisustuskurssi\/wp-json\/wp\/v2\/product\/10336","targetHints":{"allow":["GET"]}}],"collection":[{"href":"https:\/\/riikkapontynen.com\/Fengshuisisustuskurssi\/wp-json\/wp\/v2\/product"}],"about":[{"href":"https:\/\/riikkapontynen.com\/Fengshuisisustuskurssi\/wp-json\/wp\/v2\/types\/product"}],"replies":[{"embeddable":true,"href":"https:\/\/riikkapontynen.com\/Fengshuisisustuskurssi\/wp-json\/wp\/v2\/comments?post=10336"}],"version-history":[{"count":3,"href":"https:\/\/riikkapontynen.com\/Fengshuisisustuskurssi\/wp-json\/wp\/v2\/product\/10336\/revisions"}],"predecessor-version":[{"id":10733,"href":"https:\/\/riikkapontynen.com\/Fengshuisisustuskurssi\/wp-json\/wp\/v2\/product\/10336\/revisions\/10733"}],"wp:featuredmedia":[{"embeddable":true,"href":"https:\/\/riikkapontynen.com\/Fengshuisisustuskurssi\/wp-json\/wp\/v2\/media\/8041"}],"wp:attachment":[{"href":"https:\/\/riikkapontynen.com\/Fengshuisisustuskurssi\/wp-json\/wp\/v2\/media?parent=10336"}],"wp:term":[{"taxonomy":"product_brand","embeddable":true,"href":"https:\/\/riikkapontynen.com\/Fengshuisisustuskurssi\/wp-json\/wp\/v2\/product_brand?post=10336"},{"taxonomy":"product_cat","embeddable":true,"href":"https:\/\/riikkapontynen.com\/Fengshuisisustuskurssi\/wp-json\/wp\/v2\/product_cat?post=10336"},{"taxonomy":"product_tag","embeddable":true,"href":"https:\/\/riikkapontynen.com\/Fengshuisisustuskurssi\/wp-json\/wp\/v2\/product_tag?post=10336"}],"curies":[{"name":"wp","href":"https:\/\/api.w.org\/{rel}","templated":true}]}}