{"id":6,"date":"2019-01-09T11:55:59","date_gmt":"2019-01-09T09:55:59","guid":{"rendered":"http:\/\/riikkapontynen.com\/Fengshuisisustuskurssi\/?page_id=6"},"modified":"2025-10-27T09:36:33","modified_gmt":"2025-10-27T07:36:33","slug":"tunne-kotisi-aloitussivu","status":"publish","type":"page","link":"https:\/\/riikkapontynen.com\/Fengshuisisustuskurssi\/tunne-kotisi-aloitussivu\/","title":{"rendered":"Aloita t\u00e4st\u00e4 Tunne kotisi! Fengshui sisustusverkkokurssilla"},"content":{"rendered":"<div class=\"swpm-post-not-logged-in-msg\">You need to be logged in to view this content. Please <a class=\"swpm-login-link\" href=\"http:\/\/riikkapontynen.com\/Fengshuisisustuskurssi\/membership-login\/\">Log In<\/a>. Eik\u00f6 sinulla ole tunnuksia? <a href=\"http:\/\/riikkapontynen.com\/Fengshuisisustuskurssi\/membership-join\/\">Luo tunnukset t\u00e4\u00e4ll\u00e4<\/a><\/div>","protected":false},"excerpt":{"rendered":"<p>You need to be logged in to view this content. Please Log In. Eik\u00f6 sinulla ole tunnuksia? Luo tunnukset t\u00e4\u00e4ll\u00e4<\/p>\n","protected":false},"author":1,"featured_media":0,"parent":0,"menu_order":2,"comment_status":"closed","ping_status":"closed","template":"page-templates\/template-fullwidth.php","meta":{"nf_dc_page":"","footnotes":""},"class_list":["post-6","page","type-page","status-publish","hentry"],"jetpack_sharing_enabled":true,"_links":{"self":[{"href":"https:\/\/riikkapontynen.com\/Fengshuisisustuskurssi\/wp-json\/wp\/v2\/pages\/6","targetHints":{"allow":["GET"]}}],"collection":[{"href":"https:\/\/riikkapontynen.com\/Fengshuisisustuskurssi\/wp-json\/wp\/v2\/pages"}],"about":[{"href":"https:\/\/riikkapontynen.com\/Fengshuisisustuskurssi\/wp-json\/wp\/v2\/types\/page"}],"author":[{"embeddable":true,"href":"https:\/\/riikkapontynen.com\/Fengshuisisustuskurssi\/wp-json\/wp\/v2\/users\/1"}],"replies":[{"embeddable":true,"href":"https:\/\/riikkapontynen.com\/Fengshuisisustuskurssi\/wp-json\/wp\/v2\/comments?post=6"}],"version-history":[{"count":10,"href":"https:\/\/riikkapontynen.com\/Fengshuisisustuskurssi\/wp-json\/wp\/v2\/pages\/6\/revisions"}],"predecessor-version":[{"id":11088,"href":"https:\/\/riikkapontynen.com\/Fengshuisisustuskurssi\/wp-json\/wp\/v2\/pages\/6\/revisions\/11088"}],"wp:attachment":[{"href":"https:\/\/riikkapontynen.com\/Fengshuisisustuskurssi\/wp-json\/wp\/v2\/media?parent=6"}],"curies":[{"name":"wp","href":"https:\/\/api.w.org\/{rel}","templated":true}]}}