{"id":5518,"date":"2022-03-22T11:33:28","date_gmt":"2022-03-22T09:33:28","guid":{"rendered":"http:\/\/riikkapontynen.com\/Fengshuisisustuskurssi\/?page_id=5518"},"modified":"2024-12-13T16:19:39","modified_gmt":"2024-12-13T14:19:39","slug":"fengshui-akatemian-tarina","status":"publish","type":"page","link":"https:\/\/riikkapontynen.com\/Fengshuisisustuskurssi\/fengshui-akatemian-tarina\/","title":{"rendered":"Fengshui Akatemiassa edistyksellisin fengshui koulutus Suomessa"},"content":{"rendered":"\t\t<div data-elementor-type=\"wp-page\" data-elementor-id=\"5518\" class=\"elementor elementor-5518\">\n\t\t\t\t\t\t<section class=\"elementor-section elementor-top-section elementor-element elementor-element-5da72ba elementor-section-full_width elementor-section-height-default elementor-section-height-default\" data-id=\"5da72ba\" data-element_type=\"section\" data-e-type=\"section\">\n\t\t\t\t\t\t<div class=\"elementor-container elementor-column-gap-default\">\n\t\t\t\t\t<div class=\"elementor-column elementor-col-100 elementor-top-column elementor-element elementor-element-4b5c2b1\" data-id=\"4b5c2b1\" data-element_type=\"column\" data-e-type=\"column\">\n\t\t\t<div class=\"elementor-widget-wrap elementor-element-populated\">\n\t\t\t\t\t\t<div class=\"elementor-element elementor-element-cdbf57b elementor-widget elementor-widget-image\" data-id=\"cdbf57b\" data-element_type=\"widget\" data-e-type=\"widget\" data-widget_type=\"image.default\">\n\t\t\t\t<div class=\"elementor-widget-container\">\n\t\t\t\t\t\t\t\t\t\t\t\t\t\t\t<img fetchpriority=\"high\" decoding=\"async\" width=\"300\" height=\"254\" src=\"https:\/\/i0.wp.com\/riikkapontynen.com\/Fengshuisisustuskurssi\/wp-content\/uploads\/2021\/11\/Logo-transparency-2.png?fit=300%2C254&amp;ssl=1\" class=\"attachment-medium size-medium wp-image-4202\" alt=\"\" srcset=\"https:\/\/i0.wp.com\/riikkapontynen.com\/Fengshuisisustuskurssi\/wp-content\/uploads\/2021\/11\/Logo-transparency-2.png?w=7428&amp;ssl=1 7428w, https:\/\/i0.wp.com\/riikkapontynen.com\/Fengshuisisustuskurssi\/wp-content\/uploads\/2021\/11\/Logo-transparency-2.png?resize=600%2C508&amp;ssl=1 600w, https:\/\/i0.wp.com\/riikkapontynen.com\/Fengshuisisustuskurssi\/wp-content\/uploads\/2021\/11\/Logo-transparency-2.png?resize=300%2C254&amp;ssl=1 300w, https:\/\/i0.wp.com\/riikkapontynen.com\/Fengshuisisustuskurssi\/wp-content\/uploads\/2021\/11\/Logo-transparency-2.png?resize=1024%2C867&amp;ssl=1 1024w, https:\/\/i0.wp.com\/riikkapontynen.com\/Fengshuisisustuskurssi\/wp-content\/uploads\/2021\/11\/Logo-transparency-2.png?resize=768%2C650&amp;ssl=1 768w, https:\/\/i0.wp.com\/riikkapontynen.com\/Fengshuisisustuskurssi\/wp-content\/uploads\/2021\/11\/Logo-transparency-2.png?resize=1536%2C1300&amp;ssl=1 1536w, https:\/\/i0.wp.com\/riikkapontynen.com\/Fengshuisisustuskurssi\/wp-content\/uploads\/2021\/11\/Logo-transparency-2.png?resize=2048%2C1734&amp;ssl=1 2048w, https:\/\/i0.wp.com\/riikkapontynen.com\/Fengshuisisustuskurssi\/wp-content\/uploads\/2021\/11\/Logo-transparency-2.png?w=2250&amp;ssl=1 2250w\" sizes=\"(max-width: 300px) 100vw, 300px\" \/>\t\t\t\t\t\t\t\t\t\t\t\t\t\t\t<\/div>\n\t\t\t\t<\/div>\n\t\t\t\t\t<\/div>\n\t\t<\/div>\n\t\t\t\t\t<\/div>\n\t\t<\/section>\n\t\t\t\t<section class=\"elementor-section elementor-top-section elementor-element elementor-element-5d00c68 elementor-section-boxed elementor-section-height-default elementor-section-height-default\" data-id=\"5d00c68\" data-element_type=\"section\" data-e-type=\"section\">\n\t\t\t\t\t\t<div class=\"elementor-container elementor-column-gap-default\">\n\t\t\t\t\t<div class=\"elementor-column elementor-col-100 elementor-top-column elementor-element elementor-element-201ab1f\" data-id=\"201ab1f\" data-element_type=\"column\" data-e-type=\"column\">\n\t\t\t<div class=\"elementor-widget-wrap elementor-element-populated\">\n\t\t\t\t\t\t<div class=\"elementor-element elementor-element-5a04fda elementor-widget elementor-widget-spacer\" data-id=\"5a04fda\" data-element_type=\"widget\" data-e-type=\"widget\" data-widget_type=\"spacer.default\">\n\t\t\t\t<div class=\"elementor-widget-container\">\n\t\t\t\t\t\t\t<div class=\"elementor-spacer\">\n\t\t\t<div class=\"elementor-spacer-inner\"><\/div>\n\t\t<\/div>\n\t\t\t\t\t\t<\/div>\n\t\t\t\t<\/div>\n\t\t\t\t<div class=\"elementor-element elementor-element-09a726e elementor-widget elementor-widget-text-editor\" data-id=\"09a726e\" data-element_type=\"widget\" data-e-type=\"widget\" data-widget_type=\"text-editor.default\">\n\t\t\t\t<div class=\"elementor-widget-container\">\n\t\t\t\t\t\t\t\t\t<p>Kun aloitin fengshuin tutkimisen vuosituhannen vaihteessa, oli kuin olisin l\u00e4htenyt seikkailulle ilman karttaa. Tiedon l\u00f6yt\u00e4misen ja ymm\u00e4rt\u00e4misen tiell\u00e4 oli monenlaisia esteit\u00e4 \u2013 ristiriitaisia neuvoja, vaikeasti saatavilla olevia materiaaleja ja ohjeita, jotka tuntuivat pinnallisilta tai jopa harhaanjohtavilta. Silti jokin syv\u00e4 ja pys\u00e4ytt\u00e4m\u00e4t\u00f6n voima ajoi minua eteenp\u00e4in matkallani.<\/p><p>Fengshuin mahdollisuudet kiehtoivat minua niin paljon, etten voinut antaa haasteiden lannistaa. Tunsin, ett\u00e4 t\u00e4ss\u00e4 opissa piilee jotain, mik\u00e4 voisi mullistaa ymp\u00e4rist\u00f6n vaikutuksen hyvinvointiimme, ja koko el\u00e4m\u00e4ni! Halusin ymm\u00e4rt\u00e4\u00e4, mit\u00e4 fengshui todella on, ja miten voisin soveltaa sit\u00e4 omassa el\u00e4m\u00e4ss\u00e4ni.<\/p><p>Kun oman omakotitalomme suunnittelu toi esiin fengshuin tiedonpuutteen 2010-luvulla, p\u00e4\u00e4tin tarttua haasteeseen itse. Halusin p\u00e4\u00e4st\u00e4 oppien l\u00e4hteille, joten kouluttauduin fengshui-konsultiksi. Valmistuttuani vuonna 2015 huomasin kuitenkin, ett\u00e4 suomalaisten fengshui-ammattilaisten kent\u00e4ll\u00e4 oli paljon parannettavaa.<\/p><p>Fengshui-tietoa ei ollut edelleenk\u00e4\u00e4n selke\u00e4sti ja helposti saatavilla. Kurssit olivat sirpaleisia, eik\u00e4 yhteis\u00f6\u00e4, joka tarjoaisi tukea ja jakaisi kokemuksia, juuri ollut. Lis\u00e4ksi fengshuita markkinoitiin usein mystiikkana \u2013 taikuutena, joka j\u00e4tti huomiotta sen todelliset hy\u00f6dyt ihmisten arjessa.<\/p><p>Fengshui ei kuitenkaan ole salaper\u00e4inen taika, vaan k\u00e4yt\u00e4nn\u00f6llinen ty\u00f6kalu, jolla voi luoda harmoniaa, selkeytt\u00e4 ja energiaa niin kotiin kuin el\u00e4m\u00e4\u00e4n. Se on kuin mets\u00e4, joka pit\u00e4\u00e4 kokea itse: sen tuoksut, tunnelma ja voima voivat j\u00e4tt\u00e4\u00e4 meihin pysyv\u00e4n j\u00e4ljen ja muuttaa el\u00e4m\u00e4\u00e4mme, mutta pelkk\u00e4 tunteen kuvaileminen sanallisesti ei riit\u00e4 v\u00e4litt\u00e4m\u00e4\u00e4n sen syvyytt\u00e4.<\/p><p>Vuonna 2021 perustin Fengshui Akatemian, jotta voisimme tehd\u00e4 t\u00e4m\u00e4n voimaannuttavan tiedon saavutettavaksi kaikille suomalaisille. Meid\u00e4n teht\u00e4v\u00e4mme on n\u00e4ytt\u00e4\u00e4 polku t\u00e4h\u00e4n &#8220;mets\u00e4\u00e4n&#8221; \u2013 tuoda fengshuin oppien konkreettiset hy\u00f6dyt arkeesi ja auttaa sinua luomaan ymp\u00e4rist\u00f6, joka tukee unelmiesi toteutumista.<\/p><p>Fengshui Akatemiassa uskomme, ett\u00e4 jokaisella on oikeus el\u00e4\u00e4 harmonista ja merkityksellist\u00e4 el\u00e4m\u00e4\u00e4. Kodin ei tule kuluttaa voimia tai rajoittaa menestymisen mahdollisuuksia, vaan p\u00e4in vastoin lis\u00e4t\u00e4 niit\u00e4.\u00a0 Olemme t\u00e4\u00e4ll\u00e4 sujuvoittamassa matkaasi ja tarjoamassa selkeit\u00e4 askelmerkkej\u00e4, joilla voit tehd\u00e4 kodistasi ja el\u00e4m\u00e4st\u00e4si paikan, joka tukee sinua joka askeleella.<\/p><p>Sinun unelmasi ovat meid\u00e4n inspiraatiomme \u2013 ja fengshuin avulla haluamme auttaa sinua tekem\u00e4\u00e4n niist\u00e4 totta. Tervetuloa l\u00f6yt\u00e4m\u00e4\u00e4n fengshuin voima kanssamme!\u00a0<\/p>\t\t\t\t\t\t\t\t<\/div>\n\t\t\t\t<\/div>\n\t\t\t\t\t<\/div>\n\t\t<\/div>\n\t\t\t\t\t<\/div>\n\t\t<\/section>\n\t\t\t\t<section class=\"elementor-section elementor-top-section elementor-element elementor-element-b117bb3 elementor-section-boxed elementor-section-height-default elementor-section-height-default\" data-id=\"b117bb3\" data-element_type=\"section\" data-e-type=\"section\">\n\t\t\t\t\t\t<div class=\"elementor-container elementor-column-gap-default\">\n\t\t\t\t\t<div class=\"elementor-column elementor-col-33 elementor-top-column elementor-element elementor-element-ae044a2\" data-id=\"ae044a2\" data-element_type=\"column\" data-e-type=\"column\">\n\t\t\t<div class=\"elementor-widget-wrap elementor-element-populated\">\n\t\t\t\t\t\t<div class=\"elementor-element elementor-element-0cb1680 elementor-widget elementor-widget-image\" data-id=\"0cb1680\" data-element_type=\"widget\" data-e-type=\"widget\" data-widget_type=\"image.default\">\n\t\t\t\t<div class=\"elementor-widget-container\">\n\t\t\t\t\t\t\t\t\t\t\t\t\t\t\t<img decoding=\"async\" width=\"750\" height=\"750\" src=\"https:\/\/i0.wp.com\/riikkapontynen.com\/Fengshuisisustuskurssi\/wp-content\/uploads\/2024\/06\/Tunne-kotisi-Fengshuikurssi-2.png?fit=750%2C750&amp;ssl=1\" class=\"attachment-large size-large wp-image-8057\" alt=\"\" srcset=\"https:\/\/i0.wp.com\/riikkapontynen.com\/Fengshuisisustuskurssi\/wp-content\/uploads\/2024\/06\/Tunne-kotisi-Fengshuikurssi-2.png?w=1080&amp;ssl=1 1080w, https:\/\/i0.wp.com\/riikkapontynen.com\/Fengshuisisustuskurssi\/wp-content\/uploads\/2024\/06\/Tunne-kotisi-Fengshuikurssi-2.png?resize=230%2C230&amp;ssl=1 230w, https:\/\/i0.wp.com\/riikkapontynen.com\/Fengshuisisustuskurssi\/wp-content\/uploads\/2024\/06\/Tunne-kotisi-Fengshuikurssi-2.png?resize=160%2C160&amp;ssl=1 160w, https:\/\/i0.wp.com\/riikkapontynen.com\/Fengshuisisustuskurssi\/wp-content\/uploads\/2024\/06\/Tunne-kotisi-Fengshuikurssi-2.png?resize=600%2C600&amp;ssl=1 600w, https:\/\/i0.wp.com\/riikkapontynen.com\/Fengshuisisustuskurssi\/wp-content\/uploads\/2024\/06\/Tunne-kotisi-Fengshuikurssi-2.png?resize=300%2C300&amp;ssl=1 300w, https:\/\/i0.wp.com\/riikkapontynen.com\/Fengshuisisustuskurssi\/wp-content\/uploads\/2024\/06\/Tunne-kotisi-Fengshuikurssi-2.png?resize=1024%2C1024&amp;ssl=1 1024w, https:\/\/i0.wp.com\/riikkapontynen.com\/Fengshuisisustuskurssi\/wp-content\/uploads\/2024\/06\/Tunne-kotisi-Fengshuikurssi-2.png?resize=150%2C150&amp;ssl=1 150w, https:\/\/i0.wp.com\/riikkapontynen.com\/Fengshuisisustuskurssi\/wp-content\/uploads\/2024\/06\/Tunne-kotisi-Fengshuikurssi-2.png?resize=768%2C768&amp;ssl=1 768w, https:\/\/i0.wp.com\/riikkapontynen.com\/Fengshuisisustuskurssi\/wp-content\/uploads\/2024\/06\/Tunne-kotisi-Fengshuikurssi-2.png?resize=460%2C460&amp;ssl=1 460w\" sizes=\"(max-width: 750px) 100vw, 750px\" \/>\t\t\t\t\t\t\t\t\t\t\t\t\t\t\t<\/div>\n\t\t\t\t<\/div>\n\t\t\t\t\t<\/div>\n\t\t<\/div>\n\t\t\t\t<div class=\"elementor-column elementor-col-66 elementor-top-column elementor-element elementor-element-912beb1\" data-id=\"912beb1\" data-element_type=\"column\" data-e-type=\"column\">\n\t\t\t<div class=\"elementor-widget-wrap elementor-element-populated\">\n\t\t\t\t\t\t<div class=\"elementor-element elementor-element-a81da5c elementor-widget elementor-widget-spacer\" data-id=\"a81da5c\" data-element_type=\"widget\" data-e-type=\"widget\" data-widget_type=\"spacer.default\">\n\t\t\t\t<div class=\"elementor-widget-container\">\n\t\t\t\t\t\t\t<div class=\"elementor-spacer\">\n\t\t\t<div class=\"elementor-spacer-inner\"><\/div>\n\t\t<\/div>\n\t\t\t\t\t\t<\/div>\n\t\t\t\t<\/div>\n\t\t\t\t<div class=\"elementor-element elementor-element-2e93c0f elementor-widget elementor-widget-text-editor\" data-id=\"2e93c0f\" data-element_type=\"widget\" data-e-type=\"widget\" data-widget_type=\"text-editor.default\">\n\t\t\t\t<div class=\"elementor-widget-container\">\n\t\t\t\t\t\t\t\t\t<p><strong>Riikka P\u00f6ntynen<\/strong><\/p><p>fengshui-konsultti, visualisti, pihasuunnittelija<\/p><p>bloggaaja &amp; kirjailija<\/p><p>Fengshui Akatemian perustaja ja p\u00e4\u00e4kouluttaja<\/p>\t\t\t\t\t\t\t\t<\/div>\n\t\t\t\t<\/div>\n\t\t\t\t\t<\/div>\n\t\t<\/div>\n\t\t\t\t\t<\/div>\n\t\t<\/section>\n\t\t\t\t<section class=\"elementor-section elementor-top-section elementor-element elementor-element-e5a4f64 elementor-section-boxed elementor-section-height-default elementor-section-height-default\" data-id=\"e5a4f64\" data-element_type=\"section\" data-e-type=\"section\">\n\t\t\t\t\t\t<div class=\"elementor-container elementor-column-gap-default\">\n\t\t\t\t\t<div class=\"elementor-column elementor-col-100 elementor-top-column elementor-element elementor-element-71390d5\" data-id=\"71390d5\" data-element_type=\"column\" data-e-type=\"column\">\n\t\t\t<div class=\"elementor-widget-wrap elementor-element-populated\">\n\t\t\t\t\t\t<div class=\"elementor-element elementor-element-2d69471 elementor-widget elementor-widget-spacer\" data-id=\"2d69471\" data-element_type=\"widget\" data-e-type=\"widget\" data-widget_type=\"spacer.default\">\n\t\t\t\t<div class=\"elementor-widget-container\">\n\t\t\t\t\t\t\t<div class=\"elementor-spacer\">\n\t\t\t<div class=\"elementor-spacer-inner\"><\/div>\n\t\t<\/div>\n\t\t\t\t\t\t<\/div>\n\t\t\t\t<\/div>\n\t\t\t\t<div class=\"elementor-element elementor-element-b10d39b elementor-widget-divider--view-line elementor-widget elementor-widget-divider\" data-id=\"b10d39b\" data-element_type=\"widget\" data-e-type=\"widget\" data-widget_type=\"divider.default\">\n\t\t\t\t<div class=\"elementor-widget-container\">\n\t\t\t\t\t\t\t<div class=\"elementor-divider\">\n\t\t\t<span class=\"elementor-divider-separator\">\n\t\t\t\t\t\t<\/span>\n\t\t<\/div>\n\t\t\t\t\t\t<\/div>\n\t\t\t\t<\/div>\n\t\t\t\t<div class=\"elementor-element elementor-element-311d994 elementor-widget elementor-widget-spacer\" data-id=\"311d994\" data-element_type=\"widget\" data-e-type=\"widget\" data-widget_type=\"spacer.default\">\n\t\t\t\t<div class=\"elementor-widget-container\">\n\t\t\t\t\t\t\t<div class=\"elementor-spacer\">\n\t\t\t<div class=\"elementor-spacer-inner\"><\/div>\n\t\t<\/div>\n\t\t\t\t\t\t<\/div>\n\t\t\t\t<\/div>\n\t\t\t\t<div class=\"elementor-element elementor-element-883ffa7 elementor-widget elementor-widget-heading\" data-id=\"883ffa7\" data-element_type=\"widget\" data-e-type=\"widget\" data-widget_type=\"heading.default\">\n\t\t\t\t<div class=\"elementor-widget-container\">\n\t\t\t\t\t<h1 class=\"elementor-heading-title elementor-size-default\">Sisustamisen edell\u00e4k\u00e4vij\u00f6ille <\/h1>\t\t\t\t<\/div>\n\t\t\t\t<\/div>\n\t\t\t\t<div class=\"elementor-element elementor-element-1a065da elementor-widget elementor-widget-text-editor\" data-id=\"1a065da\" data-element_type=\"widget\" data-e-type=\"widget\" data-widget_type=\"text-editor.default\">\n\t\t\t\t<div class=\"elementor-widget-container\">\n\t\t\t\t\t\t\t\t\t<h5>Fengshui Akatemia tarjoaa parasta tietoa ja fengshui koulutusta Suomessa!<\/h5><p>Kursseillamme ja koulutuksissamme p\u00e4\u00e4set tutustumaan fengshuin tehokkaisiin oppeihin, sek\u00e4 kuinka voit hy\u00f6dynt\u00e4\u00e4 niit\u00e4 oman asuinymp\u00e4rist\u00f6si, kuten kotisi, sisustuksen suunnittelussa.<\/p>\t\t\t\t\t\t\t\t<\/div>\n\t\t\t\t<\/div>\n\t\t\t\t<div class=\"elementor-element elementor-element-a0fb41d elementor-widget elementor-widget-spacer\" data-id=\"a0fb41d\" data-element_type=\"widget\" data-e-type=\"widget\" data-widget_type=\"spacer.default\">\n\t\t\t\t<div class=\"elementor-widget-container\">\n\t\t\t\t\t\t\t<div class=\"elementor-spacer\">\n\t\t\t<div class=\"elementor-spacer-inner\"><\/div>\n\t\t<\/div>\n\t\t\t\t\t\t<\/div>\n\t\t\t\t<\/div>\n\t\t\t\t\t<\/div>\n\t\t<\/div>\n\t\t\t\t\t<\/div>\n\t\t<\/section>\n\t\t\t\t<section class=\"elementor-section elementor-top-section elementor-element elementor-element-3f7846a elementor-section-boxed elementor-section-height-default elementor-section-height-default\" data-id=\"3f7846a\" data-element_type=\"section\" data-e-type=\"section\">\n\t\t\t\t\t\t<div class=\"elementor-container elementor-column-gap-extended\">\n\t\t\t\t\t<div class=\"elementor-column elementor-col-50 elementor-top-column elementor-element elementor-element-20bed28\" data-id=\"20bed28\" data-element_type=\"column\" data-e-type=\"column\">\n\t\t\t<div class=\"elementor-widget-wrap elementor-element-populated\">\n\t\t\t\t\t\t<div class=\"elementor-element elementor-element-1196c58 elementor-position-top elementor-widget elementor-widget-image-box\" data-id=\"1196c58\" data-element_type=\"widget\" data-e-type=\"widget\" data-widget_type=\"image-box.default\">\n\t\t\t\t<div class=\"elementor-widget-container\">\n\t\t\t\t\t<div class=\"elementor-image-box-wrapper\"><figure class=\"elementor-image-box-img\"><a href=\"https:\/\/www.riikkapontynen.com\/Fengshuisisustuskurssi\/tunnekotisi-verkkokurssi\/\" tabindex=\"-1\"><img decoding=\"async\" width=\"1080\" height=\"1080\" src=\"https:\/\/i0.wp.com\/riikkapontynen.com\/Fengshuisisustuskurssi\/wp-content\/uploads\/2024\/12\/Tunne-kotisi-Fengshuikurssi.png?fit=1080%2C1080&amp;ssl=1\" class=\"attachment-full size-full wp-image-9754\" alt=\"\" srcset=\"https:\/\/i0.wp.com\/riikkapontynen.com\/Fengshuisisustuskurssi\/wp-content\/uploads\/2024\/12\/Tunne-kotisi-Fengshuikurssi.png?w=1080&amp;ssl=1 1080w, https:\/\/i0.wp.com\/riikkapontynen.com\/Fengshuisisustuskurssi\/wp-content\/uploads\/2024\/12\/Tunne-kotisi-Fengshuikurssi.png?resize=300%2C300&amp;ssl=1 300w, https:\/\/i0.wp.com\/riikkapontynen.com\/Fengshuisisustuskurssi\/wp-content\/uploads\/2024\/12\/Tunne-kotisi-Fengshuikurssi.png?resize=1024%2C1024&amp;ssl=1 1024w, https:\/\/i0.wp.com\/riikkapontynen.com\/Fengshuisisustuskurssi\/wp-content\/uploads\/2024\/12\/Tunne-kotisi-Fengshuikurssi.png?resize=150%2C150&amp;ssl=1 150w, https:\/\/i0.wp.com\/riikkapontynen.com\/Fengshuisisustuskurssi\/wp-content\/uploads\/2024\/12\/Tunne-kotisi-Fengshuikurssi.png?resize=768%2C768&amp;ssl=1 768w, https:\/\/i0.wp.com\/riikkapontynen.com\/Fengshuisisustuskurssi\/wp-content\/uploads\/2024\/12\/Tunne-kotisi-Fengshuikurssi.png?resize=460%2C460&amp;ssl=1 460w, https:\/\/i0.wp.com\/riikkapontynen.com\/Fengshuisisustuskurssi\/wp-content\/uploads\/2024\/12\/Tunne-kotisi-Fengshuikurssi.png?resize=230%2C230&amp;ssl=1 230w, https:\/\/i0.wp.com\/riikkapontynen.com\/Fengshuisisustuskurssi\/wp-content\/uploads\/2024\/12\/Tunne-kotisi-Fengshuikurssi.png?resize=600%2C600&amp;ssl=1 600w, https:\/\/i0.wp.com\/riikkapontynen.com\/Fengshuisisustuskurssi\/wp-content\/uploads\/2024\/12\/Tunne-kotisi-Fengshuikurssi.png?resize=160%2C160&amp;ssl=1 160w\" sizes=\"(max-width: 750px) 100vw, 750px\" \/><\/a><\/figure><div class=\"elementor-image-box-content\"><h4 class=\"elementor-image-box-title\"><a href=\"https:\/\/www.riikkapontynen.com\/Fengshuisisustuskurssi\/tunnekotisi-verkkokurssi\/\">Tutustu suosituimpaan kurssiimme<\/a><\/h4><p class=\"elementor-image-box-description\">Kurssin avulla saat kattavan k\u00e4sityksen ja hyv\u00e4t perustiedot fengshui-opista, sek\u00e4 opit sisustamaan kotisi harmoniseksi, omaa ja perheesi hyvinvointia tukevaksi. Opit my\u00f6s k\u00e4ytt\u00e4m\u00e4\u00e4n fengshuin oppeja \"t\u00e4sm\u00e4l\u00e4\u00e4kkeen\u00e4\" erilaisissa tilanteissa, kuten eri el\u00e4m\u00e4nalueiden aktivoinnissa. <\/p><\/div><\/div>\t\t\t\t<\/div>\n\t\t\t\t<\/div>\n\t\t\t\t<div class=\"elementor-element elementor-element-b328f6c elementor-align-center elementor-widget elementor-widget-button\" data-id=\"b328f6c\" data-element_type=\"widget\" data-e-type=\"widget\" data-widget_type=\"button.default\">\n\t\t\t\t<div class=\"elementor-widget-container\">\n\t\t\t\t\t\t\t\t\t<div class=\"elementor-button-wrapper\">\n\t\t\t\t\t<a class=\"elementor-button elementor-button-link elementor-size-sm\" href=\"https:\/\/riikkapontynen.com\/Fengshuisisustuskurssi\/tunnekotisi-verkkokurssi\/\">\n\t\t\t\t\t\t<span class=\"elementor-button-content-wrapper\">\n\t\t\t\t\t\t\t\t\t<span class=\"elementor-button-text\">LUE LIS\u00c4\u00c4 T\u00c4ST\u00c4<\/span>\n\t\t\t\t\t<\/span>\n\t\t\t\t\t<\/a>\n\t\t\t\t<\/div>\n\t\t\t\t\t\t\t\t<\/div>\n\t\t\t\t<\/div>\n\t\t\t\t\t<\/div>\n\t\t<\/div>\n\t\t\t\t<div class=\"elementor-column elementor-col-50 elementor-top-column elementor-element elementor-element-a4b43f7\" data-id=\"a4b43f7\" data-element_type=\"column\" data-e-type=\"column\">\n\t\t\t<div class=\"elementor-widget-wrap elementor-element-populated\">\n\t\t\t\t\t\t<div class=\"elementor-element elementor-element-217e372 elementor-position-top elementor-widget elementor-widget-image-box\" data-id=\"217e372\" data-element_type=\"widget\" data-e-type=\"widget\" data-widget_type=\"image-box.default\">\n\t\t\t\t<div class=\"elementor-widget-container\">\n\t\t\t\t\t<div class=\"elementor-image-box-wrapper\"><figure class=\"elementor-image-box-img\"><a href=\"https:\/\/www.riikkapontynen.com\/Fengshuisisustuskurssi\/fengshui-koulutus-ammattilaisille\/\" tabindex=\"-1\"><img loading=\"lazy\" decoding=\"async\" width=\"1080\" height=\"1080\" src=\"https:\/\/i0.wp.com\/riikkapontynen.com\/Fengshuisisustuskurssi\/wp-content\/uploads\/2024\/12\/Fengshui-neuvojakoulutus-kuvat-Instagram-postaus.png?fit=1080%2C1080&amp;ssl=1\" class=\"attachment-full size-full wp-image-9753\" alt=\"fengshui-neuvojakoulutus, fengshui-konsulttikoulutus, fengshui koulutusta\" srcset=\"https:\/\/i0.wp.com\/riikkapontynen.com\/Fengshuisisustuskurssi\/wp-content\/uploads\/2024\/12\/Fengshui-neuvojakoulutus-kuvat-Instagram-postaus.png?w=1080&amp;ssl=1 1080w, https:\/\/i0.wp.com\/riikkapontynen.com\/Fengshuisisustuskurssi\/wp-content\/uploads\/2024\/12\/Fengshui-neuvojakoulutus-kuvat-Instagram-postaus.png?resize=300%2C300&amp;ssl=1 300w, https:\/\/i0.wp.com\/riikkapontynen.com\/Fengshuisisustuskurssi\/wp-content\/uploads\/2024\/12\/Fengshui-neuvojakoulutus-kuvat-Instagram-postaus.png?resize=1024%2C1024&amp;ssl=1 1024w, https:\/\/i0.wp.com\/riikkapontynen.com\/Fengshuisisustuskurssi\/wp-content\/uploads\/2024\/12\/Fengshui-neuvojakoulutus-kuvat-Instagram-postaus.png?resize=150%2C150&amp;ssl=1 150w, https:\/\/i0.wp.com\/riikkapontynen.com\/Fengshuisisustuskurssi\/wp-content\/uploads\/2024\/12\/Fengshui-neuvojakoulutus-kuvat-Instagram-postaus.png?resize=768%2C768&amp;ssl=1 768w, https:\/\/i0.wp.com\/riikkapontynen.com\/Fengshuisisustuskurssi\/wp-content\/uploads\/2024\/12\/Fengshui-neuvojakoulutus-kuvat-Instagram-postaus.png?resize=460%2C460&amp;ssl=1 460w, https:\/\/i0.wp.com\/riikkapontynen.com\/Fengshuisisustuskurssi\/wp-content\/uploads\/2024\/12\/Fengshui-neuvojakoulutus-kuvat-Instagram-postaus.png?resize=230%2C230&amp;ssl=1 230w, https:\/\/i0.wp.com\/riikkapontynen.com\/Fengshuisisustuskurssi\/wp-content\/uploads\/2024\/12\/Fengshui-neuvojakoulutus-kuvat-Instagram-postaus.png?resize=600%2C600&amp;ssl=1 600w, https:\/\/i0.wp.com\/riikkapontynen.com\/Fengshuisisustuskurssi\/wp-content\/uploads\/2024\/12\/Fengshui-neuvojakoulutus-kuvat-Instagram-postaus.png?resize=160%2C160&amp;ssl=1 160w\" sizes=\"(max-width: 750px) 100vw, 750px\" \/><\/a><\/figure><div class=\"elementor-image-box-content\"><h4 class=\"elementor-image-box-title\"><a href=\"https:\/\/www.riikkapontynen.com\/Fengshuisisustuskurssi\/fengshui-koulutus-ammattilaisille\/\">Opiskele fengshui-ammattilaiseksi<\/a><\/h4><p class=\"elementor-image-box-description\">Uudenlainen koulutusohjelma sinulle, joka ty\u00f6skentelet asumisen tai sisustuksen parissa yritt\u00e4j\u00e4n\u00e4, tai suunnittelet yrityksen perustamista. Koulutus antaa fengshuin oppien lis\u00e4ksi valmiuksia mm. markkinointiin ja yritt\u00e4j\u00e4n\u00e4 toimimiseen. Koulutus toteutetaan et\u00e4koulutuksena Zoomissa. <\/p><\/div><\/div>\t\t\t\t<\/div>\n\t\t\t\t<\/div>\n\t\t\t\t<div class=\"elementor-element elementor-element-dd4aa70 elementor-align-center elementor-widget elementor-widget-button\" data-id=\"dd4aa70\" data-element_type=\"widget\" data-e-type=\"widget\" data-widget_type=\"button.default\">\n\t\t\t\t<div class=\"elementor-widget-container\">\n\t\t\t\t\t\t\t\t\t<div class=\"elementor-button-wrapper\">\n\t\t\t\t\t<a class=\"elementor-button elementor-button-link elementor-size-sm\" href=\"https:\/\/riikkapontynen.com\/Fengshuisisustuskurssi\/fengshui-koulutus-ammattilaisille\/\">\n\t\t\t\t\t\t<span class=\"elementor-button-content-wrapper\">\n\t\t\t\t\t\t\t\t\t<span class=\"elementor-button-text\">LUE LIS\u00c4\u00c4 T\u00c4ST\u00c4<\/span>\n\t\t\t\t\t<\/span>\n\t\t\t\t\t<\/a>\n\t\t\t\t<\/div>\n\t\t\t\t\t\t\t\t<\/div>\n\t\t\t\t<\/div>\n\t\t\t\t\t<\/div>\n\t\t<\/div>\n\t\t\t\t\t<\/div>\n\t\t<\/section>\n\t\t\t\t<section class=\"elementor-section elementor-top-section elementor-element elementor-element-4306ef8 elementor-section-boxed elementor-section-height-default elementor-section-height-default\" data-id=\"4306ef8\" data-element_type=\"section\" data-e-type=\"section\">\n\t\t\t\t\t\t<div class=\"elementor-container elementor-column-gap-default\">\n\t\t\t\t\t<div class=\"elementor-column elementor-col-100 elementor-top-column elementor-element elementor-element-0e1a727\" data-id=\"0e1a727\" data-element_type=\"column\" data-e-type=\"column\">\n\t\t\t<div class=\"elementor-widget-wrap elementor-element-populated\">\n\t\t\t\t\t\t<div class=\"elementor-element elementor-element-6c347e4 elementor-widget elementor-widget-spacer\" data-id=\"6c347e4\" data-element_type=\"widget\" data-e-type=\"widget\" data-widget_type=\"spacer.default\">\n\t\t\t\t<div class=\"elementor-widget-container\">\n\t\t\t\t\t\t\t<div class=\"elementor-spacer\">\n\t\t\t<div class=\"elementor-spacer-inner\"><\/div>\n\t\t<\/div>\n\t\t\t\t\t\t<\/div>\n\t\t\t\t<\/div>\n\t\t\t\t\t<\/div>\n\t\t<\/div>\n\t\t\t\t\t<\/div>\n\t\t<\/section>\n\t\t\t\t<\/div>\n\t\t","protected":false},"excerpt":{"rendered":"<p>Kun aloitin fengshuin tutkimisen vuosituhannen vaihteessa, oli kuin olisin l\u00e4htenyt seikkailulle ilman karttaa. Tiedon l\u00f6yt\u00e4misen ja ymm\u00e4rt\u00e4misen tiell\u00e4 oli monenlaisia esteit\u00e4 \u2013 ristiriitaisia neuvoja, vaikeasti saatavilla olevia materiaaleja ja ohjeita, jotka tuntuivat pinnallisilta tai jopa harhaanjohtavilta. Silti jokin syv\u00e4 ja pys\u00e4ytt\u00e4m\u00e4t\u00f6n voima ajoi minua eteenp\u00e4in matkallani. Fengshuin mahdollisuudet kiehtoivat minua [&hellip;]<\/p>\n","protected":false},"author":1,"featured_media":0,"parent":0,"menu_order":0,"comment_status":"closed","ping_status":"closed","template":"","meta":{"nf_dc_page":"","footnotes":""},"class_list":["post-5518","page","type-page","status-publish","hentry"],"jetpack_sharing_enabled":true,"_links":{"self":[{"href":"https:\/\/riikkapontynen.com\/Fengshuisisustuskurssi\/wp-json\/wp\/v2\/pages\/5518","targetHints":{"allow":["GET"]}}],"collection":[{"href":"https:\/\/riikkapontynen.com\/Fengshuisisustuskurssi\/wp-json\/wp\/v2\/pages"}],"about":[{"href":"https:\/\/riikkapontynen.com\/Fengshuisisustuskurssi\/wp-json\/wp\/v2\/types\/page"}],"author":[{"embeddable":true,"href":"https:\/\/riikkapontynen.com\/Fengshuisisustuskurssi\/wp-json\/wp\/v2\/users\/1"}],"replies":[{"embeddable":true,"href":"https:\/\/riikkapontynen.com\/Fengshuisisustuskurssi\/wp-json\/wp\/v2\/comments?post=5518"}],"version-history":[{"count":10,"href":"https:\/\/riikkapontynen.com\/Fengshuisisustuskurssi\/wp-json\/wp\/v2\/pages\/5518\/revisions"}],"predecessor-version":[{"id":9777,"href":"https:\/\/riikkapontynen.com\/Fengshuisisustuskurssi\/wp-json\/wp\/v2\/pages\/5518\/revisions\/9777"}],"wp:attachment":[{"href":"https:\/\/riikkapontynen.com\/Fengshuisisustuskurssi\/wp-json\/wp\/v2\/media?parent=5518"}],"curies":[{"name":"wp","href":"https:\/\/api.w.org\/{rel}","templated":true}]}}