{"id":3768,"date":"2021-09-20T10:33:51","date_gmt":"2021-09-20T08:33:51","guid":{"rendered":"http:\/\/riikkapontynen.com\/Fengshuisisustuskurssi\/?page_id=3768"},"modified":"2025-10-23T17:01:07","modified_gmt":"2025-10-23T15:01:07","slug":"tervetuloa-fengshui-neuvojakoulutukseen","status":"publish","type":"page","link":"https:\/\/riikkapontynen.com\/Fengshuisisustuskurssi\/tervetuloa-fengshui-neuvojakoulutukseen\/","title":{"rendered":"Tervetuloa Fengshui-neuvojakoulutukseen!"},"content":{"rendered":"<div class=\"swpm-post-not-logged-in-msg\">You need to be logged in to view this content. Please <a class=\"swpm-login-link\" href=\"http:\/\/riikkapontynen.com\/Fengshuisisustuskurssi\/membership-login\/\">Log In<\/a>. Eik\u00f6 sinulla ole tunnuksia? <a href=\"http:\/\/riikkapontynen.com\/Fengshuisisustuskurssi\/membership-join\/\">Luo tunnukset t\u00e4\u00e4ll\u00e4<\/a><\/div>","protected":false},"excerpt":{"rendered":"<p>You need to be logged in to view this content. Please Log In. Eik\u00f6 sinulla ole tunnuksia? Luo tunnukset t\u00e4\u00e4ll\u00e4<\/p>\n","protected":false},"author":1,"featured_media":0,"parent":0,"menu_order":0,"comment_status":"closed","ping_status":"closed","template":"page-templates\/template-pagebuilder-full-width.php","meta":{"nf_dc_page":"","footnotes":""},"class_list":["post-3768","page","type-page","status-publish","hentry"],"jetpack_sharing_enabled":true,"_links":{"self":[{"href":"https:\/\/riikkapontynen.com\/Fengshuisisustuskurssi\/wp-json\/wp\/v2\/pages\/3768","targetHints":{"allow":["GET"]}}],"collection":[{"href":"https:\/\/riikkapontynen.com\/Fengshuisisustuskurssi\/wp-json\/wp\/v2\/pages"}],"about":[{"href":"https:\/\/riikkapontynen.com\/Fengshuisisustuskurssi\/wp-json\/wp\/v2\/types\/page"}],"author":[{"embeddable":true,"href":"https:\/\/riikkapontynen.com\/Fengshuisisustuskurssi\/wp-json\/wp\/v2\/users\/1"}],"replies":[{"embeddable":true,"href":"https:\/\/riikkapontynen.com\/Fengshuisisustuskurssi\/wp-json\/wp\/v2\/comments?post=3768"}],"version-history":[{"count":10,"href":"https:\/\/riikkapontynen.com\/Fengshuisisustuskurssi\/wp-json\/wp\/v2\/pages\/3768\/revisions"}],"predecessor-version":[{"id":11052,"href":"https:\/\/riikkapontynen.com\/Fengshuisisustuskurssi\/wp-json\/wp\/v2\/pages\/3768\/revisions\/11052"}],"wp:attachment":[{"href":"https:\/\/riikkapontynen.com\/Fengshuisisustuskurssi\/wp-json\/wp\/v2\/media?parent=3768"}],"curies":[{"name":"wp","href":"https:\/\/api.w.org\/{rel}","templated":true}]}}