{"id":3,"date":"2019-01-09T11:19:06","date_gmt":"2019-01-09T11:19:06","guid":{"rendered":"http:\/\/riikkapontynen.com\/Fengshuisisustuskurssi\/?page_id=3"},"modified":"2022-02-26T10:57:04","modified_gmt":"2022-02-26T08:57:04","slug":"privacy-policy","status":"publish","type":"page","link":"https:\/\/riikkapontynen.com\/Fengshuisisustuskurssi\/privacy-policy\/","title":{"rendered":"Yksityisyys, tietosuoja ja rekisteriseloste"},"content":{"rendered":"\n<h5 class=\"wp-block-heading\">Rekisterin yll\u00e4pit\u00e4j\u00e4<\/h5>\n\n\n\n<ul class=\"wp-block-list\"><li>Fengshui Akatemia<\/li><li>Y-tunnus 2565364-9<\/li><li>Pohjantie 169, 70940 J\u00e4nnevirta<\/li><\/ul>\n\n\n\n<h5 class=\"wp-block-heading\">Rekisterin yhteyshenkil\u00f6<\/h5>\n\n\n\n<p>Riikka P\u00f6ntynen<\/p>\n\n\n\n<h5 class=\"wp-block-heading\">Rekisterin nimi ja yll\u00e4pidon peruste<\/h5>\n\n\n\n<ul class=\"wp-block-list\"><li>Henkil\u00f6tietolain \u00a719 mukainen asiakasrekisteri<\/li><li>Sisustajan viikkokirje (s\u00e4hk\u00f6postilista)<\/li><li>Fengshui Akatemian uutiskirje (s\u00e4hk\u00f6postilista)<\/li><li>Tavoitteena onnellisempi el\u00e4m\u00e4 -viikkokirje (s\u00e4hk\u00f6postilista)<\/li><\/ul>\n\n\n\n<h5 class=\"wp-block-heading\">Rekisteriin liittyv\u00e4t sivustot<\/h5>\n\n\n\n<p>www.riikkapontynen.com, https:\/\/www.riikkapontynen.com\/Fengshuisisustuskurssi, www.fengshuiakatemia.fi<\/p>\n\n\n\n<h5 class=\"wp-block-heading\">Lis\u00e4tiedot<\/h5>\n\n\n\n<p>Fengshui Akatemia (j\u00e4ljemp\u00e4n\u00e4 yritys) viittaa t\u00e4ss\u00e4 rekisteriselosteessa ja tietosuojak\u00e4yt\u00e4nn\u00f6ss\u00e4 k\u00e4ytt\u00e4j\u00e4\u00e4n, jolla yritys tarkoittaa sivustoilla k\u00e4yvi\u00e4 henkil\u00f6it\u00e4, asiakkaita, kursseille, luennoille, webinaareihin ja workshoppeihin osallistujia sek\u00e4 erilaisiin kilpailuihin ja arvontoihin osallistuvia henkil\u00f6it\u00e4, yrityksi\u00e4, yhteis\u00f6j\u00e4, yritt\u00e4ji\u00e4 ja medioita.<\/p>\n\n\n\n<h5 class=\"wp-block-heading\">Tietojen ker\u00e4\u00e4misen tarkoitus<\/h5>\n\n\n\n<p>K\u00e4ytt\u00e4j\u00e4n henkil\u00f6tietoja voidaan k\u00e4sitell\u00e4 seuraavia tarkoituksia varten:<\/p>\n\n\n\n<ul class=\"wp-block-list\"><li>asiakassuhteen yll\u00e4pito, hoitaminen ja kehitt\u00e4minen<\/li><li>palvelujen toteuttaminen<\/li><li>asiakas- ja k\u00e4vij\u00e4tapahtumien varmentaminen<\/li><li>asiakaspalvelun, toiminnan ja sivustojen kehitt\u00e4minen<\/li><li>mielipide- ja markkinatutkimusten toteuttaminen<\/li><li>j\u00e4lleenmarkkinointi k\u00e4ytt\u00e4en Facebookin, Googlen ja s\u00e4hk\u00f6postimarkkinointiin tarkoitettuja ty\u00f6kaluja<\/li><li>tuotteiden ja palvelujen markkinointi sek\u00e4 tietojen tilastointi ja analysointi<\/li><li>kumppanuus- ja affiliatemarkkinoinnin toteuttaminen<\/li><\/ul>\n\n\n\n<p>Rekisteri koostuu yll\u00e4 mainittujen sivustojen, maksuttomien oppaiden tilaamisen sek\u00e4 erilaisten tuotteiden ja palvelujen ostamisen kautta postituslistalle liittyneist\u00e4 k\u00e4ytt\u00e4jist\u00e4. Rekisterin henkil\u00f6tietoja k\u00e4ytet\u00e4\u00e4n yhteydenpitoon s\u00e4hk\u00f6postilistalla oleviin k\u00e4ytt\u00e4jiin sek\u00e4 yrityksen ja asiakkaiden v\u00e4lisen asiakassuhteen hallintaan ja yll\u00e4pitoon.<\/p>\n\n\n\n<p>K\u00e4ytt\u00e4j\u00e4\u00e4 tiedotetaan sivustojen uutisista ja ajankohtaisista tapahtumista henkil\u00f6tietolain mukaisesti. K\u00e4ytt\u00e4m\u00e4ll\u00e4 palveluita k\u00e4ytt\u00e4j\u00e4 hyv\u00e4ksyy, ett\u00e4 yritys voi tarvittasessa l\u00e4hett\u00e4\u00e4 s\u00e4hk\u00f6postin v\u00e4lityksell\u00e4 my\u00f6s suoramarkkinointi-, suoramainonta-, mielipide-, markkinointitutkimusmateriaalia ja\/tai muihin n\u00e4ihin rinnastettaviin osoitteellisiin l\u00e4hetyksiin.<\/p>\n\n\n\n<h5 class=\"wp-block-heading\">Ker\u00e4tt\u00e4v\u00e4t tiedot<\/h5>\n\n\n\n<p>K\u00e4ytt\u00e4j\u00e4n\u00e4 sinusta voidaan ker\u00e4t\u00e4 alla olevia tietoja:<\/p>\n\n\n\n<ul class=\"wp-block-list\"><li>Etunimi<\/li><li>Sukunimi<\/li><li>S\u00e4hk\u00f6postiosoite<\/li><li>Yritysasiakkaan henkil\u00f6- ja\/tai yritystiedot (y-tunnus, s\u00e4hk\u00f6postiosoite, postiosoite, postitoimipaikka ja -numero)<\/li><li>Rekister\u00f6itymistiedot: k\u00e4ytt\u00e4j\u00e4tunnus ja salasana<\/li><li>Asiakassuhteen yll\u00e4pitoa koskevat tiedot; laskutus- ja maksutiedot, tilaustiedot, myyj\u00e4- ja kumppanitiedot, asiakaspalautteet, yhteydenotot, arvonta- ja kilpailuvastaukset, peruutustiedot<\/li><li>Sivuston k\u00e4ytt\u00e4j\u00e4n yritykselle l\u00e4hett\u00e4m\u00e4t s\u00e4hk\u00f6postiviestit<\/li><li>Sivuston k\u00e4ytt\u00e4j\u00e4n luvat ja suostumukset<\/li><li>K\u00e4ytt\u00e4j\u00e4n k\u00e4ytt\u00f6tiedot, kuten esimerkiksi linkkien klikkaaminen, sivut tai postaukset joilla vierailet, toimintojen ajankohta.<\/li><\/ul>\n\n\n\n<p>S\u00e4hk\u00f6postilistalle liittynyt k\u00e4ytt\u00e4j\u00e4 voi milloin tahansa poistaa tietonsa rekisterist\u00e4 kussakin kirjeess\u00e4&nbsp;olevan linkin kautta.<\/p>\n\n\n\n<p>Jos k\u00e4ytt\u00e4j\u00e4 on mukana useammalla s\u00e4hk\u00f6postilistalla, saattaa yritys silti l\u00e4hett\u00e4\u00e4 viestej\u00e4 ja materiaaleja, vaikka k\u00e4ytt\u00e4j\u00e4 olisi mielest\u00e4\u00e4n poistunut s\u00e4hk\u00f6postilistalta kerran. Halutessasi poistua kaikilta listoilta samanaikaisesti, ota yhteytt\u00e4 s\u00e4hk\u00f6postitse osoitteeseen riikka (at) riikkapontynen.com.<\/p>\n\n\n\n<h5 class=\"wp-block-heading\">Maksuliikenteen tiedot<\/h5>\n\n\n\n<p>Maksut vastaanotetaan Holvi-kaupassa tai WooCommerce-verkkokaupassa. Joissakin tapauksissa maksujen v\u00e4litys toteutetaan laskulla. Asiakkaan verkkopankkimaksamisen tai luottokortin tiedot eiv\u00e4t tallennu yrityksen j\u00e4rjestelmiin vaan j\u00e4\u00e4v\u00e4t maksujenv\u00e4lityksest\u00e4 vastaavan (Holvi, Visma Pay) yrityksen tietoihin. <\/p>\n\n\n\n<h5 class=\"wp-block-heading\">Henkil\u00f6tietojen s\u00e4ilytysajat<\/h5>\n\n\n\n<p>Asiakasrekisteri\u00e4 voidaan tarkastella puolivuosittain. K\u00e4ytt\u00e4j\u00e4n tiedot tuhotaan, kun se ei ole en\u00e4\u00e4 tarpeellinen k\u00e4ytt\u00f6tarkoitusta varten. Henkil\u00f6tietoja s\u00e4ilytet\u00e4\u00e4n korkeintaan 12 kuukautta sen j\u00e4lkeen, kun k\u00e4ytt\u00e4j\u00e4 on avannut viimeisen s\u00e4hk\u00f6postin tai markkinointikirjeen tai ottanut yhteytt\u00e4 yritykseen.<\/p>\n\n\n\n<h5 class=\"wp-block-heading\">Henkil\u00f6tietojen luovuttaminen<\/h5>\n\n\n\n<p>Rekistereihin ker\u00e4ttyj\u00e4 tietoja ei luovuteta yrityksen ulkopuolelle markkinointi,- myynti-, mielipide- tai markkinatutkimustarkoituksiin.&nbsp;Henkil\u00f6tietoja voidaan kuitenkin luovuttaa Suomen lakien mukaisesti viranomaisille niin pyydett\u00e4ess\u00e4. Rekisteri on tallennettu tietoj\u00e4rjestelm\u00e4\u00e4n ja se on suojattu ja sijoitettu siten, ettei asiaankuulumattomilla tahoilla ole p\u00e4\u00e4sy\u00e4 rekisteritietoihin.<\/p>\n\n\n\n<h5 class=\"wp-block-heading\">Tietojen luovuttaminen ja tietojen siirto EU:n tai Euroopan talousalueen ulkopuolelle<\/h5>\n\n\n\n<p>S\u00e4hk\u00f6postilistalla olevien k\u00e4ytt\u00e4jien tietoja (etunimi, sukunimi ja s\u00e4hk\u00f6postiosoite) siirret\u00e4\u00e4n EU:n tai Euroopan talousalueen ulkopuolella oleville ohjelmistoille:<\/p>\n\n\n\n<ul class=\"wp-block-list\"><li>Mailchimp -s\u00e4hk\u00f6postiohjelma<\/li><\/ul>\n\n\n\n<h5 class=\"wp-block-heading\">Tietol\u00e4hteet<\/h5>\n\n\n\n<p>Henkil\u00f6tiedot saadaan, kun k\u00e4ytt\u00e4j\u00e4 tilaa viikkokirjeen, lataa jonkin maksuttoman oppaan, p\u00e4ivitt\u00e4\u00e4 omia tietojaan, ostaa verkkosivujen kautta jonkin yrityksen tuotteen, liittyy ilmaisiin haasteisiin, workshoppeihin, kilpailuihin tai arvontoihin. Tietoja saadaan my\u00f6s ev\u00e4steiden tai muiden vastaavien tekniikoiden avulla.<\/p>\n\n\n\n<h5 class=\"wp-block-heading\">Suojaus<\/h5>\n\n\n\n<p>Rekisteriin sis\u00e4\u00e4np\u00e4\u00e4sy edellytt\u00e4\u00e4 k\u00e4ytt\u00e4j\u00e4tunnuksen ja salasanan sy\u00f6tt\u00e4mist\u00e4. J\u00e4rjestelm\u00e4\u00e4n tallennettuihin rekisterin sis\u00e4lt\u00e4miin tietoihin p\u00e4\u00e4sev\u00e4t ja niit\u00e4 ovat oikeutettu k\u00e4ytt\u00e4m\u00e4\u00e4n vain ennalta m\u00e4\u00e4r\u00e4tyt yrityksen ty\u00f6ntekij\u00e4t ja\/tai yhteisty\u00f6kumppanit. Rekisteriin sis\u00e4\u00e4np\u00e4\u00e4syn mahdollistava k\u00e4ytt\u00e4j\u00e4tunnus ja salasana vaihdetaan nelj\u00e4 kertaa vuodessa.<\/p>\n\n\n\n<h5 class=\"wp-block-heading\">Tarkastus- ja oikaisuoikeus (Henkil\u00f6tietolaki 26\u00a7)<\/h5>\n\n\n\n<p>Rekisteriss\u00e4 olevalla k\u00e4ytt\u00e4j\u00e4ll\u00e4 on henkil\u00f6tietolain 26\u00a7 mukaisesti oikeus tarkistaa, mit\u00e4 h\u00e4nt\u00e4 koskevia tietoja rekisteriin on tallennettu. Tarkastuspyynt\u00f6 tulee l\u00e4hett\u00e4\u00e4 kirjallisesti ja allekirjoitettuna osoitteella Riikka P\u00f6ntynen, Fengshui Akatemia, Pohjantie 57, 70940 J\u00e4nnevirta. Tarkastuspyynn\u00f6n toteuttamisessa suositellaan k\u00e4ytett\u00e4v\u00e4n tietosuojavaltuutetun laatimaa lomaketta.<\/p>\n\n\n\n<p>Tarkastuspyynn\u00f6ss\u00e4 tulee olla maininta, ett\u00e4 pyynt\u00f6 koskee Fengshui Akatemia -asiakasrekisterin rekisteritietoja. Jos tiedoissa on virheit\u00e4, voi k\u00e4ytt\u00e4j\u00e4 esitt\u00e4\u00e4 rekisterin yhteyshenkil\u00f6lle virheen korjaamista koskevan pyynn\u00f6n. Oikaisupyynt\u00f6 tulee aina tehd\u00e4 kirjallisesti. Pyynn\u00f6ss\u00e4 tulee perustella ja yksil\u00f6id\u00e4 tarkasti, mit\u00e4 tietoa vaaditaan korjattavaksi, mik\u00e4 k\u00e4ytt\u00e4j\u00e4n mielest\u00e4 on oikea tieto ja kuinka korjaus pyydet\u00e4\u00e4n tekem\u00e4\u00e4n.<\/p>\n\n\n\n<p>Yritys&nbsp;ei tarkista k\u00e4ytt\u00e4j\u00e4n antamien henkil\u00f6tietojen oikeellisuutta. K\u00e4ytt\u00e4j\u00e4 voi muuttaa, t\u00e4ydent\u00e4\u00e4 ja poistaa tietojaan&nbsp;jokaisen viikkokirjeen lopussa olevien linkkien kautta tai kirjautumalla k\u00e4ytt\u00e4m\u00e4\u00e4ns\u00e4 palveluun, kuten verkkokurssille.&nbsp;Palvelun k\u00e4ytt\u00f6\u00e4 koskevat tiedot eiv\u00e4t ole k\u00e4ytt\u00e4jien k\u00e4ytett\u00e4viss\u00e4.<\/p>\n\n\n\n<h5 class=\"wp-block-heading\">Rikkomuksista ilmoittaminen<\/h5>\n\n\n\n<p>Koska mik\u00e4\u00e4n internetin tiedonsiirtomenetelm\u00e4 tai s\u00e4hk\u00f6inen tallennusmuoto ei ole t\u00e4ysin turvallinen, ei yritys ei voi taata t\u00e4ytt\u00e4 turvallisuutta. Jos yrityksen tietoon tulee tietoturvarikkomus, ilmoittaa se asianosaisille k\u00e4ytt\u00e4jille, jotta he voivat tehd\u00e4 tarvittavat toimenpiteet. Yritys sitoutuu ilmoittamaan asiakkailleen kaikista heid\u00e4n tilins\u00e4 turvallisuutta koskevista asioista ja tarjoamaan heille tarvittavat tiedot, jotta he voisivat t\u00e4ytt\u00e4\u00e4 omat lakis\u00e4\u00e4teiset ilmoitusvelvollisuutensa.<\/p>\n\n\n\n<h5 class=\"wp-block-heading\">K\u00e4ytt\u00e4j\u00e4n velvollisuudet<\/h5>\n\n\n\n<p>K\u00e4ytt\u00e4j\u00e4n tietojen turvassa pysyminen edellytt\u00e4\u00e4 huolellisuutta my\u00f6s itse k\u00e4ytt\u00e4j\u00e4lt\u00e4. K\u00e4ytt\u00e4j\u00e4 varmistaa omien tiliens\u00e4 tietoturvan k\u00e4ytt\u00e4m\u00e4ll\u00e4 riitt\u00e4v\u00e4n monimutkaisia salasanoja, vaihtamalla ne s\u00e4\u00e4nn\u00f6llisesti ja s\u00e4ilytt\u00e4m\u00e4ll\u00e4 niit\u00e4 asianmukaisesti. K\u00e4ytt\u00e4j\u00e4n on my\u00f6s itse varmistettava omien laitteidensa turvallisuus.<\/p>\n\n\n\n<h5 class=\"wp-block-heading\">Alaik\u00e4isten turvallisuus<\/h5>\n\n\n\n<p>Yrityksen maksulliset palvelut eiv\u00e4t ole tarkoitettu alaik\u00e4isille eli alle 18-vuotiaalle henkil\u00f6lle. Alaik\u00e4isell\u00e4 on kuitenkin lupa k\u00e4ytt\u00e4\u00e4 maksullisia palveluja, mik\u00e4li h\u00e4nen vanhempansa hyv\u00e4ksyv\u00e4t palvelun k\u00e4yt\u00f6n ja maksavat palvelun alaik\u00e4isen puolesta. Yritys ei tietoisesti ker\u00e4\u00e4 alaik\u00e4isen henkil\u00f6tietoja.<\/p>\n\n\n\n<h5 class=\"wp-block-heading\">K\u00e4ytt\u00e4j\u00e4n oikeudet<\/h5>\n\n\n\n<p>Sivustojen k\u00e4ytt\u00e4j\u00e4ll\u00e4 on seuraavat oikeudet:<\/p>\n\n\n\n<ul class=\"wp-block-list\"><li>Saada tietoa itse\u00e4\u00e4n koskevista henkil\u00f6tiedoista<\/li><li>Rajoittaa itse\u00e4\u00e4n koskevien tietojen k\u00e4sittelya\u00e4 yrityksess\u00e4<\/li><li>Korjata itse\u00e4\u00e4n koskevia, virheelliseksi katsomiaan tietoja<\/li><li>Oikeus tulla unohdetuksi<\/li><li>Oikeus peruuttaa aiemmin annettu suostumus tietojensa k\u00e4sittely\u00e4 koskien<\/li><li>Tietojen siirto-oikeus<\/li><\/ul>\n\n\n\n<p>K\u00e4ytt\u00e4j\u00e4ll\u00e4 on oikeus kielt\u00e4\u00e4 rekisterin yll\u00e4pit\u00e4j\u00e4\u00e4 k\u00e4sittelem\u00e4st\u00e4 h\u00e4nt\u00e4 kokevia tietoja suoramainontaa, et\u00e4myynti\u00e4 tai muuta suoramarkkinointia sek\u00e4 markkina- ja mielipidetutkimusta varten.<\/p>\n\n\n\n<h5 class=\"wp-block-heading\">Linkit kolmansien osapuolien&nbsp;verkkosivuille<\/h5>\n\n\n\n<p>E-kirjat, verkkovalmennukset, maksuttomat oppaat, blogipostaukset sek\u00e4 viikkokirjeet voivat sis\u00e4lt\u00e4\u00e4 linkkej\u00e4 kolmansien osapuolten verkkosivustoille. Linkitetyt verkkosivustot eiv\u00e4t ole yrityksen&nbsp;hallinnassa, eik\u00e4 se&nbsp;vastaa kolmansien osapuolten verkkosivustojen sis\u00e4ll\u00f6st\u00e4 tai verkkosivustojen sis\u00e4lt\u00e4mist\u00e4 linkeist\u00e4. Jos k\u00e4ytt\u00e4j\u00e4 siirtyy linkitetylle verkkosivustolle, tulee h\u00e4nen itsens\u00e4 tutustua kyseisen verkkosivuston yksityisyydensuojaperiaatteisiin, ev\u00e4steiden ker\u00e4\u00e4miseen ja muihin sovellettaviin k\u00e4ytt\u00f6ehtoihin ennen palvelun tai sivuston k\u00e4ytt\u00e4mist\u00e4.<\/p>\n\n\n\n<h5 class=\"wp-block-heading\">Tietosuojan ja rekisteriselosteen muuttaminen<\/h5>\n\n\n\n<p>Tietosuoja ja rekisteriseloste tarkistetaan ja tarpeen vaatiessa p\u00e4ivitet\u00e4\u00e4n kaksi kertaa vuodessa. Mahdollisista muutoksista tiedotetaan p\u00e4ivityksen yhteydess\u00e4. K\u00e4ytt\u00e4m\u00e4ll\u00e4 sivustoja hyv\u00e4ksyt automaattisesti uuden tietosuojan ja rekisteriselosteen. Mik\u00e4li et hyv\u00e4ksy niit\u00e4, tulee sinun tulee lopettaa sivustojen k\u00e4ytt\u00f6 v\u00e4litt\u00f6m\u00e4sti.<\/p>\n\n\n\n<h5 class=\"wp-block-heading\">Muut mahdolliset oikeudet<\/h5>\n\n\n\n<p>K\u00e4ytt\u00e4j\u00e4ll\u00e4 on oikeus tehd\u00e4 valitus, mik\u00e4li olet tyytym\u00e4t\u00f6n yritykselle l\u00e4hett\u00e4m\u00e4si valituksen k\u00e4sittelyyn. Valitus tehd\u00e4\u00e4n valvontaviranomaiselle: http:\/\/www.tietosuoja.fi\/fi\/index\/yhteystiedot.html, tietosuoja@om.fi<\/p>\n\n\n\n<h5 class=\"wp-block-heading\">Lis\u00e4tietoja<\/h5>\n\n\n\n<p>Rekisteriin liittyviss\u00e4 kysymyksiss\u00e4 voit olla yhteydess\u00e4 s\u00e4hk\u00f6postilla riikka (at) riikkapontynen.com.<\/p>\n\n\n\n<p>Rekisteriseloste ja tietosuoja p\u00e4ivitetty 1.3.2021<\/p>\n\n\n\n<div style=\"height:57px\" aria-hidden=\"true\" class=\"wp-block-spacer\"><\/div>\n\n\n\n<h3 class=\"wp-block-heading\"><\/h3>\n\n\n\n<h3 class=\"wp-block-heading\"><\/h3>\n\n\n\n<h3 class=\"wp-block-heading\"><\/h3>\n\n\n\n<h3 class=\"wp-block-heading\"><\/h3>\n\n\n\n<h3 class=\"wp-block-heading\"><\/h3>\n","protected":false},"excerpt":{"rendered":"<p>Rekisterin yll\u00e4pit\u00e4j\u00e4 Fengshui Akatemia Y-tunnus 2565364-9 Pohjantie 169, 70940 J\u00e4nnevirta Rekisterin yhteyshenkil\u00f6 Riikka P\u00f6ntynen Rekisterin nimi ja yll\u00e4pidon peruste Henkil\u00f6tietolain \u00a719 mukainen asiakasrekisteri Sisustajan viikkokirje (s\u00e4hk\u00f6postilista) Fengshui Akatemian uutiskirje (s\u00e4hk\u00f6postilista) Tavoitteena onnellisempi el\u00e4m\u00e4 -viikkokirje (s\u00e4hk\u00f6postilista) Rekisteriin liittyv\u00e4t sivustot www.riikkapontynen.com, https:\/\/www.riikkapontynen.com\/Fengshuisisustuskurssi, www.fengshuiakatemia.fi Lis\u00e4tiedot Fengshui Akatemia (j\u00e4ljemp\u00e4n\u00e4 yritys) viittaa t\u00e4ss\u00e4 rekisteriselosteessa ja [&hellip;]<\/p>\n","protected":false},"author":1,"featured_media":0,"parent":0,"menu_order":0,"comment_status":"closed","ping_status":"open","template":"","meta":{"nf_dc_page":"","footnotes":""},"class_list":["post-3","page","type-page","status-publish","hentry"],"jetpack_sharing_enabled":true,"_links":{"self":[{"href":"https:\/\/riikkapontynen.com\/Fengshuisisustuskurssi\/wp-json\/wp\/v2\/pages\/3","targetHints":{"allow":["GET"]}}],"collection":[{"href":"https:\/\/riikkapontynen.com\/Fengshuisisustuskurssi\/wp-json\/wp\/v2\/pages"}],"about":[{"href":"https:\/\/riikkapontynen.com\/Fengshuisisustuskurssi\/wp-json\/wp\/v2\/types\/page"}],"author":[{"embeddable":true,"href":"https:\/\/riikkapontynen.com\/Fengshuisisustuskurssi\/wp-json\/wp\/v2\/users\/1"}],"replies":[{"embeddable":true,"href":"https:\/\/riikkapontynen.com\/Fengshuisisustuskurssi\/wp-json\/wp\/v2\/comments?post=3"}],"version-history":[{"count":5,"href":"https:\/\/riikkapontynen.com\/Fengshuisisustuskurssi\/wp-json\/wp\/v2\/pages\/3\/revisions"}],"predecessor-version":[{"id":5319,"href":"https:\/\/riikkapontynen.com\/Fengshuisisustuskurssi\/wp-json\/wp\/v2\/pages\/3\/revisions\/5319"}],"wp:attachment":[{"href":"https:\/\/riikkapontynen.com\/Fengshuisisustuskurssi\/wp-json\/wp\/v2\/media?parent=3"}],"curies":[{"name":"wp","href":"https:\/\/api.w.org\/{rel}","templated":true}]}}