{"id":1104,"date":"2021-02-28T11:32:57","date_gmt":"2021-02-28T09:32:57","guid":{"rendered":"http:\/\/riikkapontynen.com\/Fengshuisisustuskurssi\/membership-login\/"},"modified":"2021-03-27T08:21:01","modified_gmt":"2021-03-27T06:21:01","slug":"membership-login","status":"publish","type":"page","link":"https:\/\/riikkapontynen.com\/Fengshuisisustuskurssi\/membership-login\/","title":{"rendered":"Kirjaudu sis\u00e4\u00e4n"},"content":{"rendered":"\n<div style=\"height:44px\" aria-hidden=\"true\" class=\"wp-block-spacer\"><\/div>\n\n\n<p style=\"text-align: center;\"><div class=\"swpm-login-widget-form\">\n    <form id=\"swpm-login-form\" name=\"swpm-login-form\" method=\"post\" action=\"\">\n        <input type=\"hidden\" name=\"swpm_login_origination_flag\" value=\"1\" \/>\n        <div class=\"swpm-login-form-inner\">\n            <div class=\"swpm-username-label\">\n                <label for=\"swpm_user_name\" class=\"swpm-label\">K\u00e4ytt\u00e4j\u00e4tunnus tai s\u00e4hk\u00f6posti<\/label>\n            <\/div>\n            <div class=\"swpm-username-input\">\n                <input type=\"text\" class=\"swpm-text-field swpm-username-field\" id=\"swpm_user_name\" value=\"\" size=\"25\" name=\"swpm_user_name\" \/>\n            <\/div>\n            <div class=\"swpm-password-label\">\n                <label for=\"swpm_password\" class=\"swpm-label\">Salasana<\/label>\n            <\/div>\n            <div class=\"swpm-password-input\">                \n                <input type=\"password\" class=\"swpm-text-field swpm-password-field\" id=\"swpm_password\" value=\"\" size=\"25\" name=\"swpm_password\" \/>                \n            <\/div>\n                        <div class=\"swpm-remember-me\">\n                <span class=\"swpm-remember-checkbox\"><input type=\"checkbox\" name=\"rememberme\" id=\"swpm-rememberme\"><\/span>\n                <label for=\"swpm-rememberme\" class=\"swpm-rememberme-label\">\n                    <span class=\"swpm-rember-label\"> Muista minut<\/span>\n                <\/label>\n            <\/div>\n\n            <div class=\"swpm-before-login-submit-section\"><\/div>\n\n            <div class=\"swpm-login-submit\">\n                <input type=\"submit\" class=\"swpm-login-form-submit\" name=\"swpm-login\" value=\"Log In\"\/>\n            <\/div>\n            <div class=\"swpm-forgot-pass-link\">\n                <a id=\"forgot_pass\" class=\"swpm-login-form-pw-reset-link\"  href=\"http:\/\/riikkapontynen.com\/Fengshuisisustuskurssi\/membership-login\/password-reset\/\">Forgot Password?<\/a>\n            <\/div>\n                        <div class=\"swpm-join-us-link\">\n                <a id=\"register\" class=\"swpm-login-form-register-link\" href=\"http:\/\/riikkapontynen.com\/Fengshuisisustuskurssi\/membership-join\/\">Luo tunnukset t\u00e4\u00e4ll\u00e4<\/a>\n            <\/div>\n                        <div class=\"swpm-login-action-msg\">\n                <span class=\"swpm-login-widget-action-msg\"><\/span>\n            <\/div>\n        <\/div>\n    <\/form>\n\n    <\/div>\n<\/p>\n\n\n<div style=\"height:44px\" aria-hidden=\"true\" class=\"wp-block-spacer\"><\/div>\n\n\n\n<p><\/p>\n","protected":false},"excerpt":{"rendered":"","protected":false},"author":1,"featured_media":0,"parent":0,"menu_order":0,"comment_status":"closed","ping_status":"closed","template":"page-templates\/template-fullwidth.php","meta":{"nf_dc_page":"","footnotes":""},"class_list":["post-1104","page","type-page","status-publish","hentry"],"jetpack_sharing_enabled":true,"_links":{"self":[{"href":"https:\/\/riikkapontynen.com\/Fengshuisisustuskurssi\/wp-json\/wp\/v2\/pages\/1104","targetHints":{"allow":["GET"]}}],"collection":[{"href":"https:\/\/riikkapontynen.com\/Fengshuisisustuskurssi\/wp-json\/wp\/v2\/pages"}],"about":[{"href":"https:\/\/riikkapontynen.com\/Fengshuisisustuskurssi\/wp-json\/wp\/v2\/types\/page"}],"author":[{"embeddable":true,"href":"https:\/\/riikkapontynen.com\/Fengshuisisustuskurssi\/wp-json\/wp\/v2\/users\/1"}],"replies":[{"embeddable":true,"href":"https:\/\/riikkapontynen.com\/Fengshuisisustuskurssi\/wp-json\/wp\/v2\/comments?post=1104"}],"version-history":[{"count":2,"href":"https:\/\/riikkapontynen.com\/Fengshuisisustuskurssi\/wp-json\/wp\/v2\/pages\/1104\/revisions"}],"predecessor-version":[{"id":1396,"href":"https:\/\/riikkapontynen.com\/Fengshuisisustuskurssi\/wp-json\/wp\/v2\/pages\/1104\/revisions\/1396"}],"wp:attachment":[{"href":"https:\/\/riikkapontynen.com\/Fengshuisisustuskurssi\/wp-json\/wp\/v2\/media?parent=1104"}],"curies":[{"name":"wp","href":"https:\/\/api.w.org\/{rel}","templated":true}]}}