{"id":1101,"date":"2021-02-28T11:32:56","date_gmt":"2021-02-28T11:32:56","guid":{"rendered":"http:\/\/riikkapontynen.com\/Fengshuisisustuskurssi\/membership-join\/"},"modified":"2021-03-26T19:47:52","modified_gmt":"2021-03-26T17:47:52","slug":"membership-join","status":"publish","type":"page","link":"https:\/\/riikkapontynen.com\/Fengshuisisustuskurssi\/membership-join\/","title":{"rendered":"Liity kursseille t\u00e4st\u00e4"},"content":{"rendered":"\t\t<div data-elementor-type=\"wp-page\" data-elementor-id=\"1101\" class=\"elementor elementor-1101\">\n\t\t\t\t\t\t<section class=\"elementor-section elementor-top-section elementor-element elementor-element-df13dfe elementor-section-boxed elementor-section-height-default elementor-section-height-default\" data-id=\"df13dfe\" data-element_type=\"section\" data-e-type=\"section\">\n\t\t\t\t\t\t<div class=\"elementor-container elementor-column-gap-default\">\n\t\t\t\t\t<div class=\"elementor-column elementor-col-100 elementor-top-column elementor-element elementor-element-1717a82\" data-id=\"1717a82\" data-element_type=\"column\" data-e-type=\"column\">\n\t\t\t<div class=\"elementor-widget-wrap elementor-element-populated\">\n\t\t\t\t\t\t<div class=\"elementor-element elementor-element-bff97bb elementor-widget elementor-widget-spacer\" data-id=\"bff97bb\" data-element_type=\"widget\" data-e-type=\"widget\" data-widget_type=\"spacer.default\">\n\t\t\t\t<div class=\"elementor-widget-container\">\n\t\t\t\t\t\t\t<div class=\"elementor-spacer\">\n\t\t\t<div class=\"elementor-spacer-inner\"><\/div>\n\t\t<\/div>\n\t\t\t\t\t\t<\/div>\n\t\t\t\t<\/div>\n\t\t\t\t<div class=\"elementor-element elementor-element-bb62e3e elementor-widget elementor-widget-heading\" data-id=\"bb62e3e\" data-element_type=\"widget\" data-e-type=\"widget\" data-widget_type=\"heading.default\">\n\t\t\t\t<div class=\"elementor-widget-container\">\n\t\t\t\t\t<h4 class=\"elementor-heading-title elementor-size-default\">T\u00e4st\u00e4 n\u00e4et meneill\u00e4\u00e4n olevat ja pian alkavat kurssit ja koulutukset, joihin voit ilmoittautua:<\/h4>\t\t\t\t<\/div>\n\t\t\t\t<\/div>\n\t\t\t\t<div class=\"elementor-element elementor-element-a153db8 elementor-widget elementor-widget-spacer\" data-id=\"a153db8\" data-element_type=\"widget\" data-e-type=\"widget\" data-widget_type=\"spacer.default\">\n\t\t\t\t<div class=\"elementor-widget-container\">\n\t\t\t\t\t\t\t<div class=\"elementor-spacer\">\n\t\t\t<div class=\"elementor-spacer-inner\"><\/div>\n\t\t<\/div>\n\t\t\t\t\t\t<\/div>\n\t\t\t\t<\/div>\n\t\t\t\t\t<\/div>\n\t\t<\/div>\n\t\t\t\t\t<\/div>\n\t\t<\/section>\n\t\t\t\t<section class=\"elementor-section elementor-top-section elementor-element elementor-element-31c8ac3 elementor-section-boxed elementor-section-height-default elementor-section-height-default\" data-id=\"31c8ac3\" data-element_type=\"section\" data-e-type=\"section\">\n\t\t\t\t\t\t<div class=\"elementor-container elementor-column-gap-default\">\n\t\t\t\t\t<div class=\"elementor-column elementor-col-100 elementor-top-column elementor-element elementor-element-1596dd7\" data-id=\"1596dd7\" data-element_type=\"column\" data-e-type=\"column\">\n\t\t\t<div class=\"elementor-widget-wrap elementor-element-populated\">\n\t\t\t\t\t\t<div class=\"elementor-element elementor-element-7594d6a elementor-widget elementor-widget-woocommerce-products\" data-id=\"7594d6a\" data-element_type=\"widget\" data-e-type=\"widget\" data-widget_type=\"woocommerce-products.default\">\n\t\t\t\t<div class=\"elementor-widget-container\">\n\t\t\t\t\t \t\t\t\t<\/div>\n\t\t\t\t<\/div>\n\t\t\t\t\t<\/div>\n\t\t<\/div>\n\t\t\t\t\t<\/div>\n\t\t<\/section>\n\t\t\t\t<section class=\"elementor-section elementor-top-section elementor-element elementor-element-72f5168 elementor-section-boxed elementor-section-height-default elementor-section-height-default\" data-id=\"72f5168\" data-element_type=\"section\" data-e-type=\"section\">\n\t\t\t\t\t\t<div class=\"elementor-container elementor-column-gap-default\">\n\t\t\t\t\t<div class=\"elementor-column elementor-col-100 elementor-top-column elementor-element elementor-element-b9f49e8\" data-id=\"b9f49e8\" data-element_type=\"column\" data-e-type=\"column\">\n\t\t\t<div class=\"elementor-widget-wrap elementor-element-populated\">\n\t\t\t\t\t\t<div class=\"elementor-element elementor-element-66d2555 elementor-widget elementor-widget-spacer\" data-id=\"66d2555\" data-element_type=\"widget\" data-e-type=\"widget\" data-widget_type=\"spacer.default\">\n\t\t\t\t<div class=\"elementor-widget-container\">\n\t\t\t\t\t\t\t<div class=\"elementor-spacer\">\n\t\t\t<div class=\"elementor-spacer-inner\"><\/div>\n\t\t<\/div>\n\t\t\t\t\t\t<\/div>\n\t\t\t\t<\/div>\n\t\t\t\t\t<\/div>\n\t\t<\/div>\n\t\t\t\t\t<\/div>\n\t\t<\/section>\n\t\t\t\t<section class=\"elementor-section elementor-top-section elementor-element elementor-element-69afe36 elementor-section-boxed elementor-section-height-default elementor-section-height-default\" data-id=\"69afe36\" data-element_type=\"section\" data-e-type=\"section\">\n\t\t\t\t\t\t<div class=\"elementor-container elementor-column-gap-default\">\n\t\t\t\t\t<div class=\"elementor-column elementor-col-100 elementor-top-column elementor-element elementor-element-525bd6b\" data-id=\"525bd6b\" data-element_type=\"column\" data-e-type=\"column\">\n\t\t\t<div class=\"elementor-widget-wrap elementor-element-populated\">\n\t\t\t\t\t\t<div class=\"elementor-element elementor-element-7db8bc8 elementor-widget elementor-widget-text-editor\" data-id=\"7db8bc8\" data-element_type=\"widget\" data-e-type=\"widget\" data-widget_type=\"text-editor.default\">\n\t\t\t\t<div class=\"elementor-widget-container\">\n\t\t\t\t\t\t\t\t\t<p>Maksettuasi osallistumismaksun saat s\u00e4hk\u00f6postiisi yksil\u00f6llisen linkin, josta p\u00e4\u00e4set kirjautumaan kurssille tai koulutukseen.\u00a0<\/p><p>Jos s\u00e4hk\u00f6postia ei l\u00f6ydy niin tarkastathan my\u00f6s roskaposti- ja muut kansiot.\u00a0<\/p>\t\t\t\t\t\t\t\t<\/div>\n\t\t\t\t<\/div>\n\t\t\t\t<div class=\"elementor-element elementor-element-bccb600 elementor-widget elementor-widget-spacer\" data-id=\"bccb600\" data-element_type=\"widget\" data-e-type=\"widget\" data-widget_type=\"spacer.default\">\n\t\t\t\t<div class=\"elementor-widget-container\">\n\t\t\t\t\t\t\t<div class=\"elementor-spacer\">\n\t\t\t<div class=\"elementor-spacer-inner\"><\/div>\n\t\t<\/div>\n\t\t\t\t\t\t<\/div>\n\t\t\t\t<\/div>\n\t\t\t\t\t<\/div>\n\t\t<\/div>\n\t\t\t\t\t<\/div>\n\t\t<\/section>\n\t\t\t\t<\/div>\n\t\t","protected":false},"excerpt":{"rendered":"<p>T\u00e4st\u00e4 n\u00e4et meneill\u00e4\u00e4n olevat ja pian alkavat kurssit ja koulutukset, joihin voit ilmoittautua: Maksettuasi osallistumismaksun saat s\u00e4hk\u00f6postiisi yksil\u00f6llisen linkin, josta p\u00e4\u00e4set kirjautumaan kurssille tai koulutukseen.\u00a0 Jos s\u00e4hk\u00f6postia ei l\u00f6ydy niin tarkastathan my\u00f6s roskaposti- ja muut kansiot.\u00a0<\/p>\n","protected":false},"author":1,"featured_media":0,"parent":0,"menu_order":0,"comment_status":"closed","ping_status":"closed","template":"page-templates\/template-fullwidth.php","meta":{"nf_dc_page":"","footnotes":""},"class_list":["post-1101","page","type-page","status-publish","hentry"],"jetpack_sharing_enabled":true,"_links":{"self":[{"href":"https:\/\/riikkapontynen.com\/Fengshuisisustuskurssi\/wp-json\/wp\/v2\/pages\/1101","targetHints":{"allow":["GET"]}}],"collection":[{"href":"https:\/\/riikkapontynen.com\/Fengshuisisustuskurssi\/wp-json\/wp\/v2\/pages"}],"about":[{"href":"https:\/\/riikkapontynen.com\/Fengshuisisustuskurssi\/wp-json\/wp\/v2\/types\/page"}],"author":[{"embeddable":true,"href":"https:\/\/riikkapontynen.com\/Fengshuisisustuskurssi\/wp-json\/wp\/v2\/users\/1"}],"replies":[{"embeddable":true,"href":"https:\/\/riikkapontynen.com\/Fengshuisisustuskurssi\/wp-json\/wp\/v2\/comments?post=1101"}],"version-history":[{"count":6,"href":"https:\/\/riikkapontynen.com\/Fengshuisisustuskurssi\/wp-json\/wp\/v2\/pages\/1101\/revisions"}],"predecessor-version":[{"id":1358,"href":"https:\/\/riikkapontynen.com\/Fengshuisisustuskurssi\/wp-json\/wp\/v2\/pages\/1101\/revisions\/1358"}],"wp:attachment":[{"href":"https:\/\/riikkapontynen.com\/Fengshuisisustuskurssi\/wp-json\/wp\/v2\/media?parent=1101"}],"curies":[{"name":"wp","href":"https:\/\/api.w.org\/{rel}","templated":true}]}}